{"id":14679,"date":"2025-02-17T11:16:47","date_gmt":"2025-02-17T08:16:47","guid":{"rendered":"https:\/\/ceoparts.com\/?post_type=product&#038;p=14679"},"modified":"2026-05-17T10:02:20","modified_gmt":"2026-05-17T07:02:20","slug":"bt-rt-sender-switch-basinc-sensoru-7503414","status":"publish","type":"product","link":"https:\/\/ceoparts.com\/fr\/urun\/bt-rt-sender-switch-basinc-sensoru-7503414\/","title":{"rendered":"BT RT Interrupteur \u00c9metteur \/ Capteur de Pression &#8211; 7503414"},"content":{"rendered":"<p>BT RT Interrupteur \u00c9metteur \/ Capteur de Pression &#8211; 7503414<\/p>","protected":false},"excerpt":{"rendered":"<p data-start=\"0\" data-end=\"308\"><br data-start=\"2370\" data-end=\"2373\" \/>Le <strong data-start=\"2376\" data-end=\"2421\">BT RT Sender Switch \/ capteur de pression<\/strong> est un capteur de haute qualit\u00e9 con\u00e7u pour mesurer et transmettre avec pr\u00e9cision et fiabilit\u00e9 la pression dans les syst\u00e8mes hydrauliques des chariots \u00e9l\u00e9vateurs. Sa construction durable assure une longue dur\u00e9e de vie et contribue \u00e0 un fonctionnement s\u00fbr.<\/p>\n<p data-start=\"2678\" data-end=\"3023\"><strong data-start=\"2678\" data-end=\"2700\">Caract\u00e9ristiques :<\/strong><br data-start=\"2700\" data-end=\"2703\" \/><strong data-start=\"2703\" data-end=\"2723\">Nom du produit :<\/strong> BT RT Sender Switch \/ capteur de pression<br data-start=\"2765\" data-end=\"2768\" \/><strong data-start=\"2768\" data-end=\"2783\">R\u00e9f\u00e9rence :<\/strong> 7503414<br data-start=\"2791\" data-end=\"2794\" \/><strong data-start=\"2794\" data-end=\"2808\">Mat\u00e9riau :<\/strong> Composants m\u00e9talliques et \u00e9lectroniques durables<br data-start=\"2857\" data-end=\"2860\" \/><strong data-start=\"2860\" data-end=\"2883\">Zone d\u2019utilisation:<\/strong> Syst\u00e8mes hydrauliques pour chariots BT<br data-start=\"2922\" data-end=\"2925\" \/><strong data-start=\"2925\" data-end=\"2938\">Avantage:<\/strong> Mesure pr\u00e9cise de la pression, transmission fiable du signal, construction durable<\/p>\n<p data-start=\"3025\" data-end=\"3332\">\n","protected":false},"featured_media":14712,"template":"","meta":[],"product_brand":[],"product_cat":[251,461,518],"product_tag":[],"class_list":{"0":"post-14679","1":"product","2":"type-product","3":"status-publish","4":"has-post-thumbnail","6":"product_cat-bt","7":"product_cat-hidrolik-sistemi","8":"product_cat-yedek-parca-bt","10":"first","11":"instock","12":"taxable","13":"shipping-taxable","14":"purchasable","15":"product-type-simple"},"_links":{"self":[{"href":"https:\/\/ceoparts.com\/fr\/wp-json\/wp\/v2\/product\/14679","targetHints":{"allow":["GET"]}}],"collection":[{"href":"https:\/\/ceoparts.com\/fr\/wp-json\/wp\/v2\/product"}],"about":[{"href":"https:\/\/ceoparts.com\/fr\/wp-json\/wp\/v2\/types\/product"}],"wp:featuredmedia":[{"embeddable":true,"href":"https:\/\/ceoparts.com\/fr\/wp-json\/wp\/v2\/media\/14712"}],"wp:attachment":[{"href":"https:\/\/ceoparts.com\/fr\/wp-json\/wp\/v2\/media?parent=14679"}],"wp:term":[{"taxonomy":"product_brand","embeddable":true,"href":"https:\/\/ceoparts.com\/fr\/wp-json\/wp\/v2\/product_brand?post=14679"},{"taxonomy":"product_cat","embeddable":true,"href":"https:\/\/ceoparts.com\/fr\/wp-json\/wp\/v2\/product_cat?post=14679"},{"taxonomy":"product_tag","embeddable":true,"href":"https:\/\/ceoparts.com\/fr\/wp-json\/wp\/v2\/product_tag?post=14679"}],"curies":[{"name":"wp","href":"https:\/\/api.w.org\/{rel}","templated":true}]}}