{"id":14684,"date":"2025-02-17T13:05:42","date_gmt":"2025-02-17T10:05:42","guid":{"rendered":"https:\/\/ceoparts.com\/?post_type=product&#038;p=14684"},"modified":"2026-05-17T11:54:48","modified_gmt":"2026-05-17T08:54:48","slug":"still-basinc-musuru","status":"publish","type":"product","link":"https:\/\/ceoparts.com\/fr\/urun\/still-basinc-musuru\/","title":{"rendered":"Interrupteur de pression statique"},"content":{"rendered":"<p>Interrupteur de pression statique<\/p>","protected":false},"excerpt":{"rendered":"<p data-start=\"0\" data-end=\"310\"><br data-start=\"2348\" data-end=\"2351\" \/>Le <strong data-start=\"2354\" data-end=\"2383\">capteur de pression Still<\/strong> est un capteur durable et pr\u00e9cis utilis\u00e9 pour mesurer et contr\u00f4ler la pression dans les syst\u00e8mes hydrauliques des chariots \u00e9l\u00e9vateurs. Sa construction de haute qualit\u00e9 fournit des donn\u00e9es de pression exactes et fiables, contribuant \u00e0 un fonctionnement s\u00fbr et efficace.<\/p>\n<p data-start=\"2654\" data-end=\"2975\"><strong data-start=\"2654\" data-end=\"2676\">Caract\u00e9ristiques :<\/strong><br data-start=\"2676\" data-end=\"2679\" \/><strong data-start=\"2679\" data-end=\"2699\">Nom du produit :<\/strong> Capteur de pression Still<br data-start=\"2725\" data-end=\"2728\" \/><strong data-start=\"2728\" data-end=\"2743\">R\u00e9f\u00e9rence :<\/strong> 0009655763<br data-start=\"2754\" data-end=\"2757\" \/><strong data-start=\"2757\" data-end=\"2771\">Mat\u00e9riau :<\/strong> Composants m\u00e9talliques et \u00e9lectroniques durables<br data-start=\"2820\" data-end=\"2823\" \/><strong data-start=\"2823\" data-end=\"2846\">Zone d\u2019utilisation:<\/strong> Syst\u00e8mes hydrauliques pour chariots Still<br data-start=\"2888\" data-end=\"2891\" \/><strong data-start=\"2891\" data-end=\"2904\">Avantage:<\/strong> Mesure de pression pr\u00e9cise, performance fiable, construction durable<\/p>\n<p data-start=\"2977\" data-end=\"3286\">\n","protected":false},"featured_media":14686,"template":"","meta":[],"product_brand":[],"product_cat":[241,461,524],"product_tag":[],"class_list":{"0":"post-14684","1":"product","2":"type-product","3":"status-publish","4":"has-post-thumbnail","6":"product_cat-still","7":"product_cat-hidrolik-sistemi","8":"product_cat-yedek-parca-still","10":"first","11":"instock","12":"taxable","13":"shipping-taxable","14":"purchasable","15":"product-type-simple"},"_links":{"self":[{"href":"https:\/\/ceoparts.com\/fr\/wp-json\/wp\/v2\/product\/14684","targetHints":{"allow":["GET"]}}],"collection":[{"href":"https:\/\/ceoparts.com\/fr\/wp-json\/wp\/v2\/product"}],"about":[{"href":"https:\/\/ceoparts.com\/fr\/wp-json\/wp\/v2\/types\/product"}],"wp:featuredmedia":[{"embeddable":true,"href":"https:\/\/ceoparts.com\/fr\/wp-json\/wp\/v2\/media\/14686"}],"wp:attachment":[{"href":"https:\/\/ceoparts.com\/fr\/wp-json\/wp\/v2\/media?parent=14684"}],"wp:term":[{"taxonomy":"product_brand","embeddable":true,"href":"https:\/\/ceoparts.com\/fr\/wp-json\/wp\/v2\/product_brand?post=14684"},{"taxonomy":"product_cat","embeddable":true,"href":"https:\/\/ceoparts.com\/fr\/wp-json\/wp\/v2\/product_cat?post=14684"},{"taxonomy":"product_tag","embeddable":true,"href":"https:\/\/ceoparts.com\/fr\/wp-json\/wp\/v2\/product_tag?post=14684"}],"curies":[{"name":"wp","href":"https:\/\/api.w.org\/{rel}","templated":true}]}}