{"id":14697,"date":"2025-02-17T14:44:54","date_gmt":"2025-02-17T11:44:54","guid":{"rendered":"https:\/\/ceoparts.com\/?post_type=product&#038;p=14697"},"modified":"2026-05-16T18:10:25","modified_gmt":"2026-05-16T15:10:25","slug":"still-rx2020-hidrolik-pompa-0534066","status":"publish","type":"product","link":"https:\/\/ceoparts.com\/fr\/urun\/still-rx2020-hidrolik-pompa-0534066\/","title":{"rendered":"Still Rx2020 Pompe hydraulique &#8211; 0534066"},"content":{"rendered":"<p>Still Rx2020 Pompe hydraulique &#8211; 0534066<\/p>","protected":false},"excerpt":{"rendered":"<p data-start=\"0\" data-end=\"301\"><br data-start=\"2317\" data-end=\"2320\" \/>La <strong data-start=\"2323\" data-end=\"2357\">pompe hydraulique Still Rx2020<\/strong> est un composant essentiel des syst\u00e8mes hydrauliques des chariots \u00e9l\u00e9vateurs, offrant haute performance et durabilit\u00e9. Fabriqu\u00e9e avec des mat\u00e9riaux de qualit\u00e9, elle assure un fonctionnement fluide et efficace des fonctions hydrauliques.<\/p>\n<p data-start=\"2596\" data-end=\"2913\"><strong data-start=\"2596\" data-end=\"2618\">Caract\u00e9ristiques :<\/strong><br data-start=\"2618\" data-end=\"2621\" \/><strong data-start=\"2621\" data-end=\"2641\">Nom du produit :<\/strong> Pompe hydraulique Still Rx2020<br data-start=\"2672\" data-end=\"2675\" \/><strong data-start=\"2675\" data-end=\"2690\">R\u00e9f\u00e9rence :<\/strong> 0534066<br data-start=\"2698\" data-end=\"2701\" \/><strong data-start=\"2701\" data-end=\"2715\">Mat\u00e9riau :<\/strong> Alliage m\u00e9tallique haute r\u00e9sistance<br data-start=\"2751\" data-end=\"2754\" \/><strong data-start=\"2754\" data-end=\"2777\">Zone d\u2019utilisation:<\/strong> Syst\u00e8mes hydrauliques pour chariots Still Rx2020<br data-start=\"2826\" data-end=\"2829\" \/><strong data-start=\"2829\" data-end=\"2842\">Avantage:<\/strong> Haute performance, construction durable, contr\u00f4le hydraulique fluide<\/p>\n<p data-start=\"2915\" data-end=\"3190\">\n","protected":false},"featured_media":14698,"template":"","meta":[],"product_brand":[],"product_cat":[241,461,524],"product_tag":[],"class_list":{"0":"post-14697","1":"product","2":"type-product","3":"status-publish","4":"has-post-thumbnail","6":"product_cat-still","7":"product_cat-hidrolik-sistemi","8":"product_cat-yedek-parca-still","10":"first","11":"instock","12":"taxable","13":"shipping-taxable","14":"purchasable","15":"product-type-simple"},"_links":{"self":[{"href":"https:\/\/ceoparts.com\/fr\/wp-json\/wp\/v2\/product\/14697","targetHints":{"allow":["GET"]}}],"collection":[{"href":"https:\/\/ceoparts.com\/fr\/wp-json\/wp\/v2\/product"}],"about":[{"href":"https:\/\/ceoparts.com\/fr\/wp-json\/wp\/v2\/types\/product"}],"wp:featuredmedia":[{"embeddable":true,"href":"https:\/\/ceoparts.com\/fr\/wp-json\/wp\/v2\/media\/14698"}],"wp:attachment":[{"href":"https:\/\/ceoparts.com\/fr\/wp-json\/wp\/v2\/media?parent=14697"}],"wp:term":[{"taxonomy":"product_brand","embeddable":true,"href":"https:\/\/ceoparts.com\/fr\/wp-json\/wp\/v2\/product_brand?post=14697"},{"taxonomy":"product_cat","embeddable":true,"href":"https:\/\/ceoparts.com\/fr\/wp-json\/wp\/v2\/product_cat?post=14697"},{"taxonomy":"product_tag","embeddable":true,"href":"https:\/\/ceoparts.com\/fr\/wp-json\/wp\/v2\/product_tag?post=14697"}],"curies":[{"name":"wp","href":"https:\/\/api.w.org\/{rel}","templated":true}]}}