{"id":14702,"date":"2025-02-17T14:56:30","date_gmt":"2025-02-17T11:56:30","guid":{"rendered":"https:\/\/ceoparts.com\/?post_type=product&#038;p=14702"},"modified":"2026-05-16T19:25:24","modified_gmt":"2026-05-16T16:25:24","slug":"yale-t16-valf-582015491","status":"publish","type":"product","link":"https:\/\/ceoparts.com\/fr\/urun\/yale-t16-valf-582015491\/","title":{"rendered":"Yale T16 Valf &#8211; 582015491"},"content":{"rendered":"<p>Yale T16 Valf &#8211; 582015491<\/p>\n","protected":false},"excerpt":{"rendered":"<p data-start=\"0\" data-end=\"260\"><br data-start=\"2091\" data-end=\"2094\" \/>La <strong data-start=\"2097\" data-end=\"2115\">vanne Yale T16<\/strong> est un composant durable et de haute qualit\u00e9 utilis\u00e9 dans les syst\u00e8mes hydrauliques des chariots \u00e9l\u00e9vateurs pour contr\u00f4ler le flux de fluide. Sa conception performante contribue au fonctionnement s\u00fbr et efficace du syst\u00e8me hydraulique.<\/p>\n<p data-start=\"2353\" data-end=\"2635\"><strong data-start=\"2353\" data-end=\"2375\">Caract\u00e9ristiques :<\/strong><br data-start=\"2375\" data-end=\"2378\" \/><strong data-start=\"2378\" data-end=\"2398\">Nom du produit :<\/strong> Vanne Yale T16<br data-start=\"2413\" data-end=\"2416\" \/><strong data-start=\"2416\" data-end=\"2431\">R\u00e9f\u00e9rence :<\/strong> 582015491<br data-start=\"2441\" data-end=\"2444\" \/><strong data-start=\"2444\" data-end=\"2458\">Mat\u00e9riau :<\/strong> M\u00e9tal haute r\u00e9sistance<br data-start=\"2481\" data-end=\"2484\" \/><strong data-start=\"2484\" data-end=\"2507\">Zone d\u2019utilisation:<\/strong> Syst\u00e8mes hydrauliques pour chariots Yale T16<br data-start=\"2552\" data-end=\"2555\" \/><strong data-start=\"2555\" data-end=\"2568\">Avantage:<\/strong> Contr\u00f4le hydraulique s\u00fbr, structure durable, longue dur\u00e9e de vie<\/p>\n<p data-start=\"2637\" data-end=\"2915\">\n","protected":false},"featured_media":14703,"template":"","meta":[],"product_brand":[],"product_cat":[461],"product_tag":[],"class_list":{"0":"post-14702","1":"product","2":"type-product","3":"status-publish","4":"has-post-thumbnail","6":"product_cat-hidrolik-sistemi","8":"first","9":"instock","10":"taxable","11":"shipping-taxable","12":"purchasable","13":"product-type-simple"},"_links":{"self":[{"href":"https:\/\/ceoparts.com\/fr\/wp-json\/wp\/v2\/product\/14702","targetHints":{"allow":["GET"]}}],"collection":[{"href":"https:\/\/ceoparts.com\/fr\/wp-json\/wp\/v2\/product"}],"about":[{"href":"https:\/\/ceoparts.com\/fr\/wp-json\/wp\/v2\/types\/product"}],"wp:featuredmedia":[{"embeddable":true,"href":"https:\/\/ceoparts.com\/fr\/wp-json\/wp\/v2\/media\/14703"}],"wp:attachment":[{"href":"https:\/\/ceoparts.com\/fr\/wp-json\/wp\/v2\/media?parent=14702"}],"wp:term":[{"taxonomy":"product_brand","embeddable":true,"href":"https:\/\/ceoparts.com\/fr\/wp-json\/wp\/v2\/product_brand?post=14702"},{"taxonomy":"product_cat","embeddable":true,"href":"https:\/\/ceoparts.com\/fr\/wp-json\/wp\/v2\/product_cat?post=14702"},{"taxonomy":"product_tag","embeddable":true,"href":"https:\/\/ceoparts.com\/fr\/wp-json\/wp\/v2\/product_tag?post=14702"}],"curies":[{"name":"wp","href":"https:\/\/api.w.org\/{rel}","templated":true}]}}