{"id":14706,"date":"2025-02-17T15:01:58","date_gmt":"2025-02-17T12:01:58","guid":{"rendered":"https:\/\/ceoparts.com\/?post_type=product&#038;p=14706"},"modified":"2026-05-16T19:52:19","modified_gmt":"2026-05-16T16:52:19","slug":"linde-10a5x348m2b-hidrolik-pompa-l16-t16-1173-1152-3576724","status":"publish","type":"product","link":"https:\/\/ceoparts.com\/fr\/urun\/linde-10a5x348m2b-hidrolik-pompa-l16-t16-1173-1152-3576724\/","title":{"rendered":"Linde 10A5X348M2B Pompe hydraulique L16\/T16 1173-1152 &#8211; 3576724"},"content":{"rendered":"<p>Linde 10A5X348M2B Pompe hydraulique L16\/T16 1173-1152 &#8211; 3576724<\/p>","protected":false},"excerpt":{"rendered":"<p data-start=\"0\" data-end=\"328\"><br data-start=\"2553\" data-end=\"2556\" \/>La <strong data-start=\"2559\" data-end=\"2616\">pompe hydraulique Linde 10A5X348M2B L16\/T16 1173-1152<\/strong> est un composant essentiel des syst\u00e8mes hydrauliques des chariots \u00e9l\u00e9vateurs, offrant haute performance et fiabilit\u00e9. Fabriqu\u00e9e avec des mat\u00e9riaux de haute qualit\u00e9, elle assure un fonctionnement fluide et efficace des fonctions hydrauliques.<\/p>\n<p data-start=\"2860\" data-end=\"3204\"><strong data-start=\"2860\" data-end=\"2882\">Caract\u00e9ristiques :<\/strong><br data-start=\"2882\" data-end=\"2885\" \/><strong data-start=\"2885\" data-end=\"2905\">Nom du produit :<\/strong> Pompe hydraulique Linde 10A5X348M2B L16\/T16 1173-1152<br data-start=\"2959\" data-end=\"2962\" \/><strong data-start=\"2962\" data-end=\"2977\">R\u00e9f\u00e9rence :<\/strong> 3576724<br data-start=\"2985\" data-end=\"2988\" \/><strong data-start=\"2988\" data-end=\"3002\">Mat\u00e9riau :<\/strong> Alliage m\u00e9tallique haute r\u00e9sistance<br data-start=\"3038\" data-end=\"3041\" \/><strong data-start=\"3041\" data-end=\"3064\">Zone d\u2019utilisation:<\/strong> Syst\u00e8mes hydrauliques pour chariots Linde L16 et T16<br data-start=\"3117\" data-end=\"3120\" \/><strong data-start=\"3120\" data-end=\"3133\">Avantage:<\/strong> Haute performance, construction durable, contr\u00f4le hydraulique fluide<\/p>\n<p data-start=\"3206\" data-end=\"3511\">\n","protected":false},"featured_media":14708,"template":"","meta":[],"product_brand":[],"product_cat":[246,461,523],"product_tag":[],"class_list":{"0":"post-14706","1":"product","2":"type-product","3":"status-publish","4":"has-post-thumbnail","6":"product_cat-linde","7":"product_cat-hidrolik-sistemi","8":"product_cat-yedek-parca-linde","10":"first","11":"instock","12":"taxable","13":"shipping-taxable","14":"purchasable","15":"product-type-simple"},"_links":{"self":[{"href":"https:\/\/ceoparts.com\/fr\/wp-json\/wp\/v2\/product\/14706","targetHints":{"allow":["GET"]}}],"collection":[{"href":"https:\/\/ceoparts.com\/fr\/wp-json\/wp\/v2\/product"}],"about":[{"href":"https:\/\/ceoparts.com\/fr\/wp-json\/wp\/v2\/types\/product"}],"wp:featuredmedia":[{"embeddable":true,"href":"https:\/\/ceoparts.com\/fr\/wp-json\/wp\/v2\/media\/14708"}],"wp:attachment":[{"href":"https:\/\/ceoparts.com\/fr\/wp-json\/wp\/v2\/media?parent=14706"}],"wp:term":[{"taxonomy":"product_brand","embeddable":true,"href":"https:\/\/ceoparts.com\/fr\/wp-json\/wp\/v2\/product_brand?post=14706"},{"taxonomy":"product_cat","embeddable":true,"href":"https:\/\/ceoparts.com\/fr\/wp-json\/wp\/v2\/product_cat?post=14706"},{"taxonomy":"product_tag","embeddable":true,"href":"https:\/\/ceoparts.com\/fr\/wp-json\/wp\/v2\/product_tag?post=14706"}],"curies":[{"name":"wp","href":"https:\/\/api.w.org\/{rel}","templated":true}]}}