{"id":14713,"date":"2025-02-17T15:14:11","date_gmt":"2025-02-17T12:14:11","guid":{"rendered":"https:\/\/ceoparts.com\/?post_type=product&#038;p=14713"},"modified":"2026-05-16T18:33:50","modified_gmt":"2026-05-16T15:33:50","slug":"linde-t16-1152-dis-kapak-11524320601","status":"publish","type":"product","link":"https:\/\/ceoparts.com\/fr\/urun\/linde-t16-1152-dis-kapak-11524320601\/","title":{"rendered":"Linde T16 1152 Couvercle ext\u00e9rieur &#8211; 11524320601"},"content":{"rendered":"<p>Linde T16 1152 Couvercle ext\u00e9rieur &#8211; 11524320601<\/p>\n<p>Linde 11524320601<\/p>\n<table border=\"0\" width=\"191\" cellspacing=\"0\" cellpadding=\"0\">\n<colgroup>\n<col width=\"64\" \/>\n<col width=\"127\" \/><\/colgroup>\n<tbody>\n<tr>\n<td class=\"xl63\" width=\"64\" height=\"20\"><span style=\"font-family: Calibri;\">1151<\/span><\/td>\n<td class=\"xl63\" width=\"127\"><span style=\"font-family: Calibri;\">T16\/T16P\/T20\/T20P<\/span><\/td>\n<\/tr>\n<tr>\n<td class=\"xl63\" height=\"20\"><span style=\"font-family: Calibri;\">1152<\/span><\/td>\n<td class=\"xl63\"><span style=\"font-family: Calibri;\">T16\/T18\/T20\/T16L<\/span><\/td>\n<\/tr>\n<tr>\n<td class=\"xl63\" height=\"20\"><span style=\"font-family: Calibri;\">1152<\/span><\/td>\n<td class=\"xl63\"><span style=\"font-family: Calibri;\">T16\/T18\/T20\/T16L<\/span><\/td>\n<\/tr>\n<tr>\n<td class=\"xl63\" height=\"20\"><span style=\"font-family: Calibri;\">1152<\/span><\/td>\n<td class=\"xl63\"><span style=\"font-family: Calibri;\">T16\/T18\/T20\/T16L<\/span><\/td>\n<\/tr>\n<tr>\n<td class=\"xl63\" height=\"20\"><span style=\"font-family: Calibri;\">1160<\/span><\/td>\n<td class=\"xl63\"><span style=\"font-family: Calibri;\">D06\/D08<\/span><\/td>\n<\/tr>\n<\/tbody>\n<\/table>","protected":false},"excerpt":{"rendered":"<p data-start=\"0\" data-end=\"292\"><br data-start=\"2353\" data-end=\"2356\" \/>Le <strong data-start=\"2359\" data-end=\"2393\">capot ext\u00e9rieur Linde T16 1152<\/strong> est une pi\u00e8ce durable et de haute qualit\u00e9 utilis\u00e9e pour prot\u00e9ger les m\u00e9canismes externes et les composants de carrosserie des chariots \u00e9l\u00e9vateurs contre la poussi\u00e8re, les chocs et les agressions ext\u00e9rieures. Sa construction haute r\u00e9sistance assure un fonctionnement s\u00fbr et durable.<\/p>\n<p data-start=\"2677\" data-end=\"3032\"><strong data-start=\"2677\" data-end=\"2699\">Caract\u00e9ristiques :<\/strong><br data-start=\"2699\" data-end=\"2702\" \/><strong data-start=\"2702\" data-end=\"2722\">Nom du produit :<\/strong> Capot ext\u00e9rieur Linde T16 1152<br data-start=\"2753\" data-end=\"2756\" \/><strong data-start=\"2756\" data-end=\"2771\">R\u00e9f\u00e9rence :<\/strong> 11524320601<br data-start=\"2783\" data-end=\"2786\" \/><strong data-start=\"2786\" data-end=\"2800\">Mat\u00e9riau :<\/strong> Plastique haute r\u00e9sistance<br data-start=\"2827\" data-end=\"2830\" \/><strong data-start=\"2830\" data-end=\"2853\">Zone d\u2019utilisation:<\/strong> Carrosserie ext\u00e9rieure et syst\u00e8mes de protection pour chariots Linde T16<br data-start=\"2926\" data-end=\"2929\" \/><strong data-start=\"2929\" data-end=\"2942\">Avantage:<\/strong> Protection contre les agressions ext\u00e9rieures, structure r\u00e9sistante, longue dur\u00e9e de vie<\/p>\n<p data-start=\"3034\" data-end=\"3347\">\n","protected":false},"featured_media":14716,"template":"","meta":[],"product_brand":[],"product_cat":[246,472,523],"product_tag":[],"class_list":{"0":"post-14713","1":"product","2":"type-product","3":"status-publish","4":"has-post-thumbnail","6":"product_cat-linde","7":"product_cat-kaporta-aksami","8":"product_cat-yedek-parca-linde","10":"first","11":"instock","12":"taxable","13":"shipping-taxable","14":"purchasable","15":"product-type-simple"},"_links":{"self":[{"href":"https:\/\/ceoparts.com\/fr\/wp-json\/wp\/v2\/product\/14713","targetHints":{"allow":["GET"]}}],"collection":[{"href":"https:\/\/ceoparts.com\/fr\/wp-json\/wp\/v2\/product"}],"about":[{"href":"https:\/\/ceoparts.com\/fr\/wp-json\/wp\/v2\/types\/product"}],"wp:featuredmedia":[{"embeddable":true,"href":"https:\/\/ceoparts.com\/fr\/wp-json\/wp\/v2\/media\/14716"}],"wp:attachment":[{"href":"https:\/\/ceoparts.com\/fr\/wp-json\/wp\/v2\/media?parent=14713"}],"wp:term":[{"taxonomy":"product_brand","embeddable":true,"href":"https:\/\/ceoparts.com\/fr\/wp-json\/wp\/v2\/product_brand?post=14713"},{"taxonomy":"product_cat","embeddable":true,"href":"https:\/\/ceoparts.com\/fr\/wp-json\/wp\/v2\/product_cat?post=14713"},{"taxonomy":"product_tag","embeddable":true,"href":"https:\/\/ceoparts.com\/fr\/wp-json\/wp\/v2\/product_tag?post=14713"}],"curies":[{"name":"wp","href":"https:\/\/api.w.org\/{rel}","templated":true}]}}