{"id":14720,"date":"2025-02-17T15:31:06","date_gmt":"2025-02-17T12:31:06","guid":{"rendered":"https:\/\/ceoparts.com\/?post_type=product&#038;p=14720"},"modified":"2026-05-16T17:33:42","modified_gmt":"2026-05-16T14:33:42","slug":"toyota-bt-lwe-aku-ust-kapak-256123001","status":"publish","type":"product","link":"https:\/\/ceoparts.com\/fr\/urun\/toyota-bt-lwe-aku-ust-kapak-256123001\/","title":{"rendered":"Toyota BT \/ LWE Couvercle sup\u00e9rieur de batterie &#8211; 256123001"},"content":{"rendered":"<p>Toyota BT \/ LWE Couvercle sup\u00e9rieur de batterie &#8211; 256123001<\/p>","protected":false},"excerpt":{"rendered":"<p data-start=\"0\" data-end=\"244\"><br data-start=\"2167\" data-end=\"2170\" \/>Le <strong data-start=\"2173\" data-end=\"2220\">capot sup\u00e9rieur de batterie Toyota BT \/ LWE<\/strong> est une pi\u00e8ce durable et robuste utilis\u00e9e pour prot\u00e9ger la batterie des chariots \u00e9l\u00e9vateurs contre les agressions ext\u00e9rieures. Son mat\u00e9riau de haute qualit\u00e9 am\u00e9liore la s\u00e9curit\u00e9 de la batterie et assure une longue dur\u00e9e de vie.<\/p>\n<p data-start=\"2450\" data-end=\"2786\"><strong data-start=\"2450\" data-end=\"2472\">Caract\u00e9ristiques :<\/strong><br data-start=\"2472\" data-end=\"2475\" \/><strong data-start=\"2475\" data-end=\"2495\">Nom du produit :<\/strong> Capot sup\u00e9rieur de batterie Toyota BT \/ LWE<br data-start=\"2539\" data-end=\"2542\" \/><strong data-start=\"2542\" data-end=\"2557\">R\u00e9f\u00e9rence :<\/strong> 256123001<br data-start=\"2567\" data-end=\"2570\" \/><strong data-start=\"2570\" data-end=\"2584\">Mat\u00e9riau :<\/strong> Plastique haute r\u00e9sistance<br data-start=\"2611\" data-end=\"2614\" \/><strong data-start=\"2614\" data-end=\"2637\">Zone d\u2019utilisation:<\/strong> Syst\u00e8mes de protection de batterie pour chariots Toyota BT \/ LWE<br data-start=\"2702\" data-end=\"2705\" \/><strong data-start=\"2705\" data-end=\"2718\">Avantage:<\/strong> Protection de la batterie, structure robuste, longue dur\u00e9e de vie<\/p>\n<p data-start=\"2788\" data-end=\"3051\">\n","protected":false},"featured_media":14722,"template":"","meta":[],"product_brand":[],"product_cat":[251,472,518,521,530],"product_tag":[],"class_list":{"0":"post-14720","1":"product","2":"type-product","3":"status-publish","4":"has-post-thumbnail","6":"product_cat-bt","7":"product_cat-kaporta-aksami","8":"product_cat-yedek-parca-bt","9":"product_cat-toyota","10":"product_cat-yedek-parca-toyota","12":"first","13":"instock","14":"taxable","15":"shipping-taxable","16":"purchasable","17":"product-type-simple"},"_links":{"self":[{"href":"https:\/\/ceoparts.com\/fr\/wp-json\/wp\/v2\/product\/14720","targetHints":{"allow":["GET"]}}],"collection":[{"href":"https:\/\/ceoparts.com\/fr\/wp-json\/wp\/v2\/product"}],"about":[{"href":"https:\/\/ceoparts.com\/fr\/wp-json\/wp\/v2\/types\/product"}],"wp:featuredmedia":[{"embeddable":true,"href":"https:\/\/ceoparts.com\/fr\/wp-json\/wp\/v2\/media\/14722"}],"wp:attachment":[{"href":"https:\/\/ceoparts.com\/fr\/wp-json\/wp\/v2\/media?parent=14720"}],"wp:term":[{"taxonomy":"product_brand","embeddable":true,"href":"https:\/\/ceoparts.com\/fr\/wp-json\/wp\/v2\/product_brand?post=14720"},{"taxonomy":"product_cat","embeddable":true,"href":"https:\/\/ceoparts.com\/fr\/wp-json\/wp\/v2\/product_cat?post=14720"},{"taxonomy":"product_tag","embeddable":true,"href":"https:\/\/ceoparts.com\/fr\/wp-json\/wp\/v2\/product_tag?post=14720"}],"curies":[{"name":"wp","href":"https:\/\/api.w.org\/{rel}","templated":true}]}}