{"id":14726,"date":"2025-02-17T15:39:23","date_gmt":"2025-02-17T12:39:23","guid":{"rendered":"https:\/\/ceoparts.com\/?post_type=product&#038;p=14726"},"modified":"2026-05-16T18:33:52","modified_gmt":"2026-05-16T15:33:52","slug":"still-kapak-0702730","status":"publish","type":"product","link":"https:\/\/ceoparts.com\/fr\/urun\/still-kapak-0702730\/","title":{"rendered":"Still Couvercle &#8211; 0702730"},"content":{"rendered":"<p>Still Couvercle &#8211; 0702730<\/p>","protected":false},"excerpt":{"rendered":"<p>RX20 6210-6217<br \/>\nRX60-19-20 6311-13-15<\/p>\n<p data-start=\"0\" data-end=\"313\"><br data-start=\"2164\" data-end=\"2167\" \/>Le <strong data-start=\"2170\" data-end=\"2185\">capot Still<\/strong> est une pi\u00e8ce durable et de haute qualit\u00e9 utilis\u00e9e pour prot\u00e9ger les m\u00e9canismes internes et les composants de commande des chariots \u00e9l\u00e9vateurs contre les agressions ext\u00e9rieures, la poussi\u00e8re et les chocs. Sa structure robuste garantit une utilisation s\u00fbre et longue dur\u00e9e.<\/p>\n<p data-start=\"2460\" data-end=\"2772\"><strong data-start=\"2460\" data-end=\"2482\">Caract\u00e9ristiques :<\/strong><br data-start=\"2482\" data-end=\"2485\" \/><strong data-start=\"2485\" data-end=\"2505\">Nom du produit :<\/strong> Capot Still<br data-start=\"2517\" data-end=\"2520\" \/><strong data-start=\"2520\" data-end=\"2535\">R\u00e9f\u00e9rence :<\/strong> 0702730<br data-start=\"2543\" data-end=\"2546\" \/><strong data-start=\"2546\" data-end=\"2560\">Mat\u00e9riau :<\/strong> Plastique haute r\u00e9sistance<br data-start=\"2587\" data-end=\"2590\" \/><strong data-start=\"2590\" data-end=\"2613\">Zone d\u2019utilisation:<\/strong> Capots et syst\u00e8mes de protection pour chariots Still<br data-start=\"2666\" data-end=\"2669\" \/><strong data-start=\"2669\" data-end=\"2682\">Avantage:<\/strong> Protection contre les agressions ext\u00e9rieures, structure r\u00e9sistante, longue dur\u00e9e de vie<\/p>\n<p data-start=\"2774\" data-end=\"3051\">\n","protected":false},"featured_media":14728,"template":"","meta":[],"product_brand":[],"product_cat":[241,472,524],"product_tag":[],"class_list":{"0":"post-14726","1":"product","2":"type-product","3":"status-publish","4":"has-post-thumbnail","6":"product_cat-still","7":"product_cat-kaporta-aksami","8":"product_cat-yedek-parca-still","10":"first","11":"instock","12":"taxable","13":"shipping-taxable","14":"purchasable","15":"product-type-simple"},"_links":{"self":[{"href":"https:\/\/ceoparts.com\/fr\/wp-json\/wp\/v2\/product\/14726","targetHints":{"allow":["GET"]}}],"collection":[{"href":"https:\/\/ceoparts.com\/fr\/wp-json\/wp\/v2\/product"}],"about":[{"href":"https:\/\/ceoparts.com\/fr\/wp-json\/wp\/v2\/types\/product"}],"wp:featuredmedia":[{"embeddable":true,"href":"https:\/\/ceoparts.com\/fr\/wp-json\/wp\/v2\/media\/14728"}],"wp:attachment":[{"href":"https:\/\/ceoparts.com\/fr\/wp-json\/wp\/v2\/media?parent=14726"}],"wp:term":[{"taxonomy":"product_brand","embeddable":true,"href":"https:\/\/ceoparts.com\/fr\/wp-json\/wp\/v2\/product_brand?post=14726"},{"taxonomy":"product_cat","embeddable":true,"href":"https:\/\/ceoparts.com\/fr\/wp-json\/wp\/v2\/product_cat?post=14726"},{"taxonomy":"product_tag","embeddable":true,"href":"https:\/\/ceoparts.com\/fr\/wp-json\/wp\/v2\/product_tag?post=14726"}],"curies":[{"name":"wp","href":"https:\/\/api.w.org\/{rel}","templated":true}]}}