{"id":14731,"date":"2025-02-17T15:43:25","date_gmt":"2025-02-17T12:43:25","guid":{"rendered":"https:\/\/ceoparts.com\/?post_type=product&#038;p=14731"},"modified":"2026-05-16T21:02:01","modified_gmt":"2026-05-16T18:02:01","slug":"still-forklift-dis-kapak-56334313800","status":"publish","type":"product","link":"https:\/\/ceoparts.com\/fr\/urun\/still-forklift-dis-kapak-56334313800\/","title":{"rendered":"Still Couvercle ext\u00e9rieur de chariot \u00e9l\u00e9vateur &#8211; 56334313800"},"content":{"rendered":"<p>Still Couvercle ext\u00e9rieur de chariot \u00e9l\u00e9vateur &#8211; 56334313800<\/p>","protected":false},"excerpt":{"rendered":"<p data-start=\"0\" data-end=\"319\"><br data-start=\"2363\" data-end=\"2366\" \/>Le <strong data-start=\"2369\" data-end=\"2415\">capot ext\u00e9rieur de chariot \u00e9l\u00e9vateur Still<\/strong> est une pi\u00e8ce durable et de haute qualit\u00e9 utilis\u00e9e pour prot\u00e9ger les m\u00e9canismes et syst\u00e8mes de commande ext\u00e9rieurs des chariots \u00e9l\u00e9vateurs contre la poussi\u00e8re, les chocs et les agressions ext\u00e9rieures. Sa structure robuste garantit une utilisation longue dur\u00e9e et en toute s\u00e9curit\u00e9.<\/p>\n<p data-start=\"2699\" data-end=\"3073\"><strong data-start=\"2699\" data-end=\"2721\">Caract\u00e9ristiques :<\/strong><br data-start=\"2721\" data-end=\"2724\" \/><strong data-start=\"2724\" data-end=\"2744\">Nom du produit :<\/strong> Capot ext\u00e9rieur de chariot \u00e9l\u00e9vateur Still<br data-start=\"2787\" data-end=\"2790\" \/><strong data-start=\"2790\" data-end=\"2805\">R\u00e9f\u00e9rence :<\/strong> 56334313800<br data-start=\"2817\" data-end=\"2820\" \/><strong data-start=\"2820\" data-end=\"2834\">Mat\u00e9riau :<\/strong> Plastique haute r\u00e9sistance<br data-start=\"2861\" data-end=\"2864\" \/><strong data-start=\"2864\" data-end=\"2887\">Zone d\u2019utilisation:<\/strong> Carrosserie ext\u00e9rieure et syst\u00e8mes de protection pour chariots Still<br data-start=\"2956\" data-end=\"2959\" \/><strong data-start=\"2959\" data-end=\"2972\">Avantage:<\/strong> Protection des m\u00e9canismes ext\u00e9rieurs, pr\u00e9vention des chocs et de la poussi\u00e8re, longue dur\u00e9e de vie<\/p>\n<p data-start=\"3075\" data-end=\"3389\">\n","protected":false},"featured_media":14733,"template":"","meta":[],"product_brand":[],"product_cat":[241,472,524],"product_tag":[],"class_list":{"0":"post-14731","1":"product","2":"type-product","3":"status-publish","4":"has-post-thumbnail","6":"product_cat-still","7":"product_cat-kaporta-aksami","8":"product_cat-yedek-parca-still","10":"first","11":"instock","12":"taxable","13":"shipping-taxable","14":"purchasable","15":"product-type-simple"},"_links":{"self":[{"href":"https:\/\/ceoparts.com\/fr\/wp-json\/wp\/v2\/product\/14731","targetHints":{"allow":["GET"]}}],"collection":[{"href":"https:\/\/ceoparts.com\/fr\/wp-json\/wp\/v2\/product"}],"about":[{"href":"https:\/\/ceoparts.com\/fr\/wp-json\/wp\/v2\/types\/product"}],"wp:featuredmedia":[{"embeddable":true,"href":"https:\/\/ceoparts.com\/fr\/wp-json\/wp\/v2\/media\/14733"}],"wp:attachment":[{"href":"https:\/\/ceoparts.com\/fr\/wp-json\/wp\/v2\/media?parent=14731"}],"wp:term":[{"taxonomy":"product_brand","embeddable":true,"href":"https:\/\/ceoparts.com\/fr\/wp-json\/wp\/v2\/product_brand?post=14731"},{"taxonomy":"product_cat","embeddable":true,"href":"https:\/\/ceoparts.com\/fr\/wp-json\/wp\/v2\/product_cat?post=14731"},{"taxonomy":"product_tag","embeddable":true,"href":"https:\/\/ceoparts.com\/fr\/wp-json\/wp\/v2\/product_tag?post=14731"}],"curies":[{"name":"wp","href":"https:\/\/api.w.org\/{rel}","templated":true}]}}