{"id":14737,"date":"2025-02-17T15:51:29","date_gmt":"2025-02-17T12:51:29","guid":{"rendered":"https:\/\/ceoparts.com\/?post_type=product&#038;p=14737"},"modified":"2026-05-16T18:27:39","modified_gmt":"2026-05-16T15:27:39","slug":"still-panel-kapagi-0706966","status":"publish","type":"product","link":"https:\/\/ceoparts.com\/fr\/urun\/still-panel-kapagi-0706966\/","title":{"rendered":"Still Couvercle de panneau &#8211; 0706966"},"content":{"rendered":"<p>Still Couvercle de panneau &#8211; 0706966<\/p>","protected":false},"excerpt":{"rendered":"<p data-start=\"0\" data-end=\"315\"><br data-start=\"2227\" data-end=\"2230\" \/>Le <strong data-start=\"2233\" data-end=\"2267\">capot de panneau Still 0706966<\/strong> est une pi\u00e8ce durable et de haute qualit\u00e9 utilis\u00e9e pour prot\u00e9ger les panneaux de commande et les m\u00e9canismes internes des chariots \u00e9l\u00e9vateurs contre la poussi\u00e8re, les chocs et les agressions ext\u00e9rieures. Sa structure robuste garantit un fonctionnement s\u00fbr et fiable des syst\u00e8mes.<\/p>\n<p data-start=\"2548\" data-end=\"2852\"><strong data-start=\"2548\" data-end=\"2570\">Caract\u00e9ristiques :<\/strong><br data-start=\"2570\" data-end=\"2573\" \/><strong data-start=\"2573\" data-end=\"2593\">Nom du produit :<\/strong> Capot de panneau Still<br data-start=\"2616\" data-end=\"2619\" \/><strong data-start=\"2619\" data-end=\"2634\">R\u00e9f\u00e9rence :<\/strong> 0706966<br data-start=\"2642\" data-end=\"2645\" \/><strong data-start=\"2645\" data-end=\"2659\">Mat\u00e9riau :<\/strong> Plastique haute r\u00e9sistance<br data-start=\"2686\" data-end=\"2689\" \/><strong data-start=\"2689\" data-end=\"2712\">Zone d\u2019utilisation:<\/strong> Panneaux et syst\u00e8mes de commande pour chariots Still<br data-start=\"2765\" data-end=\"2768\" \/><strong data-start=\"2768\" data-end=\"2781\">Avantage:<\/strong> Protection des m\u00e9canismes, structure r\u00e9sistante, longue dur\u00e9e de vie<\/p>\n<p data-start=\"2854\" data-end=\"3158\">\n","protected":false},"featured_media":14739,"template":"","meta":[],"product_brand":[],"product_cat":[241,472,524],"product_tag":[],"class_list":{"0":"post-14737","1":"product","2":"type-product","3":"status-publish","4":"has-post-thumbnail","6":"product_cat-still","7":"product_cat-kaporta-aksami","8":"product_cat-yedek-parca-still","10":"first","11":"instock","12":"taxable","13":"shipping-taxable","14":"purchasable","15":"product-type-simple"},"_links":{"self":[{"href":"https:\/\/ceoparts.com\/fr\/wp-json\/wp\/v2\/product\/14737","targetHints":{"allow":["GET"]}}],"collection":[{"href":"https:\/\/ceoparts.com\/fr\/wp-json\/wp\/v2\/product"}],"about":[{"href":"https:\/\/ceoparts.com\/fr\/wp-json\/wp\/v2\/types\/product"}],"wp:featuredmedia":[{"embeddable":true,"href":"https:\/\/ceoparts.com\/fr\/wp-json\/wp\/v2\/media\/14739"}],"wp:attachment":[{"href":"https:\/\/ceoparts.com\/fr\/wp-json\/wp\/v2\/media?parent=14737"}],"wp:term":[{"taxonomy":"product_brand","embeddable":true,"href":"https:\/\/ceoparts.com\/fr\/wp-json\/wp\/v2\/product_brand?post=14737"},{"taxonomy":"product_cat","embeddable":true,"href":"https:\/\/ceoparts.com\/fr\/wp-json\/wp\/v2\/product_cat?post=14737"},{"taxonomy":"product_tag","embeddable":true,"href":"https:\/\/ceoparts.com\/fr\/wp-json\/wp\/v2\/product_tag?post=14737"}],"curies":[{"name":"wp","href":"https:\/\/api.w.org\/{rel}","templated":true}]}}