{"id":14742,"date":"2025-02-17T16:19:04","date_gmt":"2025-02-17T13:19:04","guid":{"rendered":"https:\/\/ceoparts.com\/?post_type=product&#038;p=14742"},"modified":"2026-05-16T17:22:41","modified_gmt":"2026-05-16T14:22:41","slug":"still-kapak-0711029","status":"publish","type":"product","link":"https:\/\/ceoparts.com\/fr\/urun\/still-kapak-0711029\/","title":{"rendered":"Still Couvercle &#8211; 0711029"},"content":{"rendered":"<p>Still Couvercle &#8211; 0711029<\/p>","protected":false},"excerpt":{"rendered":"<p data-start=\"0\" data-end=\"275\"><br data-start=\"2086\" data-end=\"2089\" \/>Le <strong data-start=\"2092\" data-end=\"2115\">capot Still 0711029<\/strong> est une pi\u00e8ce durable et de haute qualit\u00e9 utilis\u00e9e pour prot\u00e9ger les m\u00e9canismes internes des chariots \u00e9l\u00e9vateurs contre les agressions ext\u00e9rieures, la poussi\u00e8re et les chocs. Il contribue \u00e0 assurer le fonctionnement ordonn\u00e9 et s\u00e9curis\u00e9 des composants du syst\u00e8me.<\/p>\n<p data-start=\"2380\" data-end=\"2671\"><strong data-start=\"2380\" data-end=\"2402\">Caract\u00e9ristiques :<\/strong><br data-start=\"2402\" data-end=\"2405\" \/><strong data-start=\"2405\" data-end=\"2425\">Nom du produit :<\/strong> Capot Still<br data-start=\"2437\" data-end=\"2440\" \/><strong data-start=\"2440\" data-end=\"2455\">R\u00e9f\u00e9rence :<\/strong> 0711029<br data-start=\"2463\" data-end=\"2466\" \/><strong data-start=\"2466\" data-end=\"2480\">Mat\u00e9riau :<\/strong> Plastique haute r\u00e9sistance<br data-start=\"2507\" data-end=\"2510\" \/><strong data-start=\"2510\" data-end=\"2533\">Zone d\u2019utilisation:<\/strong> Capots et syst\u00e8mes de protection pour chariots Still<br data-start=\"2586\" data-end=\"2589\" \/><strong data-start=\"2589\" data-end=\"2602\">Avantage:<\/strong> Structure r\u00e9sistante, protection des syst\u00e8mes, longue dur\u00e9e de vie<\/p>\n<p data-start=\"2673\" data-end=\"2935\">\n","protected":false},"featured_media":14745,"template":"","meta":[],"product_brand":[],"product_cat":[241,472,524],"product_tag":[],"class_list":{"0":"post-14742","1":"product","2":"type-product","3":"status-publish","4":"has-post-thumbnail","6":"product_cat-still","7":"product_cat-kaporta-aksami","8":"product_cat-yedek-parca-still","10":"first","11":"instock","12":"taxable","13":"shipping-taxable","14":"purchasable","15":"product-type-simple"},"_links":{"self":[{"href":"https:\/\/ceoparts.com\/fr\/wp-json\/wp\/v2\/product\/14742","targetHints":{"allow":["GET"]}}],"collection":[{"href":"https:\/\/ceoparts.com\/fr\/wp-json\/wp\/v2\/product"}],"about":[{"href":"https:\/\/ceoparts.com\/fr\/wp-json\/wp\/v2\/types\/product"}],"wp:featuredmedia":[{"embeddable":true,"href":"https:\/\/ceoparts.com\/fr\/wp-json\/wp\/v2\/media\/14745"}],"wp:attachment":[{"href":"https:\/\/ceoparts.com\/fr\/wp-json\/wp\/v2\/media?parent=14742"}],"wp:term":[{"taxonomy":"product_brand","embeddable":true,"href":"https:\/\/ceoparts.com\/fr\/wp-json\/wp\/v2\/product_brand?post=14742"},{"taxonomy":"product_cat","embeddable":true,"href":"https:\/\/ceoparts.com\/fr\/wp-json\/wp\/v2\/product_cat?post=14742"},{"taxonomy":"product_tag","embeddable":true,"href":"https:\/\/ceoparts.com\/fr\/wp-json\/wp\/v2\/product_tag?post=14742"}],"curies":[{"name":"wp","href":"https:\/\/api.w.org\/{rel}","templated":true}]}}