{"id":14747,"date":"2025-02-17T16:26:32","date_gmt":"2025-02-17T13:26:32","guid":{"rendered":"https:\/\/ceoparts.com\/?post_type=product&#038;p=14747"},"modified":"2026-05-16T16:12:48","modified_gmt":"2026-05-16T13:12:48","slug":"bt-rre160h-kapak","status":"publish","type":"product","link":"https:\/\/ceoparts.com\/fr\/urun\/bt-rre160h-kapak\/","title":{"rendered":"BT RRE160H Couvercle"},"content":{"rendered":"<p>BT RRE160H Couvercle<\/p>","protected":false},"excerpt":{"rendered":"<p data-start=\"0\" data-end=\"319\"><br data-start=\"2221\" data-end=\"2224\" \/>Le <strong data-start=\"2227\" data-end=\"2247\">capot BT RRE160H<\/strong> est une pi\u00e8ce durable et de haute qualit\u00e9 utilis\u00e9e dans les chariots \u00e9l\u00e9vateurs pour prot\u00e9ger les m\u00e9canismes internes et les composants \u00e9lectroniques contre les agressions ext\u00e9rieures, la poussi\u00e8re et les chocs. Sa structure robuste garantit une utilisation longue dur\u00e9e et un fonctionnement s\u00fbr.<\/p>\n<p data-start=\"2546\" data-end=\"2853\"><strong data-start=\"2546\" data-end=\"2568\">Caract\u00e9ristiques :<\/strong><br data-start=\"2568\" data-end=\"2571\" \/><strong data-start=\"2571\" data-end=\"2591\">Nom du produit :<\/strong> Capot BT RRE160H<br data-start=\"2608\" data-end=\"2611\" \/><strong data-start=\"2611\" data-end=\"2626\">R\u00e9f\u00e9rence :<\/strong> &#8211;<br data-start=\"2628\" data-end=\"2631\" \/><strong data-start=\"2631\" data-end=\"2645\">Mat\u00e9riau :<\/strong> Plastique haute r\u00e9sistance<br data-start=\"2672\" data-end=\"2675\" \/><strong data-start=\"2675\" data-end=\"2698\">Zone d\u2019utilisation:<\/strong> Protection de la carrosserie et des syst\u00e8mes des chariots BT RRE160H<br data-start=\"2767\" data-end=\"2770\" \/><strong data-start=\"2770\" data-end=\"2784\">Avantage :<\/strong> Structure r\u00e9sistante, protection des syst\u00e8mes, longue dur\u00e9e de vie<\/p>\n<p data-start=\"2855\" data-end=\"3146\">\n","protected":false},"featured_media":14748,"template":"","meta":[],"product_brand":[],"product_cat":[251,472,518],"product_tag":[],"class_list":{"0":"post-14747","1":"product","2":"type-product","3":"status-publish","4":"has-post-thumbnail","6":"product_cat-bt","7":"product_cat-kaporta-aksami","8":"product_cat-yedek-parca-bt","10":"first","11":"instock","12":"taxable","13":"shipping-taxable","14":"purchasable","15":"product-type-simple"},"_links":{"self":[{"href":"https:\/\/ceoparts.com\/fr\/wp-json\/wp\/v2\/product\/14747","targetHints":{"allow":["GET"]}}],"collection":[{"href":"https:\/\/ceoparts.com\/fr\/wp-json\/wp\/v2\/product"}],"about":[{"href":"https:\/\/ceoparts.com\/fr\/wp-json\/wp\/v2\/types\/product"}],"wp:featuredmedia":[{"embeddable":true,"href":"https:\/\/ceoparts.com\/fr\/wp-json\/wp\/v2\/media\/14748"}],"wp:attachment":[{"href":"https:\/\/ceoparts.com\/fr\/wp-json\/wp\/v2\/media?parent=14747"}],"wp:term":[{"taxonomy":"product_brand","embeddable":true,"href":"https:\/\/ceoparts.com\/fr\/wp-json\/wp\/v2\/product_brand?post=14747"},{"taxonomy":"product_cat","embeddable":true,"href":"https:\/\/ceoparts.com\/fr\/wp-json\/wp\/v2\/product_cat?post=14747"},{"taxonomy":"product_tag","embeddable":true,"href":"https:\/\/ceoparts.com\/fr\/wp-json\/wp\/v2\/product_tag?post=14747"}],"curies":[{"name":"wp","href":"https:\/\/api.w.org\/{rel}","templated":true}]}}