{"id":14761,"date":"2025-02-17T17:22:34","date_gmt":"2025-02-17T14:22:34","guid":{"rendered":"https:\/\/ceoparts.com\/?post_type=product&#038;p=14761"},"modified":"2026-05-16T19:47:46","modified_gmt":"2026-05-16T16:47:46","slug":"still-sag-kapak-0713094","status":"publish","type":"product","link":"https:\/\/ceoparts.com\/fr\/urun\/still-sag-kapak-0713094\/","title":{"rendered":"Still Couvercle droit &#8211; 0713094"},"content":{"rendered":"<p>Still Couvercle droit &#8211; 0713094<\/p>","protected":false},"excerpt":{"rendered":"<p data-start=\"0\" data-end=\"314\"><br data-start=\"2344\" data-end=\"2347\" \/>Le <strong data-start=\"2350\" data-end=\"2387\">capot lat\u00e9ral droit Still 0713094<\/strong> est une pi\u00e8ce durable et de haute qualit\u00e9 utilis\u00e9e pour prot\u00e9ger les composants m\u00e9caniques et \u00e9lectroniques situ\u00e9s sur le c\u00f4t\u00e9 droit du chariot \u00e9l\u00e9vateur contre les agressions ext\u00e9rieures. Sa structure robuste assure une longue dur\u00e9e de vie et contribue \u00e0 la s\u00e9curit\u00e9 d\u2019utilisation.<\/p>\n<p data-start=\"2672\" data-end=\"2976\"><strong data-start=\"2672\" data-end=\"2694\">Caract\u00e9ristiques :<\/strong><br data-start=\"2694\" data-end=\"2697\" \/><strong data-start=\"2697\" data-end=\"2717\">Nom du produit :<\/strong> Capot lat\u00e9ral droit Still<br data-start=\"2743\" data-end=\"2746\" \/><strong data-start=\"2746\" data-end=\"2761\">R\u00e9f\u00e9rence :<\/strong> 0713094<br data-start=\"2769\" data-end=\"2772\" \/><strong data-start=\"2772\" data-end=\"2786\">Mat\u00e9riau :<\/strong> Plastique haute r\u00e9sistance<br data-start=\"2813\" data-end=\"2816\" \/><strong data-start=\"2816\" data-end=\"2839\">Zone d\u2019utilisation:<\/strong> C\u00f4t\u00e9 droit des chariots Still<br data-start=\"2869\" data-end=\"2872\" \/><strong data-start=\"2872\" data-end=\"2886\">Avantage :<\/strong> Protection des m\u00e9canismes, pr\u00e9vention des chocs et de la poussi\u00e8re, longue dur\u00e9e de vie<\/p>\n<p data-start=\"2978\" data-end=\"3316\">\n","protected":false},"featured_media":14763,"template":"","meta":[],"product_brand":[],"product_cat":[241,472,524],"product_tag":[],"class_list":{"0":"post-14761","1":"product","2":"type-product","3":"status-publish","4":"has-post-thumbnail","6":"product_cat-still","7":"product_cat-kaporta-aksami","8":"product_cat-yedek-parca-still","10":"first","11":"instock","12":"taxable","13":"shipping-taxable","14":"purchasable","15":"product-type-simple"},"_links":{"self":[{"href":"https:\/\/ceoparts.com\/fr\/wp-json\/wp\/v2\/product\/14761","targetHints":{"allow":["GET"]}}],"collection":[{"href":"https:\/\/ceoparts.com\/fr\/wp-json\/wp\/v2\/product"}],"about":[{"href":"https:\/\/ceoparts.com\/fr\/wp-json\/wp\/v2\/types\/product"}],"wp:featuredmedia":[{"embeddable":true,"href":"https:\/\/ceoparts.com\/fr\/wp-json\/wp\/v2\/media\/14763"}],"wp:attachment":[{"href":"https:\/\/ceoparts.com\/fr\/wp-json\/wp\/v2\/media?parent=14761"}],"wp:term":[{"taxonomy":"product_brand","embeddable":true,"href":"https:\/\/ceoparts.com\/fr\/wp-json\/wp\/v2\/product_brand?post=14761"},{"taxonomy":"product_cat","embeddable":true,"href":"https:\/\/ceoparts.com\/fr\/wp-json\/wp\/v2\/product_cat?post=14761"},{"taxonomy":"product_tag","embeddable":true,"href":"https:\/\/ceoparts.com\/fr\/wp-json\/wp\/v2\/product_tag?post=14761"}],"curies":[{"name":"wp","href":"https:\/\/api.w.org\/{rel}","templated":true}]}}