{"id":14767,"date":"2025-02-17T17:42:54","date_gmt":"2025-02-17T14:42:54","guid":{"rendered":"https:\/\/ceoparts.com\/?post_type=product&#038;p=14767"},"modified":"2026-05-16T19:50:58","modified_gmt":"2026-05-16T16:50:58","slug":"still-koruma-kapak-51904382200","status":"publish","type":"product","link":"https:\/\/ceoparts.com\/fr\/urun\/still-koruma-kapak-51904382200\/","title":{"rendered":"Still Couvercle de protection &#8211; 51904382200"},"content":{"rendered":"<p>Still Couvercle de protection &#8211; 51904382200<\/p>","protected":false},"excerpt":{"rendered":"<p data-start=\"0\" data-end=\"291\"><br data-start=\"2252\" data-end=\"2255\" \/>Le <strong data-start=\"2258\" data-end=\"2299\">capot de protection Still 51904382200<\/strong> est une pi\u00e8ce durable et de haute qualit\u00e9 utilis\u00e9e pour prot\u00e9ger les composants internes des chariots \u00e9l\u00e9vateurs contre les chocs, la poussi\u00e8re et les agressions ext\u00e9rieures. Il pr\u00e9serve les performances de l\u2019appareil et assure la long\u00e9vit\u00e9 des m\u00e9canismes internes.<\/p>\n<p data-start=\"2567\" data-end=\"2890\"><strong data-start=\"2567\" data-end=\"2589\">Caract\u00e9ristiques :<\/strong><br data-start=\"2589\" data-end=\"2592\" \/><strong data-start=\"2592\" data-end=\"2612\">Nom du produit :<\/strong> Capot de protection Still<br data-start=\"2638\" data-end=\"2641\" \/><strong data-start=\"2641\" data-end=\"2656\">R\u00e9f\u00e9rence :<\/strong> 51904382200<br data-start=\"2668\" data-end=\"2671\" \/><strong data-start=\"2671\" data-end=\"2685\">Mat\u00e9riau :<\/strong> Plastique haute r\u00e9sistance<br data-start=\"2712\" data-end=\"2715\" \/><strong data-start=\"2715\" data-end=\"2739\">Zone d\u2019utilisation :<\/strong> Capotages de protection pour chariots Still<br data-start=\"2783\" data-end=\"2786\" \/><strong data-start=\"2786\" data-end=\"2800\">Avantage :<\/strong> Protection des m\u00e9canismes, pr\u00e9vention des chocs et de la poussi\u00e8re, longue dur\u00e9e de vie<\/p>\n<p data-start=\"2892\" data-end=\"3190\">\n","protected":false},"featured_media":14768,"template":"","meta":[],"product_brand":[],"product_cat":[241,472,524],"product_tag":[],"class_list":{"0":"post-14767","1":"product","2":"type-product","3":"status-publish","4":"has-post-thumbnail","6":"product_cat-still","7":"product_cat-kaporta-aksami","8":"product_cat-yedek-parca-still","10":"first","11":"instock","12":"taxable","13":"shipping-taxable","14":"purchasable","15":"product-type-simple"},"_links":{"self":[{"href":"https:\/\/ceoparts.com\/fr\/wp-json\/wp\/v2\/product\/14767","targetHints":{"allow":["GET"]}}],"collection":[{"href":"https:\/\/ceoparts.com\/fr\/wp-json\/wp\/v2\/product"}],"about":[{"href":"https:\/\/ceoparts.com\/fr\/wp-json\/wp\/v2\/types\/product"}],"wp:featuredmedia":[{"embeddable":true,"href":"https:\/\/ceoparts.com\/fr\/wp-json\/wp\/v2\/media\/14768"}],"wp:attachment":[{"href":"https:\/\/ceoparts.com\/fr\/wp-json\/wp\/v2\/media?parent=14767"}],"wp:term":[{"taxonomy":"product_brand","embeddable":true,"href":"https:\/\/ceoparts.com\/fr\/wp-json\/wp\/v2\/product_brand?post=14767"},{"taxonomy":"product_cat","embeddable":true,"href":"https:\/\/ceoparts.com\/fr\/wp-json\/wp\/v2\/product_cat?post=14767"},{"taxonomy":"product_tag","embeddable":true,"href":"https:\/\/ceoparts.com\/fr\/wp-json\/wp\/v2\/product_tag?post=14767"}],"curies":[{"name":"wp","href":"https:\/\/api.w.org\/{rel}","templated":true}]}}