{"id":14772,"date":"2025-02-17T17:46:12","date_gmt":"2025-02-17T14:46:12","guid":{"rendered":"https:\/\/ceoparts.com\/?post_type=product&#038;p=14772"},"modified":"2026-05-16T18:34:34","modified_gmt":"2026-05-16T15:34:34","slug":"still-kapak-0727968","status":"publish","type":"product","link":"https:\/\/ceoparts.com\/fr\/urun\/still-kapak-0727968\/","title":{"rendered":"Still Couvercle &#8211; 0727968"},"content":{"rendered":"<p>Still Couvercle &#8211; 0727968<\/p>","protected":false},"excerpt":{"rendered":"<p data-start=\"0\" data-end=\"295\"><br data-start=\"2062\" data-end=\"2065\" \/>Le <strong data-start=\"2068\" data-end=\"2095\">couvercle Still 0727968<\/strong> est con\u00e7u pour prot\u00e9ger les m\u00e9canismes internes et les composants du chariot \u00e9l\u00e9vateur contre les agressions ext\u00e9rieures. Sa structure robuste prolonge la dur\u00e9e de vie de l\u2019\u00e9quipement et assure le bon fonctionnement du m\u00e9canisme.<\/p>\n<p data-start=\"2327\" data-end=\"2611\"><strong data-start=\"2327\" data-end=\"2349\">Caract\u00e9ristiques :<\/strong><br data-start=\"2349\" data-end=\"2352\" \/><strong data-start=\"2352\" data-end=\"2372\">Nom du produit :<\/strong> Couvercle Still<br data-start=\"2388\" data-end=\"2391\" \/><strong data-start=\"2391\" data-end=\"2406\">R\u00e9f\u00e9rence :<\/strong> 0727968<br data-start=\"2414\" data-end=\"2417\" \/><strong data-start=\"2417\" data-end=\"2431\">Mat\u00e9riau :<\/strong> Plastique haute r\u00e9sistance<br data-start=\"2458\" data-end=\"2461\" \/><strong data-start=\"2461\" data-end=\"2485\">Zone d\u2019utilisation :<\/strong> Syst\u00e8mes de capotage pour chariots Still<br data-start=\"2526\" data-end=\"2529\" \/><strong data-start=\"2529\" data-end=\"2543\">Avantage :<\/strong> Structure robuste, protection des m\u00e9canismes, longue dur\u00e9e de vie<\/p>\n<p data-start=\"2613\" data-end=\"2871\">\n","protected":false},"featured_media":14773,"template":"","meta":[],"product_brand":[],"product_cat":[241,472,524],"product_tag":[],"class_list":{"0":"post-14772","1":"product","2":"type-product","3":"status-publish","4":"has-post-thumbnail","6":"product_cat-still","7":"product_cat-kaporta-aksami","8":"product_cat-yedek-parca-still","10":"first","11":"instock","12":"taxable","13":"shipping-taxable","14":"purchasable","15":"product-type-simple"},"_links":{"self":[{"href":"https:\/\/ceoparts.com\/fr\/wp-json\/wp\/v2\/product\/14772","targetHints":{"allow":["GET"]}}],"collection":[{"href":"https:\/\/ceoparts.com\/fr\/wp-json\/wp\/v2\/product"}],"about":[{"href":"https:\/\/ceoparts.com\/fr\/wp-json\/wp\/v2\/types\/product"}],"wp:featuredmedia":[{"embeddable":true,"href":"https:\/\/ceoparts.com\/fr\/wp-json\/wp\/v2\/media\/14773"}],"wp:attachment":[{"href":"https:\/\/ceoparts.com\/fr\/wp-json\/wp\/v2\/media?parent=14772"}],"wp:term":[{"taxonomy":"product_brand","embeddable":true,"href":"https:\/\/ceoparts.com\/fr\/wp-json\/wp\/v2\/product_brand?post=14772"},{"taxonomy":"product_cat","embeddable":true,"href":"https:\/\/ceoparts.com\/fr\/wp-json\/wp\/v2\/product_cat?post=14772"},{"taxonomy":"product_tag","embeddable":true,"href":"https:\/\/ceoparts.com\/fr\/wp-json\/wp\/v2\/product_tag?post=14772"}],"curies":[{"name":"wp","href":"https:\/\/api.w.org\/{rel}","templated":true}]}}