{"id":14776,"date":"2025-02-17T17:49:18","date_gmt":"2025-02-17T14:49:18","guid":{"rendered":"https:\/\/ceoparts.com\/?post_type=product&#038;p=14776"},"modified":"2026-05-16T19:52:08","modified_gmt":"2026-05-16T16:52:08","slug":"bt-lpe200-gogus-kapagi-7530300","status":"publish","type":"product","link":"https:\/\/ceoparts.com\/fr\/urun\/bt-lpe200-gogus-kapagi-7530300\/","title":{"rendered":"BT LPE200 Couvercle du ch\u00e2ssis &#8211; 7530300"},"content":{"rendered":"<p>BT LPE200 Couvercle du ch\u00e2ssis &#8211; 7530300<\/p>","protected":false},"excerpt":{"rendered":"<p data-start=\"0\" data-end=\"271\"><br data-start=\"2280\" data-end=\"2283\" \/>Le <strong data-start=\"2286\" data-end=\"2311\">cache avant BT LPE200<\/strong> utilis\u00e9 sur les chariots \u00e9l\u00e9vateurs est un capot fonctionnel et r\u00e9sistant qui prot\u00e8ge la partie avant de l\u2019appareil contre les facteurs ext\u00e9rieurs. Sa structure solide garantit une utilisation durable contre les chocs et les conditions de travail difficiles.<\/p>\n<p data-start=\"2572\" data-end=\"2902\"><strong data-start=\"2572\" data-end=\"2594\">Caract\u00e9ristiques :<\/strong><br data-start=\"2594\" data-end=\"2597\" \/><strong data-start=\"2597\" data-end=\"2617\">Nom du produit :<\/strong> Cache avant BT LPE200<br data-start=\"2639\" data-end=\"2642\" \/><strong data-start=\"2642\" data-end=\"2657\">R\u00e9f\u00e9rence :<\/strong> 7530300<br data-start=\"2665\" data-end=\"2668\" \/><strong data-start=\"2668\" data-end=\"2682\">Mat\u00e9riau :<\/strong> Plastique haute r\u00e9sistance<br data-start=\"2709\" data-end=\"2712\" \/><strong data-start=\"2712\" data-end=\"2735\">Zone d\u2019utilisation:<\/strong> Syst\u00e8mes de protection de la fa\u00e7ade avant des chariots BT LPE200<br data-start=\"2800\" data-end=\"2803\" \/><strong data-start=\"2803\" data-end=\"2816\">Avantage:<\/strong> Structure solide, installation facile, protection contre les agressions ext\u00e9rieures<\/p>\n<p data-start=\"2904\" data-end=\"3190\">\n","protected":false},"featured_media":14779,"template":"","meta":[],"product_brand":[],"product_cat":[251,472,518],"product_tag":[],"class_list":{"0":"post-14776","1":"product","2":"type-product","3":"status-publish","4":"has-post-thumbnail","6":"product_cat-bt","7":"product_cat-kaporta-aksami","8":"product_cat-yedek-parca-bt","10":"first","11":"instock","12":"taxable","13":"shipping-taxable","14":"purchasable","15":"product-type-simple"},"_links":{"self":[{"href":"https:\/\/ceoparts.com\/fr\/wp-json\/wp\/v2\/product\/14776","targetHints":{"allow":["GET"]}}],"collection":[{"href":"https:\/\/ceoparts.com\/fr\/wp-json\/wp\/v2\/product"}],"about":[{"href":"https:\/\/ceoparts.com\/fr\/wp-json\/wp\/v2\/types\/product"}],"wp:featuredmedia":[{"embeddable":true,"href":"https:\/\/ceoparts.com\/fr\/wp-json\/wp\/v2\/media\/14779"}],"wp:attachment":[{"href":"https:\/\/ceoparts.com\/fr\/wp-json\/wp\/v2\/media?parent=14776"}],"wp:term":[{"taxonomy":"product_brand","embeddable":true,"href":"https:\/\/ceoparts.com\/fr\/wp-json\/wp\/v2\/product_brand?post=14776"},{"taxonomy":"product_cat","embeddable":true,"href":"https:\/\/ceoparts.com\/fr\/wp-json\/wp\/v2\/product_cat?post=14776"},{"taxonomy":"product_tag","embeddable":true,"href":"https:\/\/ceoparts.com\/fr\/wp-json\/wp\/v2\/product_tag?post=14776"}],"curies":[{"name":"wp","href":"https:\/\/api.w.org\/{rel}","templated":true}]}}