{"id":14781,"date":"2025-02-17T17:54:49","date_gmt":"2025-02-17T14:54:49","guid":{"rendered":"https:\/\/ceoparts.com\/?post_type=product&#038;p=14781"},"modified":"2026-05-16T22:11:21","modified_gmt":"2026-05-16T19:11:21","slug":"still-cam-31049014-51904375700","status":"publish","type":"product","link":"https:\/\/ceoparts.com\/fr\/urun\/still-cam-31049014-51904375700\/","title":{"rendered":"Still Cames &#8211; 31049014, 51904375700"},"content":{"rendered":"<p>Still Cames &#8211; 31049014, 51904375700<\/p>","protected":false},"excerpt":{"rendered":"<p data-start=\"0\" data-end=\"259\"><br data-start=\"2025\" data-end=\"2028\" \/>Le <strong data-start=\"2031\" data-end=\"2068\">cames Still 31049014, 51904375700<\/strong> est un composant durable et de haute qualit\u00e9 utilis\u00e9 dans les m\u00e9canismes des chariots \u00e9l\u00e9vateurs pour assurer mouvement et contr\u00f4le. Sa construction robuste offre une longue dur\u00e9e de vie et am\u00e9liore les performances du chariot \u00e9l\u00e9vateur.<\/p>\n<p data-start=\"2308\" data-end=\"2584\"><strong data-start=\"2308\" data-end=\"2330\">Caract\u00e9ristiques :<\/strong><br data-start=\"2330\" data-end=\"2333\" \/><strong data-start=\"2333\" data-end=\"2353\">Nom du produit :<\/strong> Cames Still<br data-start=\"2365\" data-end=\"2368\" \/><strong data-start=\"2368\" data-end=\"2383\">R\u00e9f\u00e9rence :<\/strong> 31049014, 51904375700<br data-start=\"2405\" data-end=\"2408\" \/><strong data-start=\"2408\" data-end=\"2422\">Mat\u00e9riau :<\/strong> M\u00e9tal durable<br data-start=\"2436\" data-end=\"2439\" \/><strong data-start=\"2439\" data-end=\"2463\">Zone d\u2019utilisation :<\/strong> M\u00e9canismes des chariots \u00e9l\u00e9vateurs Still<br data-start=\"2504\" data-end=\"2507\" \/><strong data-start=\"2507\" data-end=\"2521\">Avantage :<\/strong> Longue dur\u00e9e de vie, construction robuste, haute performance<\/p>\n<p data-start=\"2586\" data-end=\"2857\">\n","protected":false},"featured_media":14784,"template":"","meta":[],"product_brand":[],"product_cat":[241,472,524],"product_tag":[],"class_list":{"0":"post-14781","1":"product","2":"type-product","3":"status-publish","4":"has-post-thumbnail","6":"product_cat-still","7":"product_cat-kaporta-aksami","8":"product_cat-yedek-parca-still","10":"first","11":"instock","12":"taxable","13":"shipping-taxable","14":"purchasable","15":"product-type-simple"},"_links":{"self":[{"href":"https:\/\/ceoparts.com\/fr\/wp-json\/wp\/v2\/product\/14781","targetHints":{"allow":["GET"]}}],"collection":[{"href":"https:\/\/ceoparts.com\/fr\/wp-json\/wp\/v2\/product"}],"about":[{"href":"https:\/\/ceoparts.com\/fr\/wp-json\/wp\/v2\/types\/product"}],"wp:featuredmedia":[{"embeddable":true,"href":"https:\/\/ceoparts.com\/fr\/wp-json\/wp\/v2\/media\/14784"}],"wp:attachment":[{"href":"https:\/\/ceoparts.com\/fr\/wp-json\/wp\/v2\/media?parent=14781"}],"wp:term":[{"taxonomy":"product_brand","embeddable":true,"href":"https:\/\/ceoparts.com\/fr\/wp-json\/wp\/v2\/product_brand?post=14781"},{"taxonomy":"product_cat","embeddable":true,"href":"https:\/\/ceoparts.com\/fr\/wp-json\/wp\/v2\/product_cat?post=14781"},{"taxonomy":"product_tag","embeddable":true,"href":"https:\/\/ceoparts.com\/fr\/wp-json\/wp\/v2\/product_tag?post=14781"}],"curies":[{"name":"wp","href":"https:\/\/api.w.org\/{rel}","templated":true}]}}