{"id":14786,"date":"2025-02-18T08:55:19","date_gmt":"2025-02-18T05:55:19","guid":{"rendered":"https:\/\/ceoparts.com\/?post_type=product&#038;p=14786"},"modified":"2026-05-16T18:35:04","modified_gmt":"2026-05-16T15:35:04","slug":"linde-on-kapak-11514322900","status":"publish","type":"product","link":"https:\/\/ceoparts.com\/fr\/urun\/linde-on-kapak-11514322900\/","title":{"rendered":"Linde Couvercle avant &#8211; 11514322900"},"content":{"rendered":"<p>Linde Couvercle avant &#8211; 11514322900<\/p>","protected":false},"excerpt":{"rendered":"<p data-start=\"0\" data-end=\"305\"><br data-start=\"2398\" data-end=\"2401\" \/>Le <strong data-start=\"2404\" data-end=\"2441\">couvercle avant Linde 11514322900<\/strong> est un couvercle durable et de haute qualit\u00e9 utilis\u00e9 pour prot\u00e9ger la partie avant du chariot \u00e9l\u00e9vateur. Sa construction robuste offre une protection contre les facteurs externes et am\u00e9liore les performances et la durabilit\u00e9 du chariot \u00e9l\u00e9vateur. Facile \u00e0 installer, il permet un remplacement rapide.<\/p>\n<p data-start=\"2744\" data-end=\"3071\"><strong data-start=\"2744\" data-end=\"2766\">Caract\u00e9ristiques :<\/strong><br data-start=\"2766\" data-end=\"2769\" \/><strong data-start=\"2769\" data-end=\"2789\">Nom du produit :<\/strong> Couvercle avant Linde<br data-start=\"2811\" data-end=\"2814\" \/><strong data-start=\"2814\" data-end=\"2829\">R\u00e9f\u00e9rence :<\/strong> 11514322900<br data-start=\"2841\" data-end=\"2844\" \/><strong data-start=\"2844\" data-end=\"2858\">Mat\u00e9riau :<\/strong> Composants durables en m\u00e9tal et plastique<br data-start=\"2900\" data-end=\"2903\" \/><strong data-start=\"2903\" data-end=\"2926\">Zone d\u2019utilisation:<\/strong> Partie avant des chariots \u00e9l\u00e9vateurs Linde<br data-start=\"2969\" data-end=\"2972\" \/><strong data-start=\"2972\" data-end=\"2986\">Avantage :<\/strong> Construction durable, protection contre les facteurs externes, installation facile<\/p>\n<p data-start=\"3073\" data-end=\"3421\">\n","protected":false},"featured_media":14787,"template":"","meta":[],"product_brand":[],"product_cat":[246,472,523],"product_tag":[],"class_list":{"0":"post-14786","1":"product","2":"type-product","3":"status-publish","4":"has-post-thumbnail","6":"product_cat-linde","7":"product_cat-kaporta-aksami","8":"product_cat-yedek-parca-linde","10":"first","11":"instock","12":"taxable","13":"shipping-taxable","14":"purchasable","15":"product-type-simple"},"_links":{"self":[{"href":"https:\/\/ceoparts.com\/fr\/wp-json\/wp\/v2\/product\/14786","targetHints":{"allow":["GET"]}}],"collection":[{"href":"https:\/\/ceoparts.com\/fr\/wp-json\/wp\/v2\/product"}],"about":[{"href":"https:\/\/ceoparts.com\/fr\/wp-json\/wp\/v2\/types\/product"}],"wp:featuredmedia":[{"embeddable":true,"href":"https:\/\/ceoparts.com\/fr\/wp-json\/wp\/v2\/media\/14787"}],"wp:attachment":[{"href":"https:\/\/ceoparts.com\/fr\/wp-json\/wp\/v2\/media?parent=14786"}],"wp:term":[{"taxonomy":"product_brand","embeddable":true,"href":"https:\/\/ceoparts.com\/fr\/wp-json\/wp\/v2\/product_brand?post=14786"},{"taxonomy":"product_cat","embeddable":true,"href":"https:\/\/ceoparts.com\/fr\/wp-json\/wp\/v2\/product_cat?post=14786"},{"taxonomy":"product_tag","embeddable":true,"href":"https:\/\/ceoparts.com\/fr\/wp-json\/wp\/v2\/product_tag?post=14786"}],"curies":[{"name":"wp","href":"https:\/\/api.w.org\/{rel}","templated":true}]}}