{"id":14791,"date":"2025-02-18T09:10:31","date_gmt":"2025-02-18T06:10:31","guid":{"rendered":"https:\/\/ceoparts.com\/?post_type=product&#038;p=14791"},"modified":"2026-05-16T19:52:14","modified_gmt":"2026-05-16T16:52:14","slug":"toyota-bt-lwe200-aku-ust-kapak-256124001","status":"publish","type":"product","link":"https:\/\/ceoparts.com\/fr\/urun\/toyota-bt-lwe200-aku-ust-kapak-256124001\/","title":{"rendered":"Toyota BT \/ LPE200 Couvercle sup\u00e9rieur de batterie \u2013 256124001"},"content":{"rendered":"<p>Toyota BT \/ LPE200 Couvercle sup\u00e9rieur de batterie \u2013 256124001<\/p>","protected":false},"excerpt":{"rendered":"<p data-start=\"0\" data-end=\"267\"><br data-start=\"2251\" data-end=\"2254\" \/>Le <strong data-start=\"2257\" data-end=\"2321\">couvercle sup\u00e9rieur de batterie Toyota BT \/ LPE200 256124001<\/strong> est un couvercle robuste et de haute qualit\u00e9 con\u00e7u pour prot\u00e9ger la batterie du chariot \u00e9l\u00e9vateur. Sa construction solide assure la s\u00e9curit\u00e9 de la batterie, prot\u00e8ge contre les facteurs externes et permet une installation facile.<\/p>\n<p data-start=\"2552\" data-end=\"2913\"><strong data-start=\"2552\" data-end=\"2574\">Caract\u00e9ristiques :<\/strong><br data-start=\"2574\" data-end=\"2577\" \/><strong data-start=\"2577\" data-end=\"2597\">Nom du produit :<\/strong> Couvercle sup\u00e9rieur de batterie Toyota BT \/ LPE200<br data-start=\"2648\" data-end=\"2651\" \/><strong data-start=\"2651\" data-end=\"2666\">R\u00e9f\u00e9rence :<\/strong> 256124001<br data-start=\"2676\" data-end=\"2679\" \/><strong data-start=\"2679\" data-end=\"2693\">Mat\u00e9riau :<\/strong> Composants durables en plastique et m\u00e9tal<br data-start=\"2735\" data-end=\"2738\" \/><strong data-start=\"2738\" data-end=\"2762\">Zone d\u2019utilisation :<\/strong> Syst\u00e8mes de batterie pour chariots \u00e9l\u00e9vateurs Toyota BT LPE200<br data-start=\"2825\" data-end=\"2828\" \/><strong data-start=\"2828\" data-end=\"2842\">Avantage :<\/strong> Protection de la batterie, construction durable, installation facile<\/p>\n<p data-start=\"2915\" data-end=\"3229\">\n","protected":false},"featured_media":14792,"template":"","meta":[],"product_brand":[],"product_cat":[251,472,518,521,530],"product_tag":[],"class_list":{"0":"post-14791","1":"product","2":"type-product","3":"status-publish","4":"has-post-thumbnail","6":"product_cat-bt","7":"product_cat-kaporta-aksami","8":"product_cat-yedek-parca-bt","9":"product_cat-toyota","10":"product_cat-yedek-parca-toyota","12":"first","13":"instock","14":"taxable","15":"shipping-taxable","16":"purchasable","17":"product-type-simple"},"_links":{"self":[{"href":"https:\/\/ceoparts.com\/fr\/wp-json\/wp\/v2\/product\/14791","targetHints":{"allow":["GET"]}}],"collection":[{"href":"https:\/\/ceoparts.com\/fr\/wp-json\/wp\/v2\/product"}],"about":[{"href":"https:\/\/ceoparts.com\/fr\/wp-json\/wp\/v2\/types\/product"}],"wp:featuredmedia":[{"embeddable":true,"href":"https:\/\/ceoparts.com\/fr\/wp-json\/wp\/v2\/media\/14792"}],"wp:attachment":[{"href":"https:\/\/ceoparts.com\/fr\/wp-json\/wp\/v2\/media?parent=14791"}],"wp:term":[{"taxonomy":"product_brand","embeddable":true,"href":"https:\/\/ceoparts.com\/fr\/wp-json\/wp\/v2\/product_brand?post=14791"},{"taxonomy":"product_cat","embeddable":true,"href":"https:\/\/ceoparts.com\/fr\/wp-json\/wp\/v2\/product_cat?post=14791"},{"taxonomy":"product_tag","embeddable":true,"href":"https:\/\/ceoparts.com\/fr\/wp-json\/wp\/v2\/product_tag?post=14791"}],"curies":[{"name":"wp","href":"https:\/\/api.w.org\/{rel}","templated":true}]}}