{"id":14799,"date":"2025-02-18T09:48:10","date_gmt":"2025-02-18T06:48:10","guid":{"rendered":"https:\/\/ceoparts.com\/?post_type=product&#038;p=14799"},"modified":"2026-05-16T21:02:26","modified_gmt":"2026-05-16T18:02:26","slug":"still-exu-kol-amorsitoru-4482725","status":"publish","type":"product","link":"https:\/\/ceoparts.com\/fr\/urun\/still-exu-kol-amorsitoru-4482725\/","title":{"rendered":"Still EXU Amortisseur de bras &#8211; 4482725"},"content":{"rendered":"<p>Still EXU Amortisseur de bras &#8211; 4482725<\/p>\n<p>STILL 4482725 STABILUS<\/p>\n<p>Still EXU W40154<\/p>\n<p>Still EXU W40152<\/p>\n<p>Still 4482725<\/p>","protected":false},"excerpt":{"rendered":"<p data-start=\"0\" data-end=\"284\"><br data-start=\"2257\" data-end=\"2260\" \/>L\u2019<strong data-start=\"2262\" data-end=\"2303\">amortisseur de bras Still EXU 4482725<\/strong> est un v\u00e9rin \u00e0 gaz de haute qualit\u00e9 utilis\u00e9 dans les chariots \u00e9l\u00e9vateurs pour garantir le mouvement \u00e9quilibr\u00e9 et contr\u00f4l\u00e9 du bras op\u00e9rateur. Sa structure robuste assure une longue dur\u00e9e de vie et r\u00e9duit les vibrations pour un confort de conduite optimal.<\/p>\n<p data-start=\"2560\" data-end=\"2873\"><strong data-start=\"2560\" data-end=\"2582\">Caract\u00e9ristiques :<\/strong><br data-start=\"2582\" data-end=\"2585\" \/><strong data-start=\"2585\" data-end=\"2605\">Nom du produit :<\/strong> Amortisseur de bras Still EXU<br data-start=\"2635\" data-end=\"2638\" \/><strong data-start=\"2638\" data-end=\"2653\">R\u00e9f\u00e9rence :<\/strong> 4482725<br data-start=\"2661\" data-end=\"2664\" \/><strong data-start=\"2664\" data-end=\"2678\">Mat\u00e9riau :<\/strong> V\u00e9rin \u00e0 gaz et corps m\u00e9tallique robuste<br data-start=\"2718\" data-end=\"2721\" \/><strong data-start=\"2721\" data-end=\"2744\">Zone d\u2019utilisation:<\/strong> Syst\u00e8mes de bras des chariots \u00e9l\u00e9vateurs Still<br data-start=\"2791\" data-end=\"2794\" \/><strong data-start=\"2794\" data-end=\"2807\">Avantage:<\/strong> Mouvement fluide, r\u00e9duction des vibrations, longue dur\u00e9e de vie<\/p>\n<p data-start=\"2875\" data-end=\"3178\">\n","protected":false},"featured_media":14801,"template":"","meta":[],"product_brand":[],"product_cat":[241,497,524],"product_tag":[],"class_list":{"0":"post-14799","1":"product","2":"type-product","3":"status-publish","4":"has-post-thumbnail","6":"product_cat-still","7":"product_cat-amortisor-grubu","8":"product_cat-yedek-parca-still","10":"first","11":"instock","12":"taxable","13":"shipping-taxable","14":"purchasable","15":"product-type-simple"},"_links":{"self":[{"href":"https:\/\/ceoparts.com\/fr\/wp-json\/wp\/v2\/product\/14799","targetHints":{"allow":["GET"]}}],"collection":[{"href":"https:\/\/ceoparts.com\/fr\/wp-json\/wp\/v2\/product"}],"about":[{"href":"https:\/\/ceoparts.com\/fr\/wp-json\/wp\/v2\/types\/product"}],"wp:featuredmedia":[{"embeddable":true,"href":"https:\/\/ceoparts.com\/fr\/wp-json\/wp\/v2\/media\/14801"}],"wp:attachment":[{"href":"https:\/\/ceoparts.com\/fr\/wp-json\/wp\/v2\/media?parent=14799"}],"wp:term":[{"taxonomy":"product_brand","embeddable":true,"href":"https:\/\/ceoparts.com\/fr\/wp-json\/wp\/v2\/product_brand?post=14799"},{"taxonomy":"product_cat","embeddable":true,"href":"https:\/\/ceoparts.com\/fr\/wp-json\/wp\/v2\/product_cat?post=14799"},{"taxonomy":"product_tag","embeddable":true,"href":"https:\/\/ceoparts.com\/fr\/wp-json\/wp\/v2\/product_tag?post=14799"}],"curies":[{"name":"wp","href":"https:\/\/api.w.org\/{rel}","templated":true}]}}