{"id":14805,"date":"2025-02-18T10:25:51","date_gmt":"2025-02-18T07:25:51","guid":{"rendered":"https:\/\/ceoparts.com\/?post_type=product&#038;p=14805"},"modified":"2026-05-16T19:52:03","modified_gmt":"2026-05-16T16:52:03","slug":"still-linde-ecu-kol-amortisoru-0009655720","status":"publish","type":"product","link":"https:\/\/ceoparts.com\/fr\/urun\/still-linde-ecu-kol-amortisoru-0009655720\/","title":{"rendered":"Still \/ Linde ECU Amortisseur de bras &#8211; 0009655720"},"content":{"rendered":"<p>Still \/ Linde ECU Amortisseur de bras &#8211; 0009655720<\/p>\n<p>Force (N) : 400<br data-start=\"739\" data-end=\"742\" \/>Longueur (mm) : 270<br data-start=\"761\" data-end=\"764\" \/>Diam\u00e8tre du piston (mm) : 18<br data-start=\"792\" data-end=\"795\" \/>Diam\u00e8tre de la tige du piston (mm) : 8<br data-start=\"833\" data-end=\"836\" \/>Diam\u00e8tre du trou de connexion (mm) : 8,30<\/p>\n<p><\/p>","protected":false},"excerpt":{"rendered":"<p data-start=\"0\" data-end=\"288\"><br data-start=\"2376\" data-end=\"2379\" \/>L\u2019<strong data-start=\"2381\" data-end=\"2433\">amortisseur de bras Still \/ Linde ECU 0009655720<\/strong> est un v\u00e9rin \u00e0 gaz de haute qualit\u00e9 utilis\u00e9 dans les chariots \u00e9l\u00e9vateurs pour garantir le mouvement \u00e9quilibr\u00e9 et contr\u00f4l\u00e9 du bras op\u00e9rateur. Sa structure robuste assure une longue dur\u00e9e de vie et r\u00e9duit les vibrations pour un confort de conduite optimal.<\/p>\n<p data-start=\"2690\" data-end=\"3023\"><strong data-start=\"2690\" data-end=\"2712\">Caract\u00e9ristiques :<\/strong><br data-start=\"2712\" data-end=\"2715\" \/><strong data-start=\"2715\" data-end=\"2735\">Nom du produit :<\/strong> Amortisseur de bras Still \/ Linde ECU<br data-start=\"2773\" data-end=\"2776\" \/><strong data-start=\"2776\" data-end=\"2791\">R\u00e9f\u00e9rence :<\/strong> 0009655720<br data-start=\"2802\" data-end=\"2805\" \/><strong data-start=\"2805\" data-end=\"2819\">Mat\u00e9riau :<\/strong> V\u00e9rin \u00e0 gaz et corps m\u00e9tallique robuste<br data-start=\"2859\" data-end=\"2862\" \/><strong data-start=\"2862\" data-end=\"2885\">Zone d\u2019utilisation:<\/strong> Syst\u00e8mes de bras des chariots \u00e9l\u00e9vateurs Still et Linde<br data-start=\"2941\" data-end=\"2944\" \/><strong data-start=\"2944\" data-end=\"2957\">Avantage:<\/strong> Mouvement fluide, r\u00e9duction des vibrations, longue dur\u00e9e de vie<\/p>\n<p data-start=\"3025\" data-end=\"3339\">\n","protected":false},"featured_media":14816,"template":"","meta":[],"product_brand":[],"product_cat":[524,241,246,497,523],"product_tag":[],"class_list":{"0":"post-14805","1":"product","2":"type-product","3":"status-publish","4":"has-post-thumbnail","6":"product_cat-yedek-parca-still","7":"product_cat-still","8":"product_cat-linde","9":"product_cat-amortisor-grubu","10":"product_cat-yedek-parca-linde","12":"first","13":"instock","14":"taxable","15":"shipping-taxable","16":"purchasable","17":"product-type-simple"},"_links":{"self":[{"href":"https:\/\/ceoparts.com\/fr\/wp-json\/wp\/v2\/product\/14805","targetHints":{"allow":["GET"]}}],"collection":[{"href":"https:\/\/ceoparts.com\/fr\/wp-json\/wp\/v2\/product"}],"about":[{"href":"https:\/\/ceoparts.com\/fr\/wp-json\/wp\/v2\/types\/product"}],"wp:featuredmedia":[{"embeddable":true,"href":"https:\/\/ceoparts.com\/fr\/wp-json\/wp\/v2\/media\/14816"}],"wp:attachment":[{"href":"https:\/\/ceoparts.com\/fr\/wp-json\/wp\/v2\/media?parent=14805"}],"wp:term":[{"taxonomy":"product_brand","embeddable":true,"href":"https:\/\/ceoparts.com\/fr\/wp-json\/wp\/v2\/product_brand?post=14805"},{"taxonomy":"product_cat","embeddable":true,"href":"https:\/\/ceoparts.com\/fr\/wp-json\/wp\/v2\/product_cat?post=14805"},{"taxonomy":"product_tag","embeddable":true,"href":"https:\/\/ceoparts.com\/fr\/wp-json\/wp\/v2\/product_tag?post=14805"}],"curies":[{"name":"wp","href":"https:\/\/api.w.org\/{rel}","templated":true}]}}