{"id":14812,"date":"2025-02-18T10:39:50","date_gmt":"2025-02-18T07:39:50","guid":{"rendered":"https:\/\/ceoparts.com\/?post_type=product&#038;p=14812"},"modified":"2026-05-16T18:47:01","modified_gmt":"2026-05-16T15:47:01","slug":"still-linde-exvsf-kol-amortisoru-0009655733","status":"publish","type":"product","link":"https:\/\/ceoparts.com\/fr\/urun\/still-linde-exvsf-kol-amortisoru-0009655733\/","title":{"rendered":"Still \/ Linde EXVSF Amortisseur de bras &#8211; 0009655733"},"content":{"rendered":"<p>Still \/ Linde EXVSF Amortisseur de bras &#8211; 0009655733<\/p>\n<p><\/p>\n<table class=\"transparant\">\n<tbody>\n<tr>\n<th class=\"alignLeft\" title=\"TY-AT\"><span style=\"color: #000000; font-family: Times New Roman; font-size: medium;\">Type of application<\/span><\/th>\n<td><span style=\"color: #000000; font-family: Times New Roman; font-size: medium;\">GAS SPRING<\/span><\/td>\n<\/tr>\n<tr>\n<th class=\"alignLeft\" title=\"TY-GA\"><span style=\"color: #000000; font-family: Times New Roman; font-size: medium;\">Type of gas spring\/shock absorber<\/span><\/th>\n<td><span style=\"color: #000000; font-family: Times New Roman; font-size: medium;\">PUSH TYPE<\/span><\/td>\n<\/tr>\n<tr>\n<th class=\"alignLeft\" title=\"D1\"><span style=\"color: #000000; font-family: Times New Roman; font-size: medium;\">Piston rod diameter D1 (mm)<\/span><\/th>\n<td><span style=\"color: #000000; font-family: Times New Roman; font-size: medium;\">10<\/span><\/td>\n<\/tr>\n<tr>\n<th class=\"alignLeft\" title=\"N\"><span style=\"color: #000000; font-family: Times New Roman; font-size: medium;\">Strength (N)<\/span><\/th>\n<td><span style=\"color: #000000; font-family: Times New Roman; font-size: medium;\">1300<\/span><\/td>\n<\/tr>\n<tr>\n<th class=\"alignLeft\" title=\"C1\"><span style=\"color: #000000; font-family: Times New Roman; font-size: medium;\">Centre distance C1 (mm)<\/span><\/th>\n<td><span style=\"color: #000000; font-family: Times New Roman; font-size: medium;\">165<\/span><\/td>\n<\/tr>\n<tr>\n<th class=\"alignLeft\" title=\"L1\"><span style=\"color: #000000; font-family: Times New Roman; font-size: medium;\">Piston rod length L1 (mm)<\/span><\/th>\n<td><span style=\"color: #000000; font-family: Times New Roman; font-size: medium;\">50<\/span><\/td>\n<\/tr>\n<tr>\n<th class=\"alignLeft\" title=\"TY-CO1\"><span style=\"color: #000000; font-family: Times New Roman; font-size: medium;\">Type of connection piston rod side<\/span><\/th>\n<td><span style=\"color: #000000; font-family: Times New Roman; font-size: medium;\">TYPE A<\/span><\/td>\n<\/tr>\n<tr>\n<th class=\"alignLeft\" title=\"H1a\"><span style=\"color: #000000; font-family: Times New Roman; font-size: medium;\">Mounting height H1a (mm)<\/span><\/th>\n<td><span style=\"color: #000000; font-family: Times New Roman; font-size: medium;\">26.5<\/span><\/td>\n<\/tr>\n<tr>\n<th class=\"alignLeft\" title=\"L3a\"><span style=\"color: #000000; font-family: Times New Roman; font-size: medium;\">Overall length L3a (mm)<\/span><\/th>\n<td><span style=\"color: #000000; font-family: Times New Roman; font-size: medium;\">29.5<\/span><\/td>\n<\/tr>\n<tr>\n<th class=\"alignLeft\" title=\"L4a\"><span style=\"color: #000000; font-family: Times New Roman; font-size: medium;\">Connecting distance L4a (mm)<\/span><\/th>\n<td><span style=\"color: #000000; font-family: Times New Roman; font-size: medium;\">18<\/span><\/td>\n<\/tr>\n<tr>\n<th class=\"alignLeft\" title=\"TA1a\"><span style=\"color: #000000; font-family: Times New Roman; font-size: medium;\">Thread of mounting TA1a<\/span><\/th>\n<td><span style=\"color: #000000; font-family: Times New Roman; font-size: medium;\">M6<\/span><\/td>\n<\/tr>\n<tr>\n<th class=\"alignLeft\" title=\"TA2a\"><span style=\"color: #000000; font-family: Times New Roman; font-size: medium;\">Thread of ball TA2a<\/span><\/th>\n<td><span style=\"color: #000000; font-family: Times New Roman; font-size: medium;\">M8<\/span><\/td>\n<\/tr>\n<tr>\n<th class=\"alignLeft\" title=\"BAa\"><span style=\"color: #000000; font-family: Times New Roman; font-size: medium;\">Ball present<\/span><\/th>\n<td><span style=\"color: #000000; font-family: Times New Roman; font-size: medium;\">YES<\/span><\/td>\n<\/tr>\n<tr>\n<th class=\"alignLeft\" title=\"TY-BUa\"><span style=\"color: #000000; font-family: Times New Roman; font-size: medium;\">Bushing present<\/span><\/th>\n<td><span style=\"color: #000000; font-family: Times New Roman; font-size: medium;\">NO<\/span><\/td>\n<\/tr>\n<tr>\n<th class=\"alignLeft\" title=\"TY-CO2\"><span style=\"color: #000000; font-family: Times New Roman; font-size: medium;\">Type of connection piston side<\/span><\/th>\n<td><span style=\"color: #000000; font-family: Times New Roman; font-size: medium;\">TYPE L<\/span><\/td>\n<\/tr>\n<tr>\n<th class=\"alignLeft\" title=\"TA1b\"><span style=\"color: #000000; font-family: Times New Roman; font-size: medium;\">Thread of mounting TA1b<\/span><\/th>\n<td><span style=\"color: #000000; font-family: Times New Roman; font-size: medium;\">M8<\/span><\/td>\n<\/tr>\n<tr>\n<th class=\"alignLeft\" title=\"BAb\"><span style=\"color: #000000; font-family: Times New Roman; font-size: medium;\">Ball present<\/span><\/th>\n<td><span style=\"color: #000000; font-family: Times New Roman; font-size: medium;\">NO<\/span><\/td>\n<\/tr>\n<tr>\n<th class=\"alignLeft\" title=\"TY-BUb\"><span style=\"color: #000000; font-family: Times New Roman; font-size: medium;\">Bushing present<\/span><\/th>\n<td><span style=\"color: #000000; font-family: Times New Roman; font-size: medium;\">NO<\/span><\/td>\n<\/tr>\n<\/tbody>\n<\/table>\n<p>&nbsp;<\/p>\n<table border=\"0\" width=\"438\" cellspacing=\"0\" cellpadding=\"0\">\n<colgroup>\n<col width=\"82\" \/>\n<col width=\"356\" \/><\/colgroup>\n<tbody>\n<tr>\n<td class=\"xl65\" width=\"82\" height=\"20\"><span style=\"font-family: Calibri;\">360<\/span><\/td>\n<td width=\"356\"><span style=\"font-family: Calibri;\">T16\/T18\/T20<\/span><\/td>\n<\/tr>\n<tr>\n<td class=\"xl65\" height=\"20\"><span style=\"font-family: Calibri;\">360<\/span><\/td>\n<td><span style=\"font-family: Calibri;\">T16\/T18\/T20\/T16L<\/span><\/td>\n<\/tr>\n<tr>\n<td class=\"xl65\" height=\"20\"><span style=\"font-family: Calibri;\">379<\/span><\/td>\n<td><span style=\"font-family: Calibri;\">L10\/12-L10\/12AS<\/span><\/td>\n<\/tr>\n<\/tbody>\n<\/table>\n<p><\/p>","protected":false},"excerpt":{"rendered":"<p data-start=\"0\" data-end=\"288\"><br data-start=\"2387\" data-end=\"2390\" \/>L\u2019<strong data-start=\"2392\" data-end=\"2446\">amortisseur de bras Still \/ Linde EXVSF 0009655733<\/strong> est un v\u00e9rin \u00e0 gaz de haute qualit\u00e9 utilis\u00e9 dans les chariots \u00e9l\u00e9vateurs pour garantir le mouvement \u00e9quilibr\u00e9 et contr\u00f4l\u00e9 du bras op\u00e9rateur. Sa structure robuste assure une longue dur\u00e9e de vie et r\u00e9duit les vibrations pour un confort de conduite optimal.<\/p>\n<p data-start=\"2703\" data-end=\"3038\"><strong data-start=\"2703\" data-end=\"2725\">Caract\u00e9ristiques :<\/strong><br data-start=\"2725\" data-end=\"2728\" \/><strong data-start=\"2728\" data-end=\"2748\">Nom du produit :<\/strong> Amortisseur de bras Still \/ Linde EXVSF<br data-start=\"2788\" data-end=\"2791\" \/><strong data-start=\"2791\" data-end=\"2806\">R\u00e9f\u00e9rence :<\/strong> 0009655733<br data-start=\"2817\" data-end=\"2820\" \/><strong data-start=\"2820\" data-end=\"2834\">Mat\u00e9riau :<\/strong> V\u00e9rin \u00e0 gaz et corps m\u00e9tallique robuste<br data-start=\"2874\" data-end=\"2877\" \/><strong data-start=\"2877\" data-end=\"2900\">Zone d\u2019utilisation:<\/strong> Syst\u00e8mes de bras des chariots \u00e9l\u00e9vateurs Still et Linde<br data-start=\"2956\" data-end=\"2959\" \/><strong data-start=\"2959\" data-end=\"2972\">Avantage:<\/strong> Mouvement fluide, r\u00e9duction des vibrations, longue dur\u00e9e de vie<\/p>\n<p data-start=\"3040\" data-end=\"3356\">\n","protected":false},"featured_media":14813,"template":"","meta":[],"product_brand":[],"product_cat":[241,246,497,523,524],"product_tag":[],"class_list":{"0":"post-14812","1":"product","2":"type-product","3":"status-publish","4":"has-post-thumbnail","6":"product_cat-still","7":"product_cat-linde","8":"product_cat-amortisor-grubu","9":"product_cat-yedek-parca-linde","10":"product_cat-yedek-parca-still","12":"first","13":"instock","14":"taxable","15":"shipping-taxable","16":"purchasable","17":"product-type-simple"},"_links":{"self":[{"href":"https:\/\/ceoparts.com\/fr\/wp-json\/wp\/v2\/product\/14812","targetHints":{"allow":["GET"]}}],"collection":[{"href":"https:\/\/ceoparts.com\/fr\/wp-json\/wp\/v2\/product"}],"about":[{"href":"https:\/\/ceoparts.com\/fr\/wp-json\/wp\/v2\/types\/product"}],"wp:featuredmedia":[{"embeddable":true,"href":"https:\/\/ceoparts.com\/fr\/wp-json\/wp\/v2\/media\/14813"}],"wp:attachment":[{"href":"https:\/\/ceoparts.com\/fr\/wp-json\/wp\/v2\/media?parent=14812"}],"wp:term":[{"taxonomy":"product_brand","embeddable":true,"href":"https:\/\/ceoparts.com\/fr\/wp-json\/wp\/v2\/product_brand?post=14812"},{"taxonomy":"product_cat","embeddable":true,"href":"https:\/\/ceoparts.com\/fr\/wp-json\/wp\/v2\/product_cat?post=14812"},{"taxonomy":"product_tag","embeddable":true,"href":"https:\/\/ceoparts.com\/fr\/wp-json\/wp\/v2\/product_tag?post=14812"}],"curies":[{"name":"wp","href":"https:\/\/api.w.org\/{rel}","templated":true}]}}