{"id":14857,"date":"2025-02-18T14:30:15","date_gmt":"2025-02-18T11:30:15","guid":{"rendered":"https:\/\/ceoparts.com\/?post_type=product&#038;p=14857"},"modified":"2026-05-16T19:25:22","modified_gmt":"2026-05-16T16:25:22","slug":"bt-kol-amortisoru-300n-7600561","status":"publish","type":"product","link":"https:\/\/ceoparts.com\/fr\/urun\/bt-kol-amortisoru-300n-7600561\/","title":{"rendered":"Amortisseur de bras BT 300N &#8211; 7600561"},"content":{"rendered":"<p>Amortisseur de bras BT 300N &#8211; 7600561<\/p>","protected":false},"excerpt":{"rendered":"<p data-start=\"0\" data-end=\"296\"><br data-start=\"2270\" data-end=\"2273\" \/>L\u2019<strong data-start=\"2275\" data-end=\"2306\">amortisseur de bras BT 300N<\/strong> est un v\u00e9rin \u00e0 gaz de haute qualit\u00e9 utilis\u00e9 dans les chariots \u00e9l\u00e9vateurs pour garantir le mouvement \u00e9quilibr\u00e9 et contr\u00f4l\u00e9 du bras op\u00e9rateur. Avec une force de 300N, il offre une utilisation s\u00fbre et confortable ainsi qu\u2019une performance durable et efficace.<\/p>\n<p data-start=\"2564\" data-end=\"2864\"><strong data-start=\"2564\" data-end=\"2586\">Caract\u00e9ristiques :<\/strong><br data-start=\"2586\" data-end=\"2589\" \/><strong data-start=\"2589\" data-end=\"2609\">Nom du produit :<\/strong> Amortisseur de bras BT 300N<br data-start=\"2637\" data-end=\"2640\" \/><strong data-start=\"2640\" data-end=\"2655\">R\u00e9f\u00e9rence :<\/strong> 7600561<br data-start=\"2663\" data-end=\"2666\" \/><strong data-start=\"2666\" data-end=\"2680\">Mat\u00e9riau :<\/strong> V\u00e9rin \u00e0 gaz et corps m\u00e9tallique robuste<br data-start=\"2720\" data-end=\"2723\" \/><strong data-start=\"2723\" data-end=\"2746\">Zone d\u2019utilisation:<\/strong> Syst\u00e8mes de bras des chariots \u00e9l\u00e9vateurs BT<br data-start=\"2790\" data-end=\"2793\" \/><strong data-start=\"2793\" data-end=\"2806\">Avantage:<\/strong> Force de 300N, mouvement \u00e9quilibr\u00e9, longue dur\u00e9e de vie<\/p>\n<p data-start=\"2866\" data-end=\"3174\">\n","protected":false},"featured_media":14859,"template":"","meta":[],"product_brand":[],"product_cat":[251,497,518],"product_tag":[],"class_list":{"0":"post-14857","1":"product","2":"type-product","3":"status-publish","4":"has-post-thumbnail","6":"product_cat-bt","7":"product_cat-amortisor-grubu","8":"product_cat-yedek-parca-bt","10":"first","11":"instock","12":"taxable","13":"shipping-taxable","14":"purchasable","15":"product-type-simple"},"_links":{"self":[{"href":"https:\/\/ceoparts.com\/fr\/wp-json\/wp\/v2\/product\/14857","targetHints":{"allow":["GET"]}}],"collection":[{"href":"https:\/\/ceoparts.com\/fr\/wp-json\/wp\/v2\/product"}],"about":[{"href":"https:\/\/ceoparts.com\/fr\/wp-json\/wp\/v2\/types\/product"}],"wp:featuredmedia":[{"embeddable":true,"href":"https:\/\/ceoparts.com\/fr\/wp-json\/wp\/v2\/media\/14859"}],"wp:attachment":[{"href":"https:\/\/ceoparts.com\/fr\/wp-json\/wp\/v2\/media?parent=14857"}],"wp:term":[{"taxonomy":"product_brand","embeddable":true,"href":"https:\/\/ceoparts.com\/fr\/wp-json\/wp\/v2\/product_brand?post=14857"},{"taxonomy":"product_cat","embeddable":true,"href":"https:\/\/ceoparts.com\/fr\/wp-json\/wp\/v2\/product_cat?post=14857"},{"taxonomy":"product_tag","embeddable":true,"href":"https:\/\/ceoparts.com\/fr\/wp-json\/wp\/v2\/product_tag?post=14857"}],"curies":[{"name":"wp","href":"https:\/\/api.w.org\/{rel}","templated":true}]}}