{"id":14862,"date":"2025-02-18T14:38:09","date_gmt":"2025-02-18T11:38:09","guid":{"rendered":"https:\/\/ceoparts.com\/?post_type=product&#038;p=14862"},"modified":"2026-05-16T17:22:56","modified_gmt":"2026-05-16T14:22:56","slug":"jungheinrich-ejc-kol-amortisoru-525n-51129641","status":"publish","type":"product","link":"https:\/\/ceoparts.com\/fr\/urun\/jungheinrich-ejc-kol-amortisoru-525n-51129641\/","title":{"rendered":"Amortisseur de bras Jungheinrich Ejc 525N &#8211; 51129641"},"content":{"rendered":"<p>Amortisseur de bras Jungheinrich Ejc 525N &#8211; 51129641<\/p>\n<p><\/p>","protected":false},"excerpt":{"rendered":"<p data-start=\"0\" data-end=\"305\"><br data-start=\"2429\" data-end=\"2432\" \/>L\u2019<strong data-start=\"2434\" data-end=\"2479\">amortisseur de bras Jungheinrich EJC 525N<\/strong> est un v\u00e9rin \u00e0 gaz de haute qualit\u00e9 utilis\u00e9 dans les chariots \u00e9l\u00e9vateurs pour garantir un mouvement fluide et contr\u00f4l\u00e9 du bras op\u00e9rateur. Avec une force de 525N, il assure une utilisation en toute s\u00e9curit\u00e9 et r\u00e9duit les vibrations pour am\u00e9liorer le confort de conduite.<\/p>\n<p data-start=\"2751\" data-end=\"3080\"><strong data-start=\"2751\" data-end=\"2773\">Caract\u00e9ristiques :<\/strong><br data-start=\"2773\" data-end=\"2776\" \/><strong data-start=\"2776\" data-end=\"2796\">Nom du produit :<\/strong> Amortisseur de bras Jungheinrich EJC 525N<br data-start=\"2838\" data-end=\"2841\" \/><strong data-start=\"2841\" data-end=\"2856\">R\u00e9f\u00e9rence :<\/strong> 51129641<br data-start=\"2865\" data-end=\"2868\" \/><strong data-start=\"2868\" data-end=\"2882\">Mat\u00e9riau :<\/strong> V\u00e9rin \u00e0 gaz et corps m\u00e9tallique robuste<br data-start=\"2922\" data-end=\"2925\" \/><strong data-start=\"2925\" data-end=\"2948\">Zone d\u2019utilisation:<\/strong> Syst\u00e8mes de bras des chariots \u00e9l\u00e9vateurs Jungheinrich EJC<br data-start=\"3006\" data-end=\"3009\" \/><strong data-start=\"3009\" data-end=\"3022\">Avantage:<\/strong> Force de 525N, mouvement \u00e9quilibr\u00e9, longue dur\u00e9e de vie<\/p>\n<p data-start=\"3082\" data-end=\"3404\">\n","protected":false},"featured_media":14863,"template":"","meta":[],"product_brand":[],"product_cat":[236,497,522],"product_tag":[],"class_list":{"0":"post-14862","1":"product","2":"type-product","3":"status-publish","4":"has-post-thumbnail","6":"product_cat-jungheinrich","7":"product_cat-amortisor-grubu","8":"product_cat-yedek-parca-jungheinrich","10":"first","11":"instock","12":"taxable","13":"shipping-taxable","14":"purchasable","15":"product-type-simple"},"_links":{"self":[{"href":"https:\/\/ceoparts.com\/fr\/wp-json\/wp\/v2\/product\/14862","targetHints":{"allow":["GET"]}}],"collection":[{"href":"https:\/\/ceoparts.com\/fr\/wp-json\/wp\/v2\/product"}],"about":[{"href":"https:\/\/ceoparts.com\/fr\/wp-json\/wp\/v2\/types\/product"}],"wp:featuredmedia":[{"embeddable":true,"href":"https:\/\/ceoparts.com\/fr\/wp-json\/wp\/v2\/media\/14863"}],"wp:attachment":[{"href":"https:\/\/ceoparts.com\/fr\/wp-json\/wp\/v2\/media?parent=14862"}],"wp:term":[{"taxonomy":"product_brand","embeddable":true,"href":"https:\/\/ceoparts.com\/fr\/wp-json\/wp\/v2\/product_brand?post=14862"},{"taxonomy":"product_cat","embeddable":true,"href":"https:\/\/ceoparts.com\/fr\/wp-json\/wp\/v2\/product_cat?post=14862"},{"taxonomy":"product_tag","embeddable":true,"href":"https:\/\/ceoparts.com\/fr\/wp-json\/wp\/v2\/product_tag?post=14862"}],"curies":[{"name":"wp","href":"https:\/\/api.w.org\/{rel}","templated":true}]}}