{"id":14873,"date":"2025-02-18T15:10:31","date_gmt":"2025-02-18T12:10:31","guid":{"rendered":"https:\/\/ceoparts.com\/?post_type=product&#038;p=14873"},"modified":"2026-05-16T06:16:18","modified_gmt":"2026-05-16T03:16:18","slug":"bt-lpe-dayanma-kolu-amortisoru-stabilus-155848-0060n-7595627","status":"publish","type":"product","link":"https:\/\/ceoparts.com\/fr\/urun\/bt-lpe-dayanma-kolu-amortisoru-stabilus-155848-0060n-7595627\/","title":{"rendered":"Amortisseur de bras de support BT LPE &#8211; 7595627"},"content":{"rendered":"<p>Amortisseur de bras de support BT LPE &#8211; 7595627<\/p>","protected":false},"excerpt":{"rendered":"<p data-start=\"0\" data-end=\"263\"><br data-start=\"2300\" data-end=\"2303\" \/><strong data-start=\"2303\" data-end=\"2368\">L\u2019amortisseur de support de bras BT LPE <\/strong>\u00a0est un v\u00e9rin \u00e0 gaz con\u00e7u pour offrir un soutien stable et fluide \u00e0 l\u2019unit\u00e9 d\u2019accoudoir dans les chariots \u00e9l\u00e9vateurs. Fabriqu\u00e9 par STABILUS, il est reconnu pour sa durabilit\u00e9 et sa performance fiable.<\/p>\n<p data-start=\"2570\" data-end=\"2896\"><strong data-start=\"2570\" data-end=\"2592\">Caract\u00e9ristiques :<\/strong><br data-start=\"2592\" data-end=\"2595\" \/><strong data-start=\"2595\" data-end=\"2615\">Nom du produit :<\/strong> Amortisseur de support de bras BT LPE\u00a0<br data-start=\"2675\" data-end=\"2678\" \/><strong data-start=\"2678\" data-end=\"2693\">R\u00e9f\u00e9rence :<\/strong> 7595627<br data-start=\"2701\" data-end=\"2704\" \/><strong data-start=\"2704\" data-end=\"2718\">Mat\u00e9riau :<\/strong> Corps en acier avec piston \u00e0 gaz<br data-start=\"2751\" data-end=\"2754\" \/><strong data-start=\"2754\" data-end=\"2777\">Zone d\u2019utilisation:<\/strong> M\u00e9canismes d\u2019accoudoirs des chariots BT LPE<br data-start=\"2821\" data-end=\"2824\" \/><strong data-start=\"2824\" data-end=\"2837\">Avantage:<\/strong> Mouvement fluide, usage durable, qualit\u00e9 fiable STABILUS<\/p>\n<p data-start=\"2898\" data-end=\"3169\">\n","protected":false},"featured_media":14876,"template":"","meta":[],"product_brand":[],"product_cat":[251,497,518],"product_tag":[],"class_list":{"0":"post-14873","1":"product","2":"type-product","3":"status-publish","4":"has-post-thumbnail","6":"product_cat-bt","7":"product_cat-amortisor-grubu","8":"product_cat-yedek-parca-bt","10":"first","11":"instock","12":"taxable","13":"shipping-taxable","14":"purchasable","15":"product-type-simple"},"_links":{"self":[{"href":"https:\/\/ceoparts.com\/fr\/wp-json\/wp\/v2\/product\/14873","targetHints":{"allow":["GET"]}}],"collection":[{"href":"https:\/\/ceoparts.com\/fr\/wp-json\/wp\/v2\/product"}],"about":[{"href":"https:\/\/ceoparts.com\/fr\/wp-json\/wp\/v2\/types\/product"}],"wp:featuredmedia":[{"embeddable":true,"href":"https:\/\/ceoparts.com\/fr\/wp-json\/wp\/v2\/media\/14876"}],"wp:attachment":[{"href":"https:\/\/ceoparts.com\/fr\/wp-json\/wp\/v2\/media?parent=14873"}],"wp:term":[{"taxonomy":"product_brand","embeddable":true,"href":"https:\/\/ceoparts.com\/fr\/wp-json\/wp\/v2\/product_brand?post=14873"},{"taxonomy":"product_cat","embeddable":true,"href":"https:\/\/ceoparts.com\/fr\/wp-json\/wp\/v2\/product_cat?post=14873"},{"taxonomy":"product_tag","embeddable":true,"href":"https:\/\/ceoparts.com\/fr\/wp-json\/wp\/v2\/product_tag?post=14873"}],"curies":[{"name":"wp","href":"https:\/\/api.w.org\/{rel}","templated":true}]}}