{"id":14884,"date":"2025-02-18T16:10:50","date_gmt":"2025-02-18T13:10:50","guid":{"rendered":"https:\/\/ceoparts.com\/?post_type=product&#038;p=14884"},"modified":"2026-05-16T11:49:38","modified_gmt":"2026-05-16T08:49:38","slug":"altigen-anahtarli-akulu-su-tabancasi","status":"publish","type":"product","link":"https:\/\/ceoparts.com\/fr\/urun\/altigen-anahtarli-akulu-su-tabancasi\/","title":{"rendered":"Pistolet \u00e0 eau aliment\u00e9 par batterie avec cl\u00e9 hexagonale"},"content":{"rendered":"<p>Pistolet \u00e0 eau aliment\u00e9 par batterie avec cl\u00e9 hexagonale<\/p>","protected":false},"excerpt":{"rendered":"<p data-start=\"0\" data-end=\"307\"><br data-start=\"2414\" data-end=\"2417\" \/>Le <strong data-start=\"2420\" data-end=\"2472\">pistolet \u00e0 eau pour batterie avec cl\u00e9 hexagonale<\/strong> est un outil ergonomique con\u00e7u pour le remplissage s\u00e9curis\u00e9 et efficace des cellules de batterie sur les chariots \u00e9l\u00e9vateurs. Son raccord hexagonal permet une fixation et un retrait faciles ainsi qu\u2019un remplissage contr\u00f4l\u00e9.<\/p>\n<p data-start=\"2698\" data-end=\"3057\"><strong data-start=\"2698\" data-end=\"2720\">Caract\u00e9ristiques :<\/strong><br data-start=\"2720\" data-end=\"2723\" \/><strong data-start=\"2723\" data-end=\"2743\">Nom du produit :<\/strong> Pistolet \u00e0 eau pour batterie avec cl\u00e9 hexagonale<br data-start=\"2792\" data-end=\"2795\" \/><strong data-start=\"2795\" data-end=\"2810\">R\u00e9f\u00e9rence :<\/strong> Aucune<br data-start=\"2817\" data-end=\"2820\" \/><strong data-start=\"2820\" data-end=\"2834\">Mat\u00e9riau :<\/strong> Plastique r\u00e9sistant et raccords m\u00e9talliques<br data-start=\"2878\" data-end=\"2881\" \/><strong data-start=\"2881\" data-end=\"2904\">Zone d\u2019utilisation:<\/strong> Syst\u00e8mes de remplissage d\u2019eau pour batteries de chariots \u00e9l\u00e9vateurs<br data-start=\"2972\" data-end=\"2975\" \/><strong data-start=\"2975\" data-end=\"2988\">Avantage:<\/strong> Installation facile, remplissage contr\u00f4l\u00e9, utilisation ergonomique<\/p>\n<p data-start=\"3059\" data-end=\"3384\">\n","protected":false},"featured_media":14885,"template":"","meta":[],"product_brand":[],"product_cat":[443,470],"product_tag":[],"class_list":{"0":"post-14884","1":"product","2":"type-product","3":"status-publish","4":"has-post-thumbnail","6":"product_cat-aku-parcalari","7":"product_cat-diger-yedek-parcalar","9":"first","10":"instock","11":"taxable","12":"shipping-taxable","13":"purchasable","14":"product-type-simple"},"_links":{"self":[{"href":"https:\/\/ceoparts.com\/fr\/wp-json\/wp\/v2\/product\/14884","targetHints":{"allow":["GET"]}}],"collection":[{"href":"https:\/\/ceoparts.com\/fr\/wp-json\/wp\/v2\/product"}],"about":[{"href":"https:\/\/ceoparts.com\/fr\/wp-json\/wp\/v2\/types\/product"}],"wp:featuredmedia":[{"embeddable":true,"href":"https:\/\/ceoparts.com\/fr\/wp-json\/wp\/v2\/media\/14885"}],"wp:attachment":[{"href":"https:\/\/ceoparts.com\/fr\/wp-json\/wp\/v2\/media?parent=14884"}],"wp:term":[{"taxonomy":"product_brand","embeddable":true,"href":"https:\/\/ceoparts.com\/fr\/wp-json\/wp\/v2\/product_brand?post=14884"},{"taxonomy":"product_cat","embeddable":true,"href":"https:\/\/ceoparts.com\/fr\/wp-json\/wp\/v2\/product_cat?post=14884"},{"taxonomy":"product_tag","embeddable":true,"href":"https:\/\/ceoparts.com\/fr\/wp-json\/wp\/v2\/product_tag?post=14884"}],"curies":[{"name":"wp","href":"https:\/\/api.w.org\/{rel}","templated":true}]}}