{"id":14888,"date":"2025-02-18T16:16:08","date_gmt":"2025-02-18T13:16:08","guid":{"rendered":"https:\/\/ceoparts.com\/?post_type=product&#038;p=14888"},"modified":"2026-05-16T14:04:26","modified_gmt":"2026-05-16T11:04:26","slug":"renkli-makaron-seti","status":"publish","type":"product","link":"https:\/\/ceoparts.com\/fr\/urun\/renkli-makaron-seti\/","title":{"rendered":"Set de macarons color\u00e9s"},"content":{"rendered":"<p>Set de macarons color\u00e9s<\/p>","protected":false},"excerpt":{"rendered":"<p data-start=\"0\" data-end=\"296\"><br data-start=\"2510\" data-end=\"2513\" \/>Le <strong data-start=\"2516\" data-end=\"2561\">set de gaines thermor\u00e9tractables color\u00e9es<\/strong> est une solution pratique et s\u00fbre pour organiser, isoler et marquer les c\u00e2bles et connexions \u00e9lectriques dans les applications de chariots \u00e9l\u00e9vateurs et industrielles. Les diff\u00e9rentes couleurs permettent de regrouper facilement les c\u00e2bles et d\u2019\u00e9viter toute confusion.<\/p>\n<p data-start=\"2831\" data-end=\"3218\"><strong data-start=\"2831\" data-end=\"2853\">Caract\u00e9ristiques :<\/strong><br data-start=\"2853\" data-end=\"2856\" \/><strong data-start=\"2856\" data-end=\"2876\">Nom du produit :<\/strong> Set de gaines thermor\u00e9tractables color\u00e9es<br data-start=\"2918\" data-end=\"2921\" \/><strong data-start=\"2921\" data-end=\"2936\">R\u00e9f\u00e9rence :<\/strong> Aucune<br data-start=\"2943\" data-end=\"2946\" \/><strong data-start=\"2946\" data-end=\"2960\">Mat\u00e9riau :<\/strong> Polym\u00e8re flexible r\u00e9sistant \u00e0 la chaleur<br data-start=\"3001\" data-end=\"3004\" \/><strong data-start=\"3004\" data-end=\"3027\">Zone d\u2019utilisation:<\/strong> Installations \u00e9lectriques, gestion des c\u00e2bles de chariots \u00e9l\u00e9vateurs et machines industrielles<br data-start=\"3122\" data-end=\"3125\" \/><strong data-start=\"3125\" data-end=\"3138\">Avantage:<\/strong> Regroupement facile des c\u00e2bles, isolation s\u00e9curis\u00e9e, aspect color\u00e9 et ordonn\u00e9<\/p>\n<p data-start=\"3220\" data-end=\"3551\">\n","protected":false},"featured_media":14889,"template":"","meta":[],"product_brand":[],"product_cat":[470],"product_tag":[],"class_list":{"0":"post-14888","1":"product","2":"type-product","3":"status-publish","4":"has-post-thumbnail","6":"product_cat-diger-yedek-parcalar","8":"first","9":"instock","10":"taxable","11":"shipping-taxable","12":"purchasable","13":"product-type-simple"},"_links":{"self":[{"href":"https:\/\/ceoparts.com\/fr\/wp-json\/wp\/v2\/product\/14888","targetHints":{"allow":["GET"]}}],"collection":[{"href":"https:\/\/ceoparts.com\/fr\/wp-json\/wp\/v2\/product"}],"about":[{"href":"https:\/\/ceoparts.com\/fr\/wp-json\/wp\/v2\/types\/product"}],"wp:featuredmedia":[{"embeddable":true,"href":"https:\/\/ceoparts.com\/fr\/wp-json\/wp\/v2\/media\/14889"}],"wp:attachment":[{"href":"https:\/\/ceoparts.com\/fr\/wp-json\/wp\/v2\/media?parent=14888"}],"wp:term":[{"taxonomy":"product_brand","embeddable":true,"href":"https:\/\/ceoparts.com\/fr\/wp-json\/wp\/v2\/product_brand?post=14888"},{"taxonomy":"product_cat","embeddable":true,"href":"https:\/\/ceoparts.com\/fr\/wp-json\/wp\/v2\/product_cat?post=14888"},{"taxonomy":"product_tag","embeddable":true,"href":"https:\/\/ceoparts.com\/fr\/wp-json\/wp\/v2\/product_tag?post=14888"}],"curies":[{"name":"wp","href":"https:\/\/api.w.org\/{rel}","templated":true}]}}