{"id":14901,"date":"2025-02-18T16:29:34","date_gmt":"2025-02-18T13:29:34","guid":{"rendered":"https:\/\/ceoparts.com\/?post_type=product&#038;p=14901"},"modified":"2026-05-16T18:57:47","modified_gmt":"2026-05-16T15:57:47","slug":"linde-e20pl-yuruyus-potansi-7916400159","status":"publish","type":"product","link":"https:\/\/ceoparts.com\/fr\/urun\/linde-e20pl-yuruyus-potansi-7916400159\/","title":{"rendered":"Potentiom\u00e8tre de d\u00e9placement Linde E20PL \u2013 7916400159"},"content":{"rendered":"<p>Potentiom\u00e8tre de d\u00e9placement Linde E20PL \u2013 7916400159<\/p>\n<p>Potencjometr \/ Potentiometer<\/p>\n<p>Still 159518, 0159518<\/p>\n<p>Linde 7916400159<\/p>\n<p>MCB 419222<\/p>","protected":false},"excerpt":{"rendered":"<p data-start=\"0\" data-end=\"294\"><br data-start=\"2573\" data-end=\"2576\" \/>Le <strong data-start=\"2579\" data-end=\"2623\">potentiom\u00e8tre de d\u00e9placement Linde E20PL<\/strong> utilis\u00e9 sur les chariots \u00e9l\u00e9vateurs est un capteur pr\u00e9cis et fiable qui contr\u00f4le la vitesse et la direction du chariot. Il d\u00e9tecte les mouvements de la p\u00e9dale ou du levier de commande et les transmet \u00e0 l\u2019unit\u00e9 de commande pour assurer un fonctionnement s\u00fbr et stable.<\/p>\n<p data-start=\"2893\" data-end=\"3274\"><strong data-start=\"2893\" data-end=\"2915\">Caract\u00e9ristiques :<\/strong><br data-start=\"2915\" data-end=\"2918\" \/><strong data-start=\"2918\" data-end=\"2938\">Nom du produit :<\/strong> Potentiom\u00e8tre de d\u00e9placement Linde E20PL<br data-start=\"2979\" data-end=\"2982\" \/><strong data-start=\"2982\" data-end=\"2997\">R\u00e9f\u00e9rence :<\/strong> 7916400159<br data-start=\"3008\" data-end=\"3011\" \/><strong data-start=\"3011\" data-end=\"3025\">Mat\u00e9riau :<\/strong> Module capteur \u00e9lectronique et composants durables<br data-start=\"3076\" data-end=\"3079\" \/><strong data-start=\"3079\" data-end=\"3102\">Zone d\u2019utilisation:<\/strong> Syst\u00e8mes de commande de d\u00e9placement pour chariots Linde E20PL<br data-start=\"3164\" data-end=\"3167\" \/><strong data-start=\"3167\" data-end=\"3180\">Avantage:<\/strong> D\u00e9tection pr\u00e9cise de la vitesse et de la direction, performance fiable, longue dur\u00e9e de vie<\/p>\n<p data-start=\"3276\" data-end=\"3595\">\n","protected":false},"featured_media":14903,"template":"","meta":[],"product_brand":[],"product_cat":[241,246,470,523,524],"product_tag":[],"class_list":{"0":"post-14901","1":"product","2":"type-product","3":"status-publish","4":"has-post-thumbnail","6":"product_cat-still","7":"product_cat-linde","8":"product_cat-diger-yedek-parcalar","9":"product_cat-yedek-parca-linde","10":"product_cat-yedek-parca-still","12":"first","13":"instock","14":"taxable","15":"shipping-taxable","16":"purchasable","17":"product-type-simple"},"_links":{"self":[{"href":"https:\/\/ceoparts.com\/fr\/wp-json\/wp\/v2\/product\/14901","targetHints":{"allow":["GET"]}}],"collection":[{"href":"https:\/\/ceoparts.com\/fr\/wp-json\/wp\/v2\/product"}],"about":[{"href":"https:\/\/ceoparts.com\/fr\/wp-json\/wp\/v2\/types\/product"}],"wp:featuredmedia":[{"embeddable":true,"href":"https:\/\/ceoparts.com\/fr\/wp-json\/wp\/v2\/media\/14903"}],"wp:attachment":[{"href":"https:\/\/ceoparts.com\/fr\/wp-json\/wp\/v2\/media?parent=14901"}],"wp:term":[{"taxonomy":"product_brand","embeddable":true,"href":"https:\/\/ceoparts.com\/fr\/wp-json\/wp\/v2\/product_brand?post=14901"},{"taxonomy":"product_cat","embeddable":true,"href":"https:\/\/ceoparts.com\/fr\/wp-json\/wp\/v2\/product_cat?post=14901"},{"taxonomy":"product_tag","embeddable":true,"href":"https:\/\/ceoparts.com\/fr\/wp-json\/wp\/v2\/product_tag?post=14901"}],"curies":[{"name":"wp","href":"https:\/\/api.w.org\/{rel}","templated":true}]}}