{"id":14907,"date":"2025-02-18T16:33:57","date_gmt":"2025-02-18T13:33:57","guid":{"rendered":"https:\/\/ceoparts.com\/?post_type=product&#038;p=14907"},"modified":"2026-05-16T17:57:32","modified_gmt":"2026-05-16T14:57:32","slug":"bt-tus-takimi-171660-7679029","status":"publish","type":"product","link":"https:\/\/ceoparts.com\/fr\/urun\/bt-tus-takimi-171660-7679029\/","title":{"rendered":"Clavier BT &#8211; 171660, 7679029"},"content":{"rendered":"<p>Clavier BT &#8211; 171660, 7679029<\/p>\n<p>OL 20 (649)<br \/>\nOL 25 (649)<br \/>\nOSE10 (788)<br \/>\nOSE10 (787)<br \/>\nOSE12 (783)<br \/>\nOSE12 (783)<br \/>\nOSE12 (783)<br \/>\nOSE120CB785)<br \/>\nOSE120P (783)<br \/>\nOSE180X (809)<br \/>\nOSE180XP809)<br \/>\nOSE250 (649)<br \/>\nOSE250P (649)<br \/>\nTSE300 (786)<br \/>\nOME100N827)<br \/>\nOME100NW828<br \/>\nS 10 (700)<br \/>\nS 12 (700)<br \/>\nS 12 F (702)<br \/>\nS 12 I (499)<br \/>\nS 12S (701)<br \/>\nS 16D (702)<br \/>\nSPE125 (789)<br \/>\nSPE125L (791)<br \/>\nSPE135S (790)<br \/>\nSPE160 (789)<br \/>\nSPE160L (791)<br \/>\nSPE200 (817)<br \/>\nSPE200D (792)<br \/>\nSPE200L (818)<br \/>\nSWE080L<br \/>\nSWE100 (700)<br \/>\nSWE120 (IKEA) STAXIO (841)<br \/>\nSWE120 (IKEA) (700)<br \/>\nSWE120 (700)<br \/>\nSWE120 STAXIO (841)<br \/>\nSWE120L (702)<br \/>\nSWE120L STAXIO (842)<br \/>\nSWE120S (701)<br \/>\nSWE120S STAXIO (843)<br \/>\nSWE140 STAXIO (841)<br \/>\nSWE160D (702)<br \/>\nSWE160D (702)<br \/>\nSWE200D (IKEA) STAXIO (842)<br \/>\nSWE200D STAXIO (842)<br \/>\nLPE200 (662)<br \/>\nLPE240 (497)<br \/>\nLWE140 LEVIO (838)<br \/>\nLWE160 LEVIO (838)<br \/>\nLWE180 (660)<br \/>\nLWE180 LEVIO (838)<br \/>\nLWE200 (661)<br \/>\nLWE200N (661)<br \/>\nLWE250 LEVIO (840)<br \/>\nLWE200 LEVIO (839)<br \/>\nP 20 I Powered Pallet Truck (498)<br \/>\nP 20 ORION P20 (662)<br \/>\nP 24 ORION P24 (497)<br \/>\nW18 ORION W18 (660)<br \/>\nW20 ORION W20 (661)<br \/>\nW20N (661)<\/p>","protected":false},"excerpt":{"rendered":"<p data-start=\"0\" data-end=\"295\"><br data-start=\"2349\" data-end=\"2352\" \/>Le <strong data-start=\"2355\" data-end=\"2369\">clavier BT<\/strong> utilis\u00e9 sur les chariots \u00e9l\u00e9vateurs est une unit\u00e9 de commande durable et ergonomique permettant \u00e0 l\u2019op\u00e9rateur de g\u00e9rer diverses fonctions via le panneau de commande. Con\u00e7u pour une utilisation simple et des performances durables en conditions difficiles.<\/p>\n<p data-start=\"2626\" data-end=\"2947\"><strong data-start=\"2626\" data-end=\"2648\">Caract\u00e9ristiques :<\/strong><br data-start=\"2648\" data-end=\"2651\" \/><strong data-start=\"2651\" data-end=\"2671\">Nom du produit :<\/strong> Clavier BT<br data-start=\"2682\" data-end=\"2685\" \/><strong data-start=\"2685\" data-end=\"2700\">R\u00e9f\u00e9rence :<\/strong> 171660, 7679029<br data-start=\"2716\" data-end=\"2719\" \/><strong data-start=\"2719\" data-end=\"2733\">Mat\u00e9riau :<\/strong> Plastique r\u00e9sistant et composants \u00e9lectroniques<br data-start=\"2781\" data-end=\"2784\" \/><strong data-start=\"2784\" data-end=\"2807\">Zone d\u2019utilisation:<\/strong> Panneau de commande et syst\u00e8mes de commande des chariots BT<br data-start=\"2867\" data-end=\"2870\" \/><strong data-start=\"2870\" data-end=\"2883\">Avantage:<\/strong> Conception ergonomique, structure durable, utilisation facile<\/p>\n<p data-start=\"2949\" data-end=\"3233\">\n","protected":false},"featured_media":14909,"template":"","meta":[],"product_brand":[],"product_cat":[251,470,518],"product_tag":[],"class_list":{"0":"post-14907","1":"product","2":"type-product","3":"status-publish","4":"has-post-thumbnail","6":"product_cat-bt","7":"product_cat-diger-yedek-parcalar","8":"product_cat-yedek-parca-bt","10":"first","11":"instock","12":"taxable","13":"shipping-taxable","14":"purchasable","15":"product-type-simple"},"_links":{"self":[{"href":"https:\/\/ceoparts.com\/fr\/wp-json\/wp\/v2\/product\/14907","targetHints":{"allow":["GET"]}}],"collection":[{"href":"https:\/\/ceoparts.com\/fr\/wp-json\/wp\/v2\/product"}],"about":[{"href":"https:\/\/ceoparts.com\/fr\/wp-json\/wp\/v2\/types\/product"}],"wp:featuredmedia":[{"embeddable":true,"href":"https:\/\/ceoparts.com\/fr\/wp-json\/wp\/v2\/media\/14909"}],"wp:attachment":[{"href":"https:\/\/ceoparts.com\/fr\/wp-json\/wp\/v2\/media?parent=14907"}],"wp:term":[{"taxonomy":"product_brand","embeddable":true,"href":"https:\/\/ceoparts.com\/fr\/wp-json\/wp\/v2\/product_brand?post=14907"},{"taxonomy":"product_cat","embeddable":true,"href":"https:\/\/ceoparts.com\/fr\/wp-json\/wp\/v2\/product_cat?post=14907"},{"taxonomy":"product_tag","embeddable":true,"href":"https:\/\/ceoparts.com\/fr\/wp-json\/wp\/v2\/product_tag?post=14907"}],"curies":[{"name":"wp","href":"https:\/\/api.w.org\/{rel}","templated":true}]}}