{"id":14912,"date":"2025-02-18T16:40:14","date_gmt":"2025-02-18T13:40:14","guid":{"rendered":"https:\/\/ceoparts.com\/?post_type=product&#038;p=14912"},"modified":"2026-05-16T16:33:46","modified_gmt":"2026-05-16T13:33:46","slug":"still-fmx17-alt-potansiometre-1153608911","status":"publish","type":"product","link":"https:\/\/ceoparts.com\/fr\/urun\/still-fmx17-alt-potansiometre-1153608911\/","title":{"rendered":"Potentiom\u00e8tre inf\u00e9rieur Still Fmx17 &#8211; 1153608911"},"content":{"rendered":"<p>Potentiom\u00e8tre inf\u00e9rieur Still Fmx17 &#8211; 1153608911<\/p>\n<p>FM-X<br \/>\nMX-X<br \/>\nGX-X<br \/>\nEK-X_2131<br \/>\nFM-X NG<\/p>\n<p>VE LINDE FORKL\u0130FTLERE T\u0130P<\/p>\n<p>R14X\/R16X\/R17X\/R17XHD-03 116-03<br \/>\nR10C\/R12C\/R14C\/-11 115-11<br \/>\nR10G\/R14G\/16\/16G\/20\/20G\/-12 115-12<br \/>\nR10\/12\/14\/16\/20\/25 1120-01<\/p>","protected":false},"excerpt":{"rendered":"<p data-start=\"0\" data-end=\"300\"><br data-start=\"2449\" data-end=\"2452\" \/>Le <strong data-start=\"2455\" data-end=\"2494\">potentiom\u00e8tre inf\u00e9rieur Still FMX17<\/strong> utilis\u00e9 sur les chariots \u00e9l\u00e9vateurs est un capteur pr\u00e9cis et fiable qui d\u00e9tecte les mouvements et transmet les signaux depuis la partie inf\u00e9rieure du syst\u00e8me de commande. Sa construction robuste garantit une utilisation durable et une s\u00e9curit\u00e9 d\u2019utilisation.<\/p>\n<p data-start=\"2755\" data-end=\"3106\"><strong data-start=\"2755\" data-end=\"2777\">Caract\u00e9ristiques :<\/strong><br data-start=\"2777\" data-end=\"2780\" \/><strong data-start=\"2780\" data-end=\"2800\">Nom du produit :<\/strong> Potentiom\u00e8tre inf\u00e9rieur Still FMX17<br data-start=\"2836\" data-end=\"2839\" \/><strong data-start=\"2839\" data-end=\"2854\">R\u00e9f\u00e9rence :<\/strong> 1153608911<br data-start=\"2865\" data-end=\"2868\" \/><strong data-start=\"2868\" data-end=\"2882\">Mat\u00e9riau :<\/strong> Module capteur \u00e9lectronique et composants durables<br data-start=\"2933\" data-end=\"2936\" \/><strong data-start=\"2936\" data-end=\"2959\">Zone d\u2019utilisation:<\/strong> Syst\u00e8mes de levier de commande inf\u00e9rieur pour chariots Still FMX17<br data-start=\"3026\" data-end=\"3029\" \/><strong data-start=\"3029\" data-end=\"3042\">Avantage:<\/strong> D\u00e9tection pr\u00e9cise, performance fiable, structure longue dur\u00e9e<\/p>\n<p data-start=\"3108\" data-end=\"3405\">\n","protected":false},"featured_media":14914,"template":"","meta":[],"product_brand":[],"product_cat":[241,470,524],"product_tag":[],"class_list":{"0":"post-14912","1":"product","2":"type-product","3":"status-publish","4":"has-post-thumbnail","6":"product_cat-still","7":"product_cat-diger-yedek-parcalar","8":"product_cat-yedek-parca-still","10":"first","11":"instock","12":"taxable","13":"shipping-taxable","14":"purchasable","15":"product-type-simple"},"_links":{"self":[{"href":"https:\/\/ceoparts.com\/fr\/wp-json\/wp\/v2\/product\/14912","targetHints":{"allow":["GET"]}}],"collection":[{"href":"https:\/\/ceoparts.com\/fr\/wp-json\/wp\/v2\/product"}],"about":[{"href":"https:\/\/ceoparts.com\/fr\/wp-json\/wp\/v2\/types\/product"}],"wp:featuredmedia":[{"embeddable":true,"href":"https:\/\/ceoparts.com\/fr\/wp-json\/wp\/v2\/media\/14914"}],"wp:attachment":[{"href":"https:\/\/ceoparts.com\/fr\/wp-json\/wp\/v2\/media?parent=14912"}],"wp:term":[{"taxonomy":"product_brand","embeddable":true,"href":"https:\/\/ceoparts.com\/fr\/wp-json\/wp\/v2\/product_brand?post=14912"},{"taxonomy":"product_cat","embeddable":true,"href":"https:\/\/ceoparts.com\/fr\/wp-json\/wp\/v2\/product_cat?post=14912"},{"taxonomy":"product_tag","embeddable":true,"href":"https:\/\/ceoparts.com\/fr\/wp-json\/wp\/v2\/product_tag?post=14912"}],"curies":[{"name":"wp","href":"https:\/\/api.w.org\/{rel}","templated":true}]}}