{"id":14920,"date":"2025-02-18T16:51:44","date_gmt":"2025-02-18T13:51:44","guid":{"rendered":"https:\/\/ceoparts.com\/?post_type=product&#038;p=14920"},"modified":"2026-05-16T21:16:03","modified_gmt":"2026-05-16T18:16:03","slug":"linde-t-serisi-kafa-karti-3093607019","status":"publish","type":"product","link":"https:\/\/ceoparts.com\/fr\/urun\/linde-t-serisi-kafa-karti-3093607019\/","title":{"rendered":"Carte de t\u00eate Linde S\u00e9rie T &#8211; 3093607019"},"content":{"rendered":"<p>Carte de t\u00eate Linde S\u00e9rie T &#8211; 3093607019<\/p>\n<p>1110 V08-01\/V08-02<br \/>\n1111 N20VI &#8211; N20VLI<br \/>\n1170 L06\/10\/12\/16AC<br \/>\n1189 P30C\/P50C<br \/>\n1190 P30C\/P50C<br \/>\n131 T20AP\/T20SP<br \/>\n131 T30<br \/>\n131 L14\/16AS<br \/>\n131 P50<br \/>\n132 N20\/N24\/N20L\/N20LI<br \/>\n132 P30<br \/>\n133 L12\/L14-L12L\/L14L-L12LHP<br \/>\n372 L14\/16\/L14AP\/16AP<\/p>","protected":false},"excerpt":{"rendered":"<p data-start=\"0\" data-end=\"304\"><br data-start=\"2488\" data-end=\"2491\" \/>La <strong data-start=\"2494\" data-end=\"2522\">carte t\u00eate Linde s\u00e9rie T<\/strong> utilis\u00e9e sur les chariots \u00e9l\u00e9vateurs est un circuit imprim\u00e9 essentiel qui lit les signaux de commande \u00e9lectroniques du levier et les transmet \u00e0 l\u2019unit\u00e9 de commande. Ses composants de haute qualit\u00e9 et sa structure robuste garantissent un fonctionnement s\u00fbr et efficace.<\/p>\n<p data-start=\"2793\" data-end=\"3143\"><strong data-start=\"2793\" data-end=\"2815\">Caract\u00e9ristiques :<\/strong><br data-start=\"2815\" data-end=\"2818\" \/><strong data-start=\"2818\" data-end=\"2838\">Nom du produit :<\/strong> Carte t\u00eate Linde s\u00e9rie T<br data-start=\"2863\" data-end=\"2866\" \/><strong data-start=\"2866\" data-end=\"2881\">R\u00e9f\u00e9rence :<\/strong> 3093607019<br data-start=\"2892\" data-end=\"2895\" \/><strong data-start=\"2895\" data-end=\"2909\">Mat\u00e9riau :<\/strong> Composants \u00e9lectroniques et circuit imprim\u00e9 robuste<br data-start=\"2961\" data-end=\"2964\" \/><strong data-start=\"2964\" data-end=\"2987\">Zone d\u2019utilisation:<\/strong> Syst\u00e8mes de levier de commande pour chariots Linde s\u00e9rie T<br data-start=\"3046\" data-end=\"3049\" \/><strong data-start=\"3049\" data-end=\"3062\">Avantage:<\/strong> Transmission pr\u00e9cise des signaux, performance fiable, utilisation longue dur\u00e9e<\/p>\n<p data-start=\"3145\" data-end=\"3455\">\n","protected":false},"featured_media":14925,"template":"","meta":[],"product_brand":[],"product_cat":[246,470,523],"product_tag":[],"class_list":{"0":"post-14920","1":"product","2":"type-product","3":"status-publish","4":"has-post-thumbnail","6":"product_cat-linde","7":"product_cat-diger-yedek-parcalar","8":"product_cat-yedek-parca-linde","10":"first","11":"instock","12":"taxable","13":"shipping-taxable","14":"purchasable","15":"product-type-simple"},"_links":{"self":[{"href":"https:\/\/ceoparts.com\/fr\/wp-json\/wp\/v2\/product\/14920","targetHints":{"allow":["GET"]}}],"collection":[{"href":"https:\/\/ceoparts.com\/fr\/wp-json\/wp\/v2\/product"}],"about":[{"href":"https:\/\/ceoparts.com\/fr\/wp-json\/wp\/v2\/types\/product"}],"wp:featuredmedia":[{"embeddable":true,"href":"https:\/\/ceoparts.com\/fr\/wp-json\/wp\/v2\/media\/14925"}],"wp:attachment":[{"href":"https:\/\/ceoparts.com\/fr\/wp-json\/wp\/v2\/media?parent=14920"}],"wp:term":[{"taxonomy":"product_brand","embeddable":true,"href":"https:\/\/ceoparts.com\/fr\/wp-json\/wp\/v2\/product_brand?post=14920"},{"taxonomy":"product_cat","embeddable":true,"href":"https:\/\/ceoparts.com\/fr\/wp-json\/wp\/v2\/product_cat?post=14920"},{"taxonomy":"product_tag","embeddable":true,"href":"https:\/\/ceoparts.com\/fr\/wp-json\/wp\/v2\/product_tag?post=14920"}],"curies":[{"name":"wp","href":"https:\/\/api.w.org\/{rel}","templated":true}]}}