{"id":14926,"date":"2025-02-18T17:04:44","date_gmt":"2025-02-18T14:04:44","guid":{"rendered":"https:\/\/ceoparts.com\/?post_type=product&#038;p=14926"},"modified":"2026-05-16T15:02:01","modified_gmt":"2026-05-16T12:02:01","slug":"potansiyometre-linde-t16-kol-potansi-50023604702-50023604701-11733604700","status":"publish","type":"product","link":"https:\/\/ceoparts.com\/fr\/urun\/potansiyometre-linde-t16-kol-potansi-50023604702-50023604701-11733604700\/","title":{"rendered":"Potentiom\u00e8tre Linde T16 Potentiom\u00e8tre de bras &#8211; 50023604702, 50023604701, 11733604700"},"content":{"rendered":"<p>Potentiom\u00e8tre Linde T16 Potentiom\u00e8tre de bras &#8211; 50023604702, 50023604701, 11733604700<\/p>\n<table border=\"0\" width=\"438\" cellspacing=\"0\" cellpadding=\"0\">\n<colgroup>\n<col width=\"82\" \/>\n<col width=\"356\" \/><\/colgroup>\n<tbody>\n<tr>\n<td class=\"xl65\" width=\"82\" height=\"20\"><span style=\"font-family: Calibri;\">1151<\/span><\/td>\n<td width=\"356\"><span style=\"font-family: Calibri;\">T16\/T16P\/T20\/T20P<\/span><\/td>\n<\/tr>\n<tr>\n<td class=\"xl65\" height=\"20\"><span style=\"font-family: Calibri;\">1152<\/span><\/td>\n<td><span style=\"font-family: Calibri;\">T16\/T18\/T20\/T16L<\/span><\/td>\n<\/tr>\n<tr>\n<td class=\"xl65\" height=\"20\"><span style=\"font-family: Calibri;\">1160<\/span><\/td>\n<td><span style=\"font-family: Calibri;\">D06\/D08<\/span><\/td>\n<\/tr>\n<tr>\n<td class=\"xl65\" height=\"20\"><span style=\"font-family: Calibri;\">1169<\/span><\/td>\n<td><span style=\"font-family: Calibri;\">L10P\/L12P\/L14P<\/span><\/td>\n<\/tr>\n<tr>\n<td class=\"xl65\" height=\"20\"><span style=\"font-family: Calibri;\">1169<\/span><\/td>\n<td><span style=\"font-family: Calibri;\">L10\/L12\/L14C<\/span><\/td>\n<\/tr>\n<tr>\n<td class=\"xl65\" height=\"20\"><span style=\"font-family: Calibri;\">1172<\/span><\/td>\n<td><span style=\"font-family: Calibri;\">L10\/L12\/L12i<\/span><\/td>\n<\/tr>\n<\/tbody>\n<\/table>","protected":false},"excerpt":{"rendered":"<p data-start=\"0\" data-end=\"295\"><br data-start=\"2551\" data-end=\"2554\" \/>Le <strong data-start=\"2557\" data-end=\"2594\">potentiom\u00e8tre de levier Linde T16<\/strong> utilis\u00e9 sur les chariots \u00e9l\u00e9vateurs est un capteur de haute qualit\u00e9 qui d\u00e9tecte pr\u00e9cis\u00e9ment les mouvements du levier de commande et les transmet \u00e0 l\u2019unit\u00e9 de commande. Sa structure robuste et ses performances durables garantissent un fonctionnement s\u00fbr et efficace.<\/p>\n<p data-start=\"2862\" data-end=\"3244\"><strong data-start=\"2862\" data-end=\"2884\">Caract\u00e9ristiques :<\/strong><br data-start=\"2884\" data-end=\"2887\" \/><strong data-start=\"2887\" data-end=\"2907\">Nom du produit :<\/strong> Potentiom\u00e8tre de levier Linde T16<br data-start=\"2941\" data-end=\"2944\" \/><strong data-start=\"2944\" data-end=\"2959\">R\u00e9f\u00e9rence :<\/strong> 50023604702, 50023604701, 11733604700<br data-start=\"2997\" data-end=\"3000\" \/><strong data-start=\"3000\" data-end=\"3014\">Mat\u00e9riau :<\/strong> Composants \u00e9lectroniques durables et module capteur<br data-start=\"3066\" data-end=\"3069\" \/><strong data-start=\"3069\" data-end=\"3092\">Zone d\u2019utilisation:<\/strong> Syst\u00e8mes de levier de commande pour chariots Linde T16<br data-start=\"3147\" data-end=\"3150\" \/><strong data-start=\"3150\" data-end=\"3163\">Avantage:<\/strong> D\u00e9tection pr\u00e9cise des mouvements, utilisation longue dur\u00e9e, performance fiable<\/p>\n<p data-start=\"3246\" data-end=\"3554\">\n","protected":false},"featured_media":14930,"template":"","meta":[],"product_brand":[],"product_cat":[523,246,469],"product_tag":[],"class_list":{"0":"post-14926","1":"product","2":"type-product","3":"status-publish","4":"has-post-thumbnail","6":"product_cat-yedek-parca-linde","7":"product_cat-linde","8":"product_cat-elektrik-ve-sistem-parcalari","10":"first","11":"instock","12":"taxable","13":"shipping-taxable","14":"purchasable","15":"product-type-simple"},"_links":{"self":[{"href":"https:\/\/ceoparts.com\/fr\/wp-json\/wp\/v2\/product\/14926","targetHints":{"allow":["GET"]}}],"collection":[{"href":"https:\/\/ceoparts.com\/fr\/wp-json\/wp\/v2\/product"}],"about":[{"href":"https:\/\/ceoparts.com\/fr\/wp-json\/wp\/v2\/types\/product"}],"wp:featuredmedia":[{"embeddable":true,"href":"https:\/\/ceoparts.com\/fr\/wp-json\/wp\/v2\/media\/14930"}],"wp:attachment":[{"href":"https:\/\/ceoparts.com\/fr\/wp-json\/wp\/v2\/media?parent=14926"}],"wp:term":[{"taxonomy":"product_brand","embeddable":true,"href":"https:\/\/ceoparts.com\/fr\/wp-json\/wp\/v2\/product_brand?post=14926"},{"taxonomy":"product_cat","embeddable":true,"href":"https:\/\/ceoparts.com\/fr\/wp-json\/wp\/v2\/product_cat?post=14926"},{"taxonomy":"product_tag","embeddable":true,"href":"https:\/\/ceoparts.com\/fr\/wp-json\/wp\/v2\/product_tag?post=14926"}],"curies":[{"name":"wp","href":"https:\/\/api.w.org\/{rel}","templated":true}]}}