{"id":14939,"date":"2025-02-18T17:22:53","date_gmt":"2025-02-18T14:22:53","guid":{"rendered":"https:\/\/ceoparts.com\/?post_type=product&#038;p=14939"},"modified":"2026-05-16T13:14:28","modified_gmt":"2026-05-16T10:14:28","slug":"bt-lwe-eski-model-kol-kablosu-7573837-14596728-7510381","status":"publish","type":"product","link":"https:\/\/ceoparts.com\/fr\/urun\/bt-lwe-eski-model-kol-kablosu-7573837-14596728-7510381\/","title":{"rendered":"C\u00e2ble de bras BT LWE 160 &#8211; 7573837, 14596728, 7510381"},"content":{"rendered":"<p>C\u00e2ble de bras BT LWE 160 &#8211; 7573837, 14596728, 7510381<\/p>","protected":false},"excerpt":{"rendered":"<p data-start=\"0\" data-end=\"283\"><br data-start=\"2447\" data-end=\"2450\" \/>Le <strong data-start=\"2453\" data-end=\"2483\">c\u00e2ble de levier BT LWE 160<\/strong> utilis\u00e9 sur les chariots \u00e9l\u00e9vateurs est un c\u00e2ble flexible et durable qui assure la transmission fiable des donn\u00e9es entre le levier de commande et l\u2019unit\u00e9 de commande. Sa mati\u00e8re de haute qualit\u00e9 garantit une longue dur\u00e9e de vie et un contr\u00f4le fiable.<\/p>\n<p data-start=\"2736\" data-end=\"3098\"><strong data-start=\"2736\" data-end=\"2758\">Caract\u00e9ristiques :<\/strong><br data-start=\"2758\" data-end=\"2761\" \/><strong data-start=\"2761\" data-end=\"2781\">Nom du produit :<\/strong> C\u00e2ble de levier BT LWE 160<br data-start=\"2808\" data-end=\"2811\" \/><strong data-start=\"2811\" data-end=\"2826\">R\u00e9f\u00e9rence :<\/strong> 7573837, 14596728, 7510381<br data-start=\"2853\" data-end=\"2856\" \/><strong data-start=\"2856\" data-end=\"2870\">Mat\u00e9riau :<\/strong> C\u00e2ble conducteur r\u00e9sistant avec gaine protectrice<br data-start=\"2920\" data-end=\"2923\" \/><strong data-start=\"2923\" data-end=\"2946\">Zone d\u2019utilisation:<\/strong> Syst\u00e8mes de leviers de commande pour chariots BT LWE 160<br data-start=\"3003\" data-end=\"3006\" \/><strong data-start=\"3006\" data-end=\"3019\">Avantage:<\/strong> Structure flexible, transmission de donn\u00e9es fiable, utilisation longue dur\u00e9e<\/p>\n<p data-start=\"3100\" data-end=\"3384\">\n","protected":false},"featured_media":14941,"template":"","meta":[],"product_brand":[],"product_cat":[251,469,518],"product_tag":[],"class_list":{"0":"post-14939","1":"product","2":"type-product","3":"status-publish","4":"has-post-thumbnail","6":"product_cat-bt","7":"product_cat-elektrik-ve-sistem-parcalari","8":"product_cat-yedek-parca-bt","10":"first","11":"instock","12":"taxable","13":"shipping-taxable","14":"purchasable","15":"product-type-simple"},"_links":{"self":[{"href":"https:\/\/ceoparts.com\/fr\/wp-json\/wp\/v2\/product\/14939","targetHints":{"allow":["GET"]}}],"collection":[{"href":"https:\/\/ceoparts.com\/fr\/wp-json\/wp\/v2\/product"}],"about":[{"href":"https:\/\/ceoparts.com\/fr\/wp-json\/wp\/v2\/types\/product"}],"wp:featuredmedia":[{"embeddable":true,"href":"https:\/\/ceoparts.com\/fr\/wp-json\/wp\/v2\/media\/14941"}],"wp:attachment":[{"href":"https:\/\/ceoparts.com\/fr\/wp-json\/wp\/v2\/media?parent=14939"}],"wp:term":[{"taxonomy":"product_brand","embeddable":true,"href":"https:\/\/ceoparts.com\/fr\/wp-json\/wp\/v2\/product_brand?post=14939"},{"taxonomy":"product_cat","embeddable":true,"href":"https:\/\/ceoparts.com\/fr\/wp-json\/wp\/v2\/product_cat?post=14939"},{"taxonomy":"product_tag","embeddable":true,"href":"https:\/\/ceoparts.com\/fr\/wp-json\/wp\/v2\/product_tag?post=14939"}],"curies":[{"name":"wp","href":"https:\/\/api.w.org\/{rel}","templated":true}]}}