{"id":14947,"date":"2025-02-18T17:27:54","date_gmt":"2025-02-18T14:27:54","guid":{"rendered":"https:\/\/ceoparts.com\/?post_type=product&#038;p=14947"},"modified":"2026-05-16T13:14:36","modified_gmt":"2026-05-16T10:14:36","slug":"jungheinrich-eje116-kol-potansi-51045971","status":"publish","type":"product","link":"https:\/\/ceoparts.com\/fr\/urun\/jungheinrich-eje116-kol-potansi-51045971\/","title":{"rendered":"Potentiom\u00e8tre de bras Jungheinrich Eje116 &#8211; 51045971"},"content":{"rendered":"<p>Potentiom\u00e8tre de bras Jungheinrich Eje116 &#8211; 51045971<\/p>","protected":false},"excerpt":{"rendered":"<p data-start=\"0\" data-end=\"305\"><br data-start=\"2566\" data-end=\"2569\" \/>Le <strong data-start=\"2572\" data-end=\"2619\">potentiom\u00e8tre de levier Jungheinrich EJE116<\/strong> utilis\u00e9 sur les chariots \u00e9l\u00e9vateurs est un capteur de haute qualit\u00e9 qui d\u00e9tecte pr\u00e9cis\u00e9ment les mouvements du levier de commande et les transmet \u00e0 l\u2019unit\u00e9 de commande. Sa structure robuste et ses performances fiables garantissent un fonctionnement s\u00fbr et efficace.<\/p>\n<p data-start=\"2886\" data-end=\"3252\"><strong data-start=\"2886\" data-end=\"2908\">Caract\u00e9ristiques :<\/strong><br data-start=\"2908\" data-end=\"2911\" \/><strong data-start=\"2911\" data-end=\"2931\">Nom du produit :<\/strong> Potentiom\u00e8tre de levier Jungheinrich EJE116<br data-start=\"2975\" data-end=\"2978\" \/><strong data-start=\"2978\" data-end=\"2993\">R\u00e9f\u00e9rence :<\/strong> 51045971<br data-start=\"3002\" data-end=\"3005\" \/><strong data-start=\"3005\" data-end=\"3019\">Mat\u00e9riau :<\/strong> Composants \u00e9lectroniques durables et module capteur<br data-start=\"3071\" data-end=\"3074\" \/><strong data-start=\"3074\" data-end=\"3097\">Zone d\u2019utilisation:<\/strong> Syst\u00e8mes de levier de commande pour chariots Jungheinrich EJE116<br data-start=\"3162\" data-end=\"3165\" \/><strong data-start=\"3165\" data-end=\"3178\">Avantage:<\/strong> D\u00e9tection pr\u00e9cise des mouvements, structure durable, performance fiable<\/p>\n<p data-start=\"3254\" data-end=\"3577\">\n","protected":false},"featured_media":14948,"template":"","meta":[],"product_brand":[],"product_cat":[236,469,522],"product_tag":[],"class_list":{"0":"post-14947","1":"product","2":"type-product","3":"status-publish","4":"has-post-thumbnail","6":"product_cat-jungheinrich","7":"product_cat-elektrik-ve-sistem-parcalari","8":"product_cat-yedek-parca-jungheinrich","10":"first","11":"instock","12":"taxable","13":"shipping-taxable","14":"purchasable","15":"product-type-simple"},"_links":{"self":[{"href":"https:\/\/ceoparts.com\/fr\/wp-json\/wp\/v2\/product\/14947","targetHints":{"allow":["GET"]}}],"collection":[{"href":"https:\/\/ceoparts.com\/fr\/wp-json\/wp\/v2\/product"}],"about":[{"href":"https:\/\/ceoparts.com\/fr\/wp-json\/wp\/v2\/types\/product"}],"wp:featuredmedia":[{"embeddable":true,"href":"https:\/\/ceoparts.com\/fr\/wp-json\/wp\/v2\/media\/14948"}],"wp:attachment":[{"href":"https:\/\/ceoparts.com\/fr\/wp-json\/wp\/v2\/media?parent=14947"}],"wp:term":[{"taxonomy":"product_brand","embeddable":true,"href":"https:\/\/ceoparts.com\/fr\/wp-json\/wp\/v2\/product_brand?post=14947"},{"taxonomy":"product_cat","embeddable":true,"href":"https:\/\/ceoparts.com\/fr\/wp-json\/wp\/v2\/product_cat?post=14947"},{"taxonomy":"product_tag","embeddable":true,"href":"https:\/\/ceoparts.com\/fr\/wp-json\/wp\/v2\/product_tag?post=14947"}],"curies":[{"name":"wp","href":"https:\/\/api.w.org\/{rel}","templated":true}]}}