{"id":14963,"date":"2025-02-18T17:47:06","date_gmt":"2025-02-18T14:47:06","guid":{"rendered":"https:\/\/ceoparts.com\/?post_type=product&#038;p=14963"},"modified":"2026-05-16T16:34:10","modified_gmt":"2026-05-16T13:34:10","slug":"bt-rre160-finger-lever-kumanda-tusu-224558","status":"publish","type":"product","link":"https:\/\/ceoparts.com\/fr\/urun\/bt-rre160-finger-lever-kumanda-tusu-224558\/","title":{"rendered":"Levier \u00e0 doigt BT RRE160 &#8211; 224558"},"content":{"rendered":"<p>Levier \u00e0 doigt BT RRE160 &#8211; 224558<\/p>","protected":false},"excerpt":{"rendered":"<p data-start=\"0\" data-end=\"281\"><br data-start=\"2304\" data-end=\"2307\" \/>Le <strong data-start=\"2310\" data-end=\"2357\">BT RRE160 Finger Lever (bouton de commande)<\/strong> utilis\u00e9 sur les chariots \u00e9l\u00e9vateurs est un \u00e9l\u00e9ment de commande ergonomique qui permet \u00e0 l\u2019op\u00e9rateur de contr\u00f4ler les fonctions du chariot rapidement et avec pr\u00e9cision. Sa construction durable et de qualit\u00e9 le rend id\u00e9al pour une utilisation prolong\u00e9e.<\/p>\n<p data-start=\"2611\" data-end=\"2938\"><strong data-start=\"2611\" data-end=\"2633\">Caract\u00e9ristiques :<\/strong><br data-start=\"2633\" data-end=\"2636\" \/><strong data-start=\"2636\" data-end=\"2656\">Nom du produit :<\/strong> BT RRE160 Finger Lever (bouton de commande)<br data-start=\"2700\" data-end=\"2703\" \/><strong data-start=\"2703\" data-end=\"2718\">R\u00e9f\u00e9rence :<\/strong> 224558<br data-start=\"2725\" data-end=\"2728\" \/><strong data-start=\"2728\" data-end=\"2742\">Mat\u00e9riau :<\/strong> Plastique r\u00e9sistant et composant \u00e9lectronique<br data-start=\"2788\" data-end=\"2791\" \/><strong data-start=\"2791\" data-end=\"2814\">Zone d\u2019utilisation:<\/strong> Syst\u00e8mes de commande de chariots BT RRE160<br data-start=\"2857\" data-end=\"2860\" \/><strong data-start=\"2860\" data-end=\"2873\">Avantage:<\/strong> Utilisation ergonomique, contr\u00f4le pr\u00e9cis, construction durable<\/p>\n<p data-start=\"2940\" data-end=\"3251\">\n","protected":false},"featured_media":14969,"template":"","meta":[],"product_brand":[],"product_cat":[251,470,518],"product_tag":[],"class_list":{"0":"post-14963","1":"product","2":"type-product","3":"status-publish","4":"has-post-thumbnail","6":"product_cat-bt","7":"product_cat-diger-yedek-parcalar","8":"product_cat-yedek-parca-bt","10":"first","11":"instock","12":"taxable","13":"shipping-taxable","14":"purchasable","15":"product-type-simple"},"_links":{"self":[{"href":"https:\/\/ceoparts.com\/fr\/wp-json\/wp\/v2\/product\/14963","targetHints":{"allow":["GET"]}}],"collection":[{"href":"https:\/\/ceoparts.com\/fr\/wp-json\/wp\/v2\/product"}],"about":[{"href":"https:\/\/ceoparts.com\/fr\/wp-json\/wp\/v2\/types\/product"}],"wp:featuredmedia":[{"embeddable":true,"href":"https:\/\/ceoparts.com\/fr\/wp-json\/wp\/v2\/media\/14969"}],"wp:attachment":[{"href":"https:\/\/ceoparts.com\/fr\/wp-json\/wp\/v2\/media?parent=14963"}],"wp:term":[{"taxonomy":"product_brand","embeddable":true,"href":"https:\/\/ceoparts.com\/fr\/wp-json\/wp\/v2\/product_brand?post=14963"},{"taxonomy":"product_cat","embeddable":true,"href":"https:\/\/ceoparts.com\/fr\/wp-json\/wp\/v2\/product_cat?post=14963"},{"taxonomy":"product_tag","embeddable":true,"href":"https:\/\/ceoparts.com\/fr\/wp-json\/wp\/v2\/product_tag?post=14963"}],"curies":[{"name":"wp","href":"https:\/\/api.w.org\/{rel}","templated":true}]}}