{"id":14970,"date":"2025-02-18T17:55:07","date_gmt":"2025-02-18T14:55:07","guid":{"rendered":"https:\/\/ceoparts.com\/?post_type=product&#038;p=14970"},"modified":"2026-05-16T17:57:42","modified_gmt":"2026-05-16T14:57:42","slug":"jungheinrich-kol-potansi-50314420","status":"publish","type":"product","link":"https:\/\/ceoparts.com\/fr\/urun\/jungheinrich-kol-potansi-50314420\/","title":{"rendered":"Potentiom\u00e8tre de bras Jungheinrich &#8211; 50314420"},"content":{"rendered":"<p>Potentiom\u00e8tre de bras Jungheinrich &#8211; 50314420<\/p>\n<p>ERC 12-16\u00a04.01 &#8211; 3.04<br \/>\nERC-Z 12-16\u00a04.01 &#8211; 3.04<br \/>\nWP12\/14\/16 S (MIC)\u00a04.01 &#8211; 4.08<br \/>\nWP12\/14\/16 IS (MIC)\u00a04.01 &#8211; 4.08<br \/>\nWP12\/14\/16 S (STB)\u00a04.01 &#8211; 12.01<br \/>\nWP12\/14\/16 S (BOSS)\u00a04.01 &#8211; 12.01<br \/>\nWP12\/14\/16 IS (BOSS)\u00a04.01 &#8211; 12.01<br \/>\nERE 220\u00a010.03 &#8211; 9.05<br \/>\nWN 20 S\u00a010.03 &#8211; 9.05<br \/>\nERD 220\u00a010.03 &#8211; 2.11<br \/>\nERC 212\/214\/216\u00a04.04 &#8211; 4.11<br \/>\nERC Z12\/Z14\/Z16\u00a04.04 &#8211; 7.11<br \/>\nWN 24 sC\u00a010.05 &#8211; 4.08<br \/>\nERE 224\u00a010.05 &#8211; 9.07<br \/>\nERE 120\u00a09.05 &#8211; 10.07<br \/>\nWN20S\u00a09.05 &#8211; 10.07<br \/>\nECE 118\u00a012.06 &#8211; 3.10<br \/>\nERE 120\u00a08.07 &#8211; 5.08<br \/>\nWN20S\u00a08.07 &#8211; 4.08<br \/>\nERE 120 (Qingpu)\u00a09.06 &#8211; 12.08<br \/>\nERE 120\u00a06.08 &#8211; 11.08<br \/>\nEJD K18\u00a06.08 &#8211;<br \/>\nERD K18\u00a010.09 &#8211; 2.10<br \/>\nECE 118\u00a04.10 &#8211; 2.13<\/p>","protected":false},"excerpt":{"rendered":"<p data-start=\"0\" data-end=\"295\"><br data-start=\"2507\" data-end=\"2510\" \/>Le <strong data-start=\"2513\" data-end=\"2553\">potentiom\u00e8tre de levier Jungheinrich<\/strong> utilis\u00e9 sur les chariots \u00e9l\u00e9vateurs est un capteur de haute qualit\u00e9 qui d\u00e9tecte avec pr\u00e9cision les mouvements du levier de commande et les transmet au syst\u00e8me de commande. Sa structure robuste garantit une longue dur\u00e9e de vie et assure pr\u00e9cision et s\u00e9curit\u00e9 lors de l\u2019utilisation.<\/p>\n<p data-start=\"2836\" data-end=\"3189\"><strong data-start=\"2836\" data-end=\"2858\">Caract\u00e9ristiques :<\/strong><br data-start=\"2858\" data-end=\"2861\" \/><strong data-start=\"2861\" data-end=\"2881\">Nom du produit :<\/strong> Potentiom\u00e8tre de levier Jungheinrich<br data-start=\"2918\" data-end=\"2921\" \/><strong data-start=\"2921\" data-end=\"2936\">R\u00e9f\u00e9rence :<\/strong> 50314420<br data-start=\"2945\" data-end=\"2948\" \/><strong data-start=\"2948\" data-end=\"2962\">Mat\u00e9riau :<\/strong> Composants \u00e9lectroniques durables et module capteur<br data-start=\"3014\" data-end=\"3017\" \/><strong data-start=\"3017\" data-end=\"3040\">Zone d\u2019utilisation:<\/strong> Syst\u00e8mes de leviers de commande pour chariots Jungheinrich<br data-start=\"3099\" data-end=\"3102\" \/><strong data-start=\"3102\" data-end=\"3115\">Avantage:<\/strong> D\u00e9tection pr\u00e9cise des mouvements, structure durable, performance fiable<\/p>\n<p data-start=\"3191\" data-end=\"3513\">\n","protected":false},"featured_media":14972,"template":"","meta":[],"product_brand":[],"product_cat":[236,469,522],"product_tag":[],"class_list":{"0":"post-14970","1":"product","2":"type-product","3":"status-publish","4":"has-post-thumbnail","6":"product_cat-jungheinrich","7":"product_cat-elektrik-ve-sistem-parcalari","8":"product_cat-yedek-parca-jungheinrich","10":"first","11":"instock","12":"taxable","13":"shipping-taxable","14":"purchasable","15":"product-type-simple"},"_links":{"self":[{"href":"https:\/\/ceoparts.com\/fr\/wp-json\/wp\/v2\/product\/14970","targetHints":{"allow":["GET"]}}],"collection":[{"href":"https:\/\/ceoparts.com\/fr\/wp-json\/wp\/v2\/product"}],"about":[{"href":"https:\/\/ceoparts.com\/fr\/wp-json\/wp\/v2\/types\/product"}],"wp:featuredmedia":[{"embeddable":true,"href":"https:\/\/ceoparts.com\/fr\/wp-json\/wp\/v2\/media\/14972"}],"wp:attachment":[{"href":"https:\/\/ceoparts.com\/fr\/wp-json\/wp\/v2\/media?parent=14970"}],"wp:term":[{"taxonomy":"product_brand","embeddable":true,"href":"https:\/\/ceoparts.com\/fr\/wp-json\/wp\/v2\/product_brand?post=14970"},{"taxonomy":"product_cat","embeddable":true,"href":"https:\/\/ceoparts.com\/fr\/wp-json\/wp\/v2\/product_cat?post=14970"},{"taxonomy":"product_tag","embeddable":true,"href":"https:\/\/ceoparts.com\/fr\/wp-json\/wp\/v2\/product_tag?post=14970"}],"curies":[{"name":"wp","href":"https:\/\/api.w.org\/{rel}","templated":true}]}}