{"id":14974,"date":"2025-02-18T18:00:50","date_gmt":"2025-02-18T15:00:50","guid":{"rendered":"https:\/\/ceoparts.com\/?post_type=product&#038;p=14974"},"modified":"2026-05-16T18:58:10","modified_gmt":"2026-05-16T15:58:10","slug":"bt-lwe-yeni-model-kol-kablosu-7579666","status":"publish","type":"product","link":"https:\/\/ceoparts.com\/fr\/urun\/bt-lwe-yeni-model-kol-kablosu-7579666\/","title":{"rendered":"C\u00e2ble de bras BT Cesap Toyota &#8211; 7579666"},"content":{"rendered":"<p>C\u00e2ble de bras BT Cesap Toyota &#8211; 7579666<\/p>\n<p><b><span style=\"font-size: small;\">BT &#8211; CESAB &#8211; TOYOTA<\/span><\/b><\/p>\n<div><b><span style=\"font-size: small;\">SWE200D<\/span><\/b><\/div>","protected":false},"excerpt":{"rendered":"<p data-start=\"0\" data-end=\"266\"><br data-start=\"2456\" data-end=\"2459\" \/>Le <strong data-start=\"2462\" data-end=\"2497\">c\u00e2ble de levier BT Cesap Toyota<\/strong> utilis\u00e9 sur les chariots \u00e9l\u00e9vateurs est un c\u00e2ble flexible et durable assurant la connexion fiable des leviers de commande du chariot. Sa structure de haute qualit\u00e9 garantit une longue dur\u00e9e de vie et une transmission de signal s\u00e9curis\u00e9e dans les syst\u00e8mes de commande.<\/p>\n<p data-start=\"2767\" data-end=\"3118\"><strong data-start=\"2767\" data-end=\"2789\">Caract\u00e9ristiques :<\/strong><br data-start=\"2789\" data-end=\"2792\" \/><strong data-start=\"2792\" data-end=\"2812\">Nom du produit :<\/strong> C\u00e2ble de levier BT Cesap Toyota<br data-start=\"2844\" data-end=\"2847\" \/><strong data-start=\"2847\" data-end=\"2862\">R\u00e9f\u00e9rence :<\/strong> 7579666<br data-start=\"2870\" data-end=\"2873\" \/><strong data-start=\"2873\" data-end=\"2887\">Mat\u00e9riau :<\/strong> C\u00e2ble conducteur durable avec gaine de protection<br data-start=\"2937\" data-end=\"2940\" \/><strong data-start=\"2940\" data-end=\"2963\">Zone d\u2019utilisation:<\/strong> Syst\u00e8mes de leviers de commande pour chariots BT, Cesap et Toyota<br data-start=\"3029\" data-end=\"3032\" \/><strong data-start=\"3032\" data-end=\"3045\">Avantage:<\/strong> Structure flexible, transmission de signal fiable, longue dur\u00e9e de vie<\/p>\n<p data-start=\"3120\" data-end=\"3431\">\n","protected":false},"featured_media":14976,"template":"","meta":[],"product_brand":[],"product_cat":[251,469,518,521,530],"product_tag":[],"class_list":{"0":"post-14974","1":"product","2":"type-product","3":"status-publish","4":"has-post-thumbnail","6":"product_cat-bt","7":"product_cat-elektrik-ve-sistem-parcalari","8":"product_cat-yedek-parca-bt","9":"product_cat-toyota","10":"product_cat-yedek-parca-toyota","12":"first","13":"instock","14":"taxable","15":"shipping-taxable","16":"purchasable","17":"product-type-simple"},"_links":{"self":[{"href":"https:\/\/ceoparts.com\/fr\/wp-json\/wp\/v2\/product\/14974","targetHints":{"allow":["GET"]}}],"collection":[{"href":"https:\/\/ceoparts.com\/fr\/wp-json\/wp\/v2\/product"}],"about":[{"href":"https:\/\/ceoparts.com\/fr\/wp-json\/wp\/v2\/types\/product"}],"wp:featuredmedia":[{"embeddable":true,"href":"https:\/\/ceoparts.com\/fr\/wp-json\/wp\/v2\/media\/14976"}],"wp:attachment":[{"href":"https:\/\/ceoparts.com\/fr\/wp-json\/wp\/v2\/media?parent=14974"}],"wp:term":[{"taxonomy":"product_brand","embeddable":true,"href":"https:\/\/ceoparts.com\/fr\/wp-json\/wp\/v2\/product_brand?post=14974"},{"taxonomy":"product_cat","embeddable":true,"href":"https:\/\/ceoparts.com\/fr\/wp-json\/wp\/v2\/product_cat?post=14974"},{"taxonomy":"product_tag","embeddable":true,"href":"https:\/\/ceoparts.com\/fr\/wp-json\/wp\/v2\/product_tag?post=14974"}],"curies":[{"name":"wp","href":"https:\/\/api.w.org\/{rel}","templated":true}]}}