{"id":14986,"date":"2025-02-18T18:26:04","date_gmt":"2025-02-18T15:26:04","guid":{"rendered":"https:\/\/ceoparts.com\/?post_type=product&#038;p=14986"},"modified":"2026-05-16T17:35:16","modified_gmt":"2026-05-16T14:35:16","slug":"toyota-1-6t-direksiyon-potansi-35098749","status":"publish","type":"product","link":"https:\/\/ceoparts.com\/fr\/urun\/toyota-1-6t-direksiyon-potansi-35098749\/","title":{"rendered":"Potentiom\u00e8tre de direction Toyota 1.6T &#8211; 35098749"},"content":{"rendered":"<p>Potentiom\u00e8tre de direction Toyota 1.6T &#8211; 35098749<\/p>","protected":false},"excerpt":{"rendered":"<p data-start=\"0\" data-end=\"317\"><br data-start=\"2400\" data-end=\"2403\" \/>La <strong data-start=\"2406\" data-end=\"2444\">biellette de direction Toyota 1,6T<\/strong> utilis\u00e9e sur les chariots \u00e9l\u00e9vateurs est une pi\u00e8ce durable et de haute qualit\u00e9 qui assure la transmission de puissance dans le syst\u00e8me de direction des chariots Toyota de 1,6 tonne. Sa construction robuste et durable am\u00e9liore la maniabilit\u00e9 et offre une conduite s\u00fbre.<\/p>\n<p data-start=\"2715\" data-end=\"3034\"><strong data-start=\"2715\" data-end=\"2737\">Caract\u00e9ristiques :<\/strong><br data-start=\"2737\" data-end=\"2740\" \/><strong data-start=\"2740\" data-end=\"2760\">Nom du produit :<\/strong> Biellette de direction Toyota 1,6T<br data-start=\"2795\" data-end=\"2798\" \/><strong data-start=\"2798\" data-end=\"2813\">R\u00e9f\u00e9rence :<\/strong> 35098749<br data-start=\"2822\" data-end=\"2825\" \/><strong data-start=\"2825\" data-end=\"2839\">Mat\u00e9riau :<\/strong> Alliage m\u00e9tallique haute r\u00e9sistance<br data-start=\"2875\" data-end=\"2878\" \/><strong data-start=\"2878\" data-end=\"2902\">Zone d\u2019utilisation :<\/strong> Syst\u00e8mes de direction pour chariots Toyota 1,6 tonne<br data-start=\"2955\" data-end=\"2958\" \/><strong data-start=\"2958\" data-end=\"2972\">Avantage :<\/strong> Construction robuste, haute durabilit\u00e9, installation facile<\/p>\n<p data-start=\"3036\" data-end=\"3360\">\n","protected":false},"featured_media":14988,"template":"","meta":[],"product_brand":[],"product_cat":[469,521,530],"product_tag":[],"class_list":{"0":"post-14986","1":"product","2":"type-product","3":"status-publish","4":"has-post-thumbnail","6":"product_cat-elektrik-ve-sistem-parcalari","7":"product_cat-toyota","8":"product_cat-yedek-parca-toyota","10":"first","11":"instock","12":"taxable","13":"shipping-taxable","14":"purchasable","15":"product-type-simple"},"_links":{"self":[{"href":"https:\/\/ceoparts.com\/fr\/wp-json\/wp\/v2\/product\/14986","targetHints":{"allow":["GET"]}}],"collection":[{"href":"https:\/\/ceoparts.com\/fr\/wp-json\/wp\/v2\/product"}],"about":[{"href":"https:\/\/ceoparts.com\/fr\/wp-json\/wp\/v2\/types\/product"}],"wp:featuredmedia":[{"embeddable":true,"href":"https:\/\/ceoparts.com\/fr\/wp-json\/wp\/v2\/media\/14988"}],"wp:attachment":[{"href":"https:\/\/ceoparts.com\/fr\/wp-json\/wp\/v2\/media?parent=14986"}],"wp:term":[{"taxonomy":"product_brand","embeddable":true,"href":"https:\/\/ceoparts.com\/fr\/wp-json\/wp\/v2\/product_brand?post=14986"},{"taxonomy":"product_cat","embeddable":true,"href":"https:\/\/ceoparts.com\/fr\/wp-json\/wp\/v2\/product_cat?post=14986"},{"taxonomy":"product_tag","embeddable":true,"href":"https:\/\/ceoparts.com\/fr\/wp-json\/wp\/v2\/product_tag?post=14986"}],"curies":[{"name":"wp","href":"https:\/\/api.w.org\/{rel}","templated":true}]}}