{"id":14990,"date":"2025-02-18T18:32:05","date_gmt":"2025-02-18T15:32:05","guid":{"rendered":"https:\/\/ceoparts.com\/?post_type=product&#038;p=14990"},"modified":"2026-05-16T19:51:53","modified_gmt":"2026-05-16T16:51:53","slug":"linde-elektronik-kart-unitesi-3093605040-3093605005","status":"publish","type":"product","link":"https:\/\/ceoparts.com\/fr\/urun\/linde-elektronik-kart-unitesi-3093605040-3093605005\/","title":{"rendered":"Unit\u00e9 de carte \u00e9lectronique Linde &#8211; 3093605040, 3093605005"},"content":{"rendered":"<p>Unit\u00e9 de carte \u00e9lectronique Linde &#8211; 3093605040, 3093605005<\/p>\n<table border=\"0\" width=\"226\" cellspacing=\"0\" cellpadding=\"0\">\n<colgroup>\n<col width=\"64\" \/>\n<col width=\"162\" \/><\/colgroup>\n<tbody>\n<tr>\n<td width=\"64\" height=\"19\">1152<\/td>\n<td width=\"162\">T16\/T18\/T20\/T16L<\/td>\n<\/tr>\n<tr>\n<td height=\"19\">1160<\/td>\n<td>D06\/D08<\/td>\n<\/tr>\n<tr>\n<td height=\"19\">1169<\/td>\n<td>L10\/L12\/L14C<\/td>\n<\/tr>\n<tr>\n<td height=\"19\">1172<\/td>\n<td>L10\/L12\/L12i<\/td>\n<\/tr>\n<\/tbody>\n<\/table>","protected":false},"excerpt":{"rendered":"<p data-start=\"0\" data-end=\"296\"><br data-start=\"2543\" data-end=\"2546\" \/>L\u2019<strong data-start=\"2548\" data-end=\"2585\">unit\u00e9 de carte \u00e9lectronique Linde<\/strong> utilis\u00e9e sur les chariots \u00e9l\u00e9vateurs est une unit\u00e9 de circuit imprim\u00e9 de haute qualit\u00e9 qui joue un r\u00f4le crucial dans les syst\u00e8mes de contr\u00f4le \u00e9lectronique du chariot. Sa construction durable et son design pr\u00e9cis am\u00e9liorent les performances du chariot et offrent une longue dur\u00e9e de vie.<\/p>\n<p data-start=\"2874\" data-end=\"3222\"><strong data-start=\"2874\" data-end=\"2896\">Caract\u00e9ristiques :<\/strong><br data-start=\"2896\" data-end=\"2899\" \/><strong data-start=\"2899\" data-end=\"2919\">Nom du produit :<\/strong> Unit\u00e9 de carte \u00e9lectronique Linde<br data-start=\"2953\" data-end=\"2956\" \/><strong data-start=\"2956\" data-end=\"2971\">R\u00e9f\u00e9rence :<\/strong> 3093605040, 3093605005<br data-start=\"2994\" data-end=\"2997\" \/><strong data-start=\"2997\" data-end=\"3011\">Mat\u00e9riau :<\/strong> Composants \u00e9lectroniques durables et circuit imprim\u00e9<br data-start=\"3064\" data-end=\"3067\" \/><strong data-start=\"3067\" data-end=\"3091\">Zone d\u2019utilisation :<\/strong> Syst\u00e8mes de contr\u00f4le \u00e9lectronique pour chariots Linde<br data-start=\"3145\" data-end=\"3148\" \/><strong data-start=\"3148\" data-end=\"3162\">Avantage :<\/strong> Contr\u00f4le pr\u00e9cis, construction durable, performance fiable<\/p>\n<p data-start=\"3224\" data-end=\"3554\">\n","protected":false},"featured_media":14992,"template":"","meta":[],"product_brand":[],"product_cat":[246,431,470,523],"product_tag":[],"class_list":{"0":"post-14990","1":"product","2":"type-product","3":"status-publish","4":"has-post-thumbnail","6":"product_cat-linde","7":"product_cat-ekranlar-ve-kartlar","8":"product_cat-diger-yedek-parcalar","9":"product_cat-yedek-parca-linde","11":"first","12":"instock","13":"taxable","14":"shipping-taxable","15":"purchasable","16":"product-type-simple"},"_links":{"self":[{"href":"https:\/\/ceoparts.com\/fr\/wp-json\/wp\/v2\/product\/14990","targetHints":{"allow":["GET"]}}],"collection":[{"href":"https:\/\/ceoparts.com\/fr\/wp-json\/wp\/v2\/product"}],"about":[{"href":"https:\/\/ceoparts.com\/fr\/wp-json\/wp\/v2\/types\/product"}],"wp:featuredmedia":[{"embeddable":true,"href":"https:\/\/ceoparts.com\/fr\/wp-json\/wp\/v2\/media\/14992"}],"wp:attachment":[{"href":"https:\/\/ceoparts.com\/fr\/wp-json\/wp\/v2\/media?parent=14990"}],"wp:term":[{"taxonomy":"product_brand","embeddable":true,"href":"https:\/\/ceoparts.com\/fr\/wp-json\/wp\/v2\/product_brand?post=14990"},{"taxonomy":"product_cat","embeddable":true,"href":"https:\/\/ceoparts.com\/fr\/wp-json\/wp\/v2\/product_cat?post=14990"},{"taxonomy":"product_tag","embeddable":true,"href":"https:\/\/ceoparts.com\/fr\/wp-json\/wp\/v2\/product_tag?post=14990"}],"curies":[{"name":"wp","href":"https:\/\/api.w.org\/{rel}","templated":true}]}}