{"id":14995,"date":"2025-02-18T18:38:11","date_gmt":"2025-02-18T15:38:11","guid":{"rendered":"https:\/\/ceoparts.com\/?post_type=product&#038;p=14995"},"modified":"2026-05-16T21:02:50","modified_gmt":"2026-05-16T18:02:50","slug":"tcm-dingil-potansi-11718643-643611718643","status":"publish","type":"product","link":"https:\/\/ceoparts.com\/fr\/urun\/tcm-dingil-potansi-11718643-643611718643\/","title":{"rendered":"Potentiom\u00e8tre d&#8217;essieu TCM &#8211; 11718643, 643611718643"},"content":{"rendered":"<p>Potentiom\u00e8tre d&#8217;essieu TCM &#8211; 11718643, 643611718643<\/p>","protected":false},"excerpt":{"rendered":"<p data-start=\"0\" data-end=\"245\"><br data-start=\"2149\" data-end=\"2152\" \/>La <strong data-start=\"2155\" data-end=\"2192\">barre d\u2019accouplement d\u2019essieu TCM<\/strong> utilis\u00e9e sur les chariots \u00e9l\u00e9vateurs est une pi\u00e8ce robuste et durable qui apporte puissance et stabilit\u00e9 au syst\u00e8me d\u2019essieu du chariot. Fabriqu\u00e9e avec des mat\u00e9riaux de haute qualit\u00e9, elle am\u00e9liore la performance du chariot et offre une longue dur\u00e9e de vie.<\/p>\n<p data-start=\"2452\" data-end=\"2758\"><strong data-start=\"2452\" data-end=\"2474\">Caract\u00e9ristiques :<\/strong><br data-start=\"2474\" data-end=\"2477\" \/><strong data-start=\"2477\" data-end=\"2497\">Nom du produit :<\/strong> Barre d\u2019accouplement d\u2019essieu TCM<br data-start=\"2531\" data-end=\"2534\" \/><strong data-start=\"2534\" data-end=\"2549\">R\u00e9f\u00e9rence :<\/strong> 11718643, 643611718643<br data-start=\"2572\" data-end=\"2575\" \/><strong data-start=\"2575\" data-end=\"2589\">Mat\u00e9riau :<\/strong> Alliage m\u00e9tallique durable<br data-start=\"2616\" data-end=\"2619\" \/><strong data-start=\"2619\" data-end=\"2643\">Zone d\u2019utilisation :<\/strong> Syst\u00e8mes d\u2019essieux pour chariots TCM<br data-start=\"2680\" data-end=\"2683\" \/><strong data-start=\"2683\" data-end=\"2697\">Avantage :<\/strong> Construction solide, haute durabilit\u00e9, longue dur\u00e9e de vie<\/p>\n<p data-start=\"2760\" data-end=\"3049\">\n","protected":false},"featured_media":14997,"template":"","meta":[],"product_brand":[],"product_cat":[469],"product_tag":[],"class_list":{"0":"post-14995","1":"product","2":"type-product","3":"status-publish","4":"has-post-thumbnail","6":"product_cat-elektrik-ve-sistem-parcalari","8":"first","9":"instock","10":"taxable","11":"shipping-taxable","12":"purchasable","13":"product-type-simple"},"_links":{"self":[{"href":"https:\/\/ceoparts.com\/fr\/wp-json\/wp\/v2\/product\/14995","targetHints":{"allow":["GET"]}}],"collection":[{"href":"https:\/\/ceoparts.com\/fr\/wp-json\/wp\/v2\/product"}],"about":[{"href":"https:\/\/ceoparts.com\/fr\/wp-json\/wp\/v2\/types\/product"}],"wp:featuredmedia":[{"embeddable":true,"href":"https:\/\/ceoparts.com\/fr\/wp-json\/wp\/v2\/media\/14997"}],"wp:attachment":[{"href":"https:\/\/ceoparts.com\/fr\/wp-json\/wp\/v2\/media?parent=14995"}],"wp:term":[{"taxonomy":"product_brand","embeddable":true,"href":"https:\/\/ceoparts.com\/fr\/wp-json\/wp\/v2\/product_brand?post=14995"},{"taxonomy":"product_cat","embeddable":true,"href":"https:\/\/ceoparts.com\/fr\/wp-json\/wp\/v2\/product_cat?post=14995"},{"taxonomy":"product_tag","embeddable":true,"href":"https:\/\/ceoparts.com\/fr\/wp-json\/wp\/v2\/product_tag?post=14995"}],"curies":[{"name":"wp","href":"https:\/\/api.w.org\/{rel}","templated":true}]}}