{"id":15000,"date":"2025-02-18T18:42:26","date_gmt":"2025-02-18T15:42:26","guid":{"rendered":"https:\/\/ceoparts.com\/?post_type=product&#038;p=15000"},"modified":"2026-05-16T22:04:07","modified_gmt":"2026-05-16T19:04:07","slug":"linde-encoder-3095400903-1920354","status":"publish","type":"product","link":"https:\/\/ceoparts.com\/fr\/urun\/linde-encoder-3095400903-1920354\/","title":{"rendered":"Encodeur Linde &#8211; 3095400903, 1920354"},"content":{"rendered":"<p>Encodeur Linde &#8211; 3095400903, 1920354<\/p>\n<p>1173\u00a0L14\/L16\/L20<br \/>\n1173\u00a0L14\/L16\/L20<\/p>","protected":false},"excerpt":{"rendered":"<p data-start=\"0\" data-end=\"292\"><br data-start=\"2478\" data-end=\"2481\" \/>L\u2019<strong data-start=\"2483\" data-end=\"2501\">encodeur Linde<\/strong> utilis\u00e9 sur les chariots \u00e9l\u00e9vateurs est un capteur de haute qualit\u00e9 qui fournit des mesures pr\u00e9cises dans les syst\u00e8mes de contr\u00f4le de mouvement et de position du chariot. Sa construction durable assure des performances fiables dans des conditions de travail difficiles et soutient un fonctionnement efficace du chariot.<\/p>\n<p data-start=\"2823\" data-end=\"3159\"><strong data-start=\"2823\" data-end=\"2845\">Caract\u00e9ristiques :<\/strong><br data-start=\"2845\" data-end=\"2848\" \/><strong data-start=\"2848\" data-end=\"2868\">Nom du produit :<\/strong> Encodeur Linde<br data-start=\"2883\" data-end=\"2886\" \/><strong data-start=\"2886\" data-end=\"2901\">R\u00e9f\u00e9rence :<\/strong> 3095400903, 1920354<br data-start=\"2921\" data-end=\"2924\" \/><strong data-start=\"2924\" data-end=\"2938\">Mat\u00e9riau :<\/strong> Composants \u00e9lectroniques et m\u00e9talliques durables<br data-start=\"2987\" data-end=\"2990\" \/><strong data-start=\"2990\" data-end=\"3014\">Zone d\u2019utilisation :<\/strong> Syst\u00e8mes de contr\u00f4le de mouvement et de position pour chariots Linde<br data-start=\"3083\" data-end=\"3086\" \/><strong data-start=\"3086\" data-end=\"3100\">Avantage :<\/strong> Mesure pr\u00e9cise, construction durable, performance fiable<\/p>\n<p data-start=\"3161\" data-end=\"3504\">\n","protected":false},"featured_media":15002,"template":"","meta":[],"product_brand":[],"product_cat":[246,470,523],"product_tag":[],"class_list":{"0":"post-15000","1":"product","2":"type-product","3":"status-publish","4":"has-post-thumbnail","6":"product_cat-linde","7":"product_cat-diger-yedek-parcalar","8":"product_cat-yedek-parca-linde","10":"first","11":"instock","12":"taxable","13":"shipping-taxable","14":"purchasable","15":"product-type-simple"},"_links":{"self":[{"href":"https:\/\/ceoparts.com\/fr\/wp-json\/wp\/v2\/product\/15000","targetHints":{"allow":["GET"]}}],"collection":[{"href":"https:\/\/ceoparts.com\/fr\/wp-json\/wp\/v2\/product"}],"about":[{"href":"https:\/\/ceoparts.com\/fr\/wp-json\/wp\/v2\/types\/product"}],"wp:featuredmedia":[{"embeddable":true,"href":"https:\/\/ceoparts.com\/fr\/wp-json\/wp\/v2\/media\/15002"}],"wp:attachment":[{"href":"https:\/\/ceoparts.com\/fr\/wp-json\/wp\/v2\/media?parent=15000"}],"wp:term":[{"taxonomy":"product_brand","embeddable":true,"href":"https:\/\/ceoparts.com\/fr\/wp-json\/wp\/v2\/product_brand?post=15000"},{"taxonomy":"product_cat","embeddable":true,"href":"https:\/\/ceoparts.com\/fr\/wp-json\/wp\/v2\/product_cat?post=15000"},{"taxonomy":"product_tag","embeddable":true,"href":"https:\/\/ceoparts.com\/fr\/wp-json\/wp\/v2\/product_tag?post=15000"}],"curies":[{"name":"wp","href":"https:\/\/api.w.org\/{rel}","templated":true}]}}