{"id":15010,"date":"2025-02-18T19:01:46","date_gmt":"2025-02-18T16:01:46","guid":{"rendered":"https:\/\/ceoparts.com\/?post_type=product&#038;p=15010"},"modified":"2026-05-16T20:15:44","modified_gmt":"2026-05-16T17:15:44","slug":"jungheinrich-kol-dayama-baglanti-parcasi-50434609-12036539","status":"publish","type":"product","link":"https:\/\/ceoparts.com\/fr\/urun\/jungheinrich-kol-dayama-baglanti-parcasi-50434609-12036539\/","title":{"rendered":"Pi\u00e8ce de connexion du support de bras Jungheinrich &#8211; 50434609, 12036539"},"content":{"rendered":"<p>Pi\u00e8ce de connexion du support de bras Jungheinrich &#8211; 50434609, 12036539<\/p>","protected":false},"excerpt":{"rendered":"<p data-start=\"0\" data-end=\"282\"><br data-start=\"2331\" data-end=\"2334\" \/>Le <strong data-start=\"2337\" data-end=\"2376\">connecteur d\u2019accoudoir Jungheinrich<\/strong> utilis\u00e9 sur les chariots \u00e9l\u00e9vateurs est une pi\u00e8ce durable qui connecte solidement l\u2019accoudoir de l\u2019op\u00e9rateur \u00e0 la structure du chariot. Fabriqu\u00e9 avec des mat\u00e9riaux de haute qualit\u00e9, il offre une longue dur\u00e9e de vie et un support ergonomique.<\/p>\n<p data-start=\"2620\" data-end=\"2939\"><strong data-start=\"2620\" data-end=\"2642\">Caract\u00e9ristiques :<\/strong><br data-start=\"2642\" data-end=\"2645\" \/><strong data-start=\"2645\" data-end=\"2665\">Nom du produit :<\/strong> Connecteur d\u2019accoudoir Jungheinrich<br data-start=\"2701\" data-end=\"2704\" \/><strong data-start=\"2704\" data-end=\"2719\">R\u00e9f\u00e9rence :<\/strong> 50434609, 12036539<br data-start=\"2738\" data-end=\"2741\" \/><strong data-start=\"2741\" data-end=\"2755\">Mat\u00e9riau :<\/strong> Alliage m\u00e9tallique durable<br data-start=\"2782\" data-end=\"2785\" \/><strong data-start=\"2785\" data-end=\"2809\">Zone d\u2019utilisation :<\/strong> Syst\u00e8mes d\u2019accoudoirs pour chariots Jungheinrich<br data-start=\"2858\" data-end=\"2861\" \/><strong data-start=\"2861\" data-end=\"2875\">Avantage :<\/strong> Connexion s\u00e9curis\u00e9e, longue dur\u00e9e de vie, support ergonomique<\/p>\n<p data-start=\"2941\" data-end=\"3214\">\n","protected":false},"featured_media":15013,"template":"","meta":[],"product_brand":[],"product_cat":[236,470,522],"product_tag":[],"class_list":{"0":"post-15010","1":"product","2":"type-product","3":"status-publish","4":"has-post-thumbnail","6":"product_cat-jungheinrich","7":"product_cat-diger-yedek-parcalar","8":"product_cat-yedek-parca-jungheinrich","10":"first","11":"instock","12":"taxable","13":"shipping-taxable","14":"purchasable","15":"product-type-simple"},"_links":{"self":[{"href":"https:\/\/ceoparts.com\/fr\/wp-json\/wp\/v2\/product\/15010","targetHints":{"allow":["GET"]}}],"collection":[{"href":"https:\/\/ceoparts.com\/fr\/wp-json\/wp\/v2\/product"}],"about":[{"href":"https:\/\/ceoparts.com\/fr\/wp-json\/wp\/v2\/types\/product"}],"wp:featuredmedia":[{"embeddable":true,"href":"https:\/\/ceoparts.com\/fr\/wp-json\/wp\/v2\/media\/15013"}],"wp:attachment":[{"href":"https:\/\/ceoparts.com\/fr\/wp-json\/wp\/v2\/media?parent=15010"}],"wp:term":[{"taxonomy":"product_brand","embeddable":true,"href":"https:\/\/ceoparts.com\/fr\/wp-json\/wp\/v2\/product_brand?post=15010"},{"taxonomy":"product_cat","embeddable":true,"href":"https:\/\/ceoparts.com\/fr\/wp-json\/wp\/v2\/product_cat?post=15010"},{"taxonomy":"product_tag","embeddable":true,"href":"https:\/\/ceoparts.com\/fr\/wp-json\/wp\/v2\/product_tag?post=15010"}],"curies":[{"name":"wp","href":"https:\/\/api.w.org\/{rel}","templated":true}]}}