{"id":15016,"date":"2025-02-18T19:11:32","date_gmt":"2025-02-18T16:11:32","guid":{"rendered":"https:\/\/ceoparts.com\/?post_type=product&#038;p=15016"},"modified":"2026-05-16T21:30:35","modified_gmt":"2026-05-16T18:30:35","slug":"still-tekerlek-reduktor-12553856-532326","status":"publish","type":"product","link":"https:\/\/ceoparts.com\/fr\/urun\/still-tekerlek-reduktor-12553856-532326\/","title":{"rendered":"R\u00e9ducteur de roue Still &#8211; 12553856, 532326"},"content":{"rendered":"<p>R\u00e9ducteur de roue Still &#8211; 12553856, 532326<\/p>\n<p>Forklift Parts 16024530310 AKSON for<br \/>\nLINDE<br \/>\n388 E35,40,45,50,<br \/>\n392 H20,H25,<br \/>\n393 H25,H30,H35(RH) forklift<br \/>\n388\/392\/393<\/p>","protected":false},"excerpt":{"rendered":"<article class=\"text-token-text-primary w-full\" dir=\"auto\" data-testid=\"conversation-turn-62\" data-scroll-anchor=\"true\">\n<div class=\"text-base my-auto mx-auto py-5 [--thread-content-margin:--spacing(4)] @[37rem]:[--thread-content-margin:--spacing(6)] @[72rem]:[--thread-content-margin:--spacing(16)] px-(--thread-content-margin)\">\n<div class=\"[--thread-content-max-width:32rem] @[34rem]:[--thread-content-max-width:40rem] @[64rem]:[--thread-content-max-width:48rem] mx-auto flex max-w-(--thread-content-max-width) flex-1 text-base gap-4 md:gap-5 lg:gap-6 group\/turn-messages focus-visible:outline-hidden\" tabindex=\"-1\">\n<div class=\"group\/conversation-turn relative flex w-full min-w-0 flex-col agent-turn\">\n<div class=\"relative flex-col gap-1 md:gap-3\">\n<div class=\"flex max-w-full flex-col grow\">\n<div class=\"min-h-8 text-message relative flex w-full flex-col items-end gap-2 text-start break-words whitespace-normal [.text-message+&amp;]:mt-5\" dir=\"auto\" data-message-author-role=\"assistant\" data-message-id=\"0b713b69-28d4-49d0-991d-f4f40be43932\" data-message-model-slug=\"gpt-4-1-mini\">\n<div class=\"flex w-full flex-col gap-1 empty:hidden first:pt-[3px]\">\n<div class=\"markdown prose dark:prose-invert w-full break-words light\">\n<p data-start=\"0\" data-end=\"289\"><br data-start=\"2332\" data-end=\"2335\" \/>Le <strong data-start=\"2338\" data-end=\"2365\">r\u00e9ducteur de roue Still<\/strong> utilis\u00e9 sur les chariots \u00e9l\u00e9vateurs est un r\u00e9ducteur durable et performant qui renforce le mouvement des roues et assure la transmission du couple. Fabriqu\u00e9 avec des mat\u00e9riaux de haute qualit\u00e9, il offre une longue dur\u00e9e de vie et est adapt\u00e9 aux conditions de travail difficiles.<\/p>\n<p data-start=\"2646\" data-end=\"2963\"><strong data-start=\"2646\" data-end=\"2668\">Caract\u00e9ristiques :<\/strong><br data-start=\"2668\" data-end=\"2671\" \/><strong data-start=\"2671\" data-end=\"2691\">Nom du produit :<\/strong> R\u00e9ducteur de roue Still<br data-start=\"2715\" data-end=\"2718\" \/><strong data-start=\"2718\" data-end=\"2733\">R\u00e9f\u00e9rence :<\/strong> 12553856, 532326<br data-start=\"2750\" data-end=\"2753\" \/><strong data-start=\"2753\" data-end=\"2767\">Mat\u00e9riau :<\/strong> Alliage m\u00e9tallique haute r\u00e9sistance<br data-start=\"2803\" data-end=\"2806\" \/><strong data-start=\"2806\" data-end=\"2830\">Zone d\u2019utilisation :<\/strong> Syst\u00e8mes de roues pour chariots Still<br data-start=\"2868\" data-end=\"2871\" \/><strong data-start=\"2871\" data-end=\"2885\">Avantage :<\/strong> Transmission de couple puissante, construction durable, longue dur\u00e9e de vie<\/p>\n<p data-start=\"2965\" data-end=\"3275\">\n","protected":false},"featured_media":15020,"template":"","meta":[],"product_brand":[],"product_cat":[470,241,246,523,524],"product_tag":[512,513,514],"class_list":{"0":"post-15016","1":"product","2":"type-product","3":"status-publish","4":"has-post-thumbnail","6":"product_cat-diger-yedek-parcalar","7":"product_cat-still","8":"product_cat-linde","9":"product_cat-yedek-parca-linde","10":"product_cat-yedek-parca-still","11":"product_tag-still-tekerlek-reduktoru","12":"product_tag-513","13":"product_tag-514","15":"first","16":"instock","17":"taxable","18":"shipping-taxable","19":"purchasable","20":"product-type-simple"},"_links":{"self":[{"href":"https:\/\/ceoparts.com\/fr\/wp-json\/wp\/v2\/product\/15016","targetHints":{"allow":["GET"]}}],"collection":[{"href":"https:\/\/ceoparts.com\/fr\/wp-json\/wp\/v2\/product"}],"about":[{"href":"https:\/\/ceoparts.com\/fr\/wp-json\/wp\/v2\/types\/product"}],"wp:featuredmedia":[{"embeddable":true,"href":"https:\/\/ceoparts.com\/fr\/wp-json\/wp\/v2\/media\/15020"}],"wp:attachment":[{"href":"https:\/\/ceoparts.com\/fr\/wp-json\/wp\/v2\/media?parent=15016"}],"wp:term":[{"taxonomy":"product_brand","embeddable":true,"href":"https:\/\/ceoparts.com\/fr\/wp-json\/wp\/v2\/product_brand?post=15016"},{"taxonomy":"product_cat","embeddable":true,"href":"https:\/\/ceoparts.com\/fr\/wp-json\/wp\/v2\/product_cat?post=15016"},{"taxonomy":"product_tag","embeddable":true,"href":"https:\/\/ceoparts.com\/fr\/wp-json\/wp\/v2\/product_tag?post=15016"}],"curies":[{"name":"wp","href":"https:\/\/api.w.org\/{rel}","templated":true}]}}