{"id":15021,"date":"2025-02-18T19:14:45","date_gmt":"2025-02-18T16:14:45","guid":{"rendered":"https:\/\/ceoparts.com\/?post_type=product&#038;p=15021"},"modified":"2026-05-16T22:38:58","modified_gmt":"2026-05-16T19:38:58","slug":"linde-yuruyus-reduktoru-0039811001","status":"publish","type":"product","link":"https:\/\/ceoparts.com\/fr\/urun\/linde-yuruyus-reduktoru-0039811001\/","title":{"rendered":"R\u00e9ducteur de marche Linde &#8211; 0039811001"},"content":{"rendered":"<p>R\u00e9ducteur de marche Linde &#8211; 0039811001<\/p>","protected":false},"excerpt":{"rendered":"<p data-start=\"0\" data-end=\"286\"><br data-start=\"2294\" data-end=\"2297\" \/>Le <strong data-start=\"2300\" data-end=\"2334\">r\u00e9ducteur de d\u00e9placement Linde<\/strong> utilis\u00e9 sur les chariots \u00e9l\u00e9vateurs est un r\u00e9ducteur durable et performant qui assure la transmission de puissance dans le m\u00e9canisme de d\u00e9placement du chariot. Fabriqu\u00e9 avec des mat\u00e9riaux de haute qualit\u00e9, il am\u00e9liore l\u2019efficacit\u00e9 des d\u00e9placements et offre une longue dur\u00e9e de vie.<\/p>\n<p data-start=\"2618\" data-end=\"2941\"><strong data-start=\"2618\" data-end=\"2640\">Caract\u00e9ristiques :<\/strong><br data-start=\"2640\" data-end=\"2643\" \/><strong data-start=\"2643\" data-end=\"2663\">Nom du produit :<\/strong> R\u00e9ducteur de d\u00e9placement Linde<br data-start=\"2694\" data-end=\"2697\" \/><strong data-start=\"2697\" data-end=\"2712\">R\u00e9f\u00e9rence :<\/strong> 0039811001<br data-start=\"2723\" data-end=\"2726\" \/><strong data-start=\"2726\" data-end=\"2740\">Mat\u00e9riau :<\/strong> Alliage m\u00e9tallique haute r\u00e9sistance<br data-start=\"2776\" data-end=\"2779\" \/><strong data-start=\"2779\" data-end=\"2803\">Zone d\u2019utilisation :<\/strong> Syst\u00e8mes de d\u00e9placement des chariots Linde<br data-start=\"2846\" data-end=\"2849\" \/><strong data-start=\"2849\" data-end=\"2863\">Avantage :<\/strong> Transmission de couple puissante, construction durable, longue dur\u00e9e de vie<\/p>\n<p data-start=\"2943\" data-end=\"3266\">\n","protected":false},"featured_media":17088,"template":"","meta":[],"product_brand":[],"product_cat":[246,470,523],"product_tag":[],"class_list":{"0":"post-15021","1":"product","2":"type-product","3":"status-publish","4":"has-post-thumbnail","6":"product_cat-linde","7":"product_cat-diger-yedek-parcalar","8":"product_cat-yedek-parca-linde","10":"first","11":"instock","12":"taxable","13":"shipping-taxable","14":"purchasable","15":"product-type-simple"},"_links":{"self":[{"href":"https:\/\/ceoparts.com\/fr\/wp-json\/wp\/v2\/product\/15021","targetHints":{"allow":["GET"]}}],"collection":[{"href":"https:\/\/ceoparts.com\/fr\/wp-json\/wp\/v2\/product"}],"about":[{"href":"https:\/\/ceoparts.com\/fr\/wp-json\/wp\/v2\/types\/product"}],"wp:featuredmedia":[{"embeddable":true,"href":"https:\/\/ceoparts.com\/fr\/wp-json\/wp\/v2\/media\/17088"}],"wp:attachment":[{"href":"https:\/\/ceoparts.com\/fr\/wp-json\/wp\/v2\/media?parent=15021"}],"wp:term":[{"taxonomy":"product_brand","embeddable":true,"href":"https:\/\/ceoparts.com\/fr\/wp-json\/wp\/v2\/product_brand?post=15021"},{"taxonomy":"product_cat","embeddable":true,"href":"https:\/\/ceoparts.com\/fr\/wp-json\/wp\/v2\/product_cat?post=15021"},{"taxonomy":"product_tag","embeddable":true,"href":"https:\/\/ceoparts.com\/fr\/wp-json\/wp\/v2\/product_tag?post=15021"}],"curies":[{"name":"wp","href":"https:\/\/api.w.org\/{rel}","templated":true}]}}