{"id":15028,"date":"2025-02-18T19:17:29","date_gmt":"2025-02-18T16:17:29","guid":{"rendered":"https:\/\/ceoparts.com\/?post_type=product&#038;p=15028"},"modified":"2026-05-16T21:40:21","modified_gmt":"2026-05-16T18:40:21","slug":"bt-master-cyl-clutch-cyl-0064576ce","status":"publish","type":"product","link":"https:\/\/ceoparts.com\/fr\/urun\/bt-master-cyl-clutch-cyl-0064576ce\/","title":{"rendered":"BT Master Cyl. Clutch Cyl. &#8211; 0064576CE"},"content":{"rendered":"<p>BT Master Cyl. Clutch Cyl. &#8211; 0064576CE<\/p>\n","protected":false},"excerpt":{"rendered":"<p data-start=\"0\" data-end=\"297\"><br data-start=\"2318\" data-end=\"2321\" \/>Le <strong data-start=\"2324\" data-end=\"2354\">BT Master Cyl. Clutch Cyl.<\/strong> utilis\u00e9 sur les chariots \u00e9l\u00e9vateurs est une pi\u00e8ce de haute qualit\u00e9 et durable fonctionnant comme cylindre ma\u00eetre dans le syst\u00e8me d\u2019embrayage. Il assure un fonctionnement correct et s\u00fbr de l\u2019embrayage, am\u00e9liorant la performance du chariot et r\u00e9duisant l\u2019usure m\u00e9canique.<\/p>\n<p data-start=\"2626\" data-end=\"2929\"><strong data-start=\"2626\" data-end=\"2648\">Caract\u00e9ristiques :<\/strong><br data-start=\"2648\" data-end=\"2651\" \/><strong data-start=\"2651\" data-end=\"2671\">Nom du produit :<\/strong> BT Master Cyl. Clutch Cyl.<br data-start=\"2698\" data-end=\"2701\" \/><strong data-start=\"2701\" data-end=\"2716\">R\u00e9f\u00e9rence :<\/strong> 0064576CE<br data-start=\"2726\" data-end=\"2729\" \/><strong data-start=\"2729\" data-end=\"2743\">Mat\u00e9riau :<\/strong> Alliage m\u00e9tallique durable<br data-start=\"2770\" data-end=\"2773\" \/><strong data-start=\"2773\" data-end=\"2797\">Zone d\u2019utilisation :<\/strong> Syst\u00e8mes d\u2019embrayage pour chariots \u00e9l\u00e9vateurs<br data-start=\"2843\" data-end=\"2846\" \/><strong data-start=\"2846\" data-end=\"2860\">Avantage :<\/strong> Contr\u00f4le s\u00fbr de l\u2019embrayage, haute durabilit\u00e9, longue dur\u00e9e de vie<\/p>\n<p data-start=\"2931\" data-end=\"3232\">\n","protected":false},"featured_media":15030,"template":"","meta":[],"product_brand":[],"product_cat":[246,251,470,518,523],"product_tag":[],"class_list":{"0":"post-15028","1":"product","2":"type-product","3":"status-publish","4":"has-post-thumbnail","6":"product_cat-linde","7":"product_cat-bt","8":"product_cat-diger-yedek-parcalar","9":"product_cat-yedek-parca-bt","10":"product_cat-yedek-parca-linde","12":"first","13":"instock","14":"taxable","15":"shipping-taxable","16":"purchasable","17":"product-type-simple"},"_links":{"self":[{"href":"https:\/\/ceoparts.com\/fr\/wp-json\/wp\/v2\/product\/15028","targetHints":{"allow":["GET"]}}],"collection":[{"href":"https:\/\/ceoparts.com\/fr\/wp-json\/wp\/v2\/product"}],"about":[{"href":"https:\/\/ceoparts.com\/fr\/wp-json\/wp\/v2\/types\/product"}],"wp:featuredmedia":[{"embeddable":true,"href":"https:\/\/ceoparts.com\/fr\/wp-json\/wp\/v2\/media\/15030"}],"wp:attachment":[{"href":"https:\/\/ceoparts.com\/fr\/wp-json\/wp\/v2\/media?parent=15028"}],"wp:term":[{"taxonomy":"product_brand","embeddable":true,"href":"https:\/\/ceoparts.com\/fr\/wp-json\/wp\/v2\/product_brand?post=15028"},{"taxonomy":"product_cat","embeddable":true,"href":"https:\/\/ceoparts.com\/fr\/wp-json\/wp\/v2\/product_cat?post=15028"},{"taxonomy":"product_tag","embeddable":true,"href":"https:\/\/ceoparts.com\/fr\/wp-json\/wp\/v2\/product_tag?post=15028"}],"curies":[{"name":"wp","href":"https:\/\/api.w.org\/{rel}","templated":true}]}}