{"id":15035,"date":"2025-02-18T19:27:49","date_gmt":"2025-02-18T16:27:49","guid":{"rendered":"https:\/\/ceoparts.com\/?post_type=product&#038;p=15035"},"modified":"2026-05-16T21:01:59","modified_gmt":"2026-05-16T18:01:59","slug":"jungheinrich-hidrolik-hortum-50435178","status":"publish","type":"product","link":"https:\/\/ceoparts.com\/fr\/urun\/jungheinrich-hidrolik-hortum-50435178\/","title":{"rendered":"Durite hydraulique Jungheinrich &#8211; 50435178"},"content":{"rendered":"<p>Durite hydraulique Jungheinrich &#8211; 50435178<\/p>","protected":false},"excerpt":{"rendered":"<p data-start=\"0\" data-end=\"292\"><br data-start=\"2362\" data-end=\"2365\" \/>Le <strong data-start=\"2368\" data-end=\"2402\">tuyau hydraulique Jungheinrich<\/strong> utilis\u00e9 sur les chariots \u00e9l\u00e9vateurs est un tuyau durable et flexible con\u00e7u pour transporter en toute s\u00e9curit\u00e9 et sans fuite des fluides hydrauliques sous haute pression. Fabriqu\u00e9 avec des mat\u00e9riaux de haute qualit\u00e9, il est durable et adapt\u00e9 aux conditions de travail difficiles.<\/p>\n<p data-start=\"2683\" data-end=\"2996\"><strong data-start=\"2683\" data-end=\"2705\">Caract\u00e9ristiques :<\/strong><br data-start=\"2705\" data-end=\"2708\" \/><strong data-start=\"2708\" data-end=\"2728\">Nom du produit :<\/strong> Tuyau hydraulique Jungheinrich<br data-start=\"2759\" data-end=\"2762\" \/><strong data-start=\"2762\" data-end=\"2777\">R\u00e9f\u00e9rence :<\/strong> 50435178<br data-start=\"2786\" data-end=\"2789\" \/><strong data-start=\"2789\" data-end=\"2803\">Mat\u00e9riau :<\/strong> Caoutchouc r\u00e9sistant \u00e0 haute pression avec renfort m\u00e9tallique<br data-start=\"2865\" data-end=\"2868\" \/><strong data-start=\"2868\" data-end=\"2892\">Zone d\u2019utilisation :<\/strong> Syst\u00e8mes hydrauliques pour chariots Jungheinrich<br data-start=\"2941\" data-end=\"2944\" \/><strong data-start=\"2944\" data-end=\"2958\">Avantage :<\/strong> \u00c9tanch\u00e9it\u00e9, durabilit\u00e9, flexibilit\u00e9<\/p>\n<p data-start=\"2998\" data-end=\"3298\">\n","protected":false},"featured_media":15037,"template":"","meta":[],"product_brand":[],"product_cat":[236,461,522],"product_tag":[],"class_list":{"0":"post-15035","1":"product","2":"type-product","3":"status-publish","4":"has-post-thumbnail","6":"product_cat-jungheinrich","7":"product_cat-hidrolik-sistemi","8":"product_cat-yedek-parca-jungheinrich","10":"first","11":"instock","12":"taxable","13":"shipping-taxable","14":"purchasable","15":"product-type-simple"},"_links":{"self":[{"href":"https:\/\/ceoparts.com\/fr\/wp-json\/wp\/v2\/product\/15035","targetHints":{"allow":["GET"]}}],"collection":[{"href":"https:\/\/ceoparts.com\/fr\/wp-json\/wp\/v2\/product"}],"about":[{"href":"https:\/\/ceoparts.com\/fr\/wp-json\/wp\/v2\/types\/product"}],"wp:featuredmedia":[{"embeddable":true,"href":"https:\/\/ceoparts.com\/fr\/wp-json\/wp\/v2\/media\/15037"}],"wp:attachment":[{"href":"https:\/\/ceoparts.com\/fr\/wp-json\/wp\/v2\/media?parent=15035"}],"wp:term":[{"taxonomy":"product_brand","embeddable":true,"href":"https:\/\/ceoparts.com\/fr\/wp-json\/wp\/v2\/product_brand?post=15035"},{"taxonomy":"product_cat","embeddable":true,"href":"https:\/\/ceoparts.com\/fr\/wp-json\/wp\/v2\/product_cat?post=15035"},{"taxonomy":"product_tag","embeddable":true,"href":"https:\/\/ceoparts.com\/fr\/wp-json\/wp\/v2\/product_tag?post=15035"}],"curies":[{"name":"wp","href":"https:\/\/api.w.org\/{rel}","templated":true}]}}