{"id":15040,"date":"2025-02-18T19:30:18","date_gmt":"2025-02-18T16:30:18","guid":{"rendered":"https:\/\/ceoparts.com\/?post_type=product&#038;p=15040"},"modified":"2026-05-16T19:47:51","modified_gmt":"2026-05-16T16:47:51","slug":"yaglama-spreyi","status":"publish","type":"product","link":"https:\/\/ceoparts.com\/fr\/urun\/yaglama-spreyi\/","title":{"rendered":"Spray lubrifiant"},"content":{"rendered":"<p>Spray lubrifiant<\/p>","protected":false},"excerpt":{"rendered":"<p data-start=\"0\" data-end=\"310\"><br data-start=\"2318\" data-end=\"2321\" \/>Le <strong data-start=\"2324\" data-end=\"2350\">spray de lubrification<\/strong> utilis\u00e9 dans les chariots \u00e9l\u00e9vateurs et les machines lourdes est un produit d&#8217;entretien de haute qualit\u00e9 con\u00e7u pour r\u00e9duire la friction des pi\u00e8ces mobiles, pr\u00e9venir la rouille et assurer une dur\u00e9e de vie m\u00e9canique prolong\u00e9e. Sa forme spray facile \u00e0 appliquer offre une utilisation pratique.<\/p>\n<p data-start=\"2643\" data-end=\"2965\"><strong data-start=\"2643\" data-end=\"2665\">Caract\u00e9ristiques :<\/strong><br data-start=\"2665\" data-end=\"2668\" \/><strong data-start=\"2668\" data-end=\"2688\">Nom du produit :<\/strong> Spray de lubrification<br data-start=\"2711\" data-end=\"2714\" \/><strong data-start=\"2714\" data-end=\"2729\">R\u00e9f\u00e9rence :<\/strong> &#8211;<br data-start=\"2731\" data-end=\"2734\" \/><strong data-start=\"2734\" data-end=\"2748\">Mat\u00e9riau :<\/strong> Formule sp\u00e9ciale \u00e0 base d\u2019huile<br data-start=\"2780\" data-end=\"2783\" \/><strong data-start=\"2783\" data-end=\"2807\">Zone d\u2019utilisation :<\/strong> Entretien des pi\u00e8ces mobiles des chariots \u00e9l\u00e9vateurs et machines lourdes<br data-start=\"2880\" data-end=\"2883\" \/><strong data-start=\"2883\" data-end=\"2897\">Avantage :<\/strong> R\u00e9duit la friction, pr\u00e9vient la rouille, prolonge la dur\u00e9e de vie<\/p>\n<p data-start=\"2967\" data-end=\"3284\">\n","protected":false},"featured_media":15042,"template":"","meta":[],"product_brand":[],"product_cat":[470],"product_tag":[],"class_list":{"0":"post-15040","1":"product","2":"type-product","3":"status-publish","4":"has-post-thumbnail","6":"product_cat-diger-yedek-parcalar","8":"first","9":"instock","10":"taxable","11":"shipping-taxable","12":"purchasable","13":"product-type-simple"},"_links":{"self":[{"href":"https:\/\/ceoparts.com\/fr\/wp-json\/wp\/v2\/product\/15040","targetHints":{"allow":["GET"]}}],"collection":[{"href":"https:\/\/ceoparts.com\/fr\/wp-json\/wp\/v2\/product"}],"about":[{"href":"https:\/\/ceoparts.com\/fr\/wp-json\/wp\/v2\/types\/product"}],"wp:featuredmedia":[{"embeddable":true,"href":"https:\/\/ceoparts.com\/fr\/wp-json\/wp\/v2\/media\/15042"}],"wp:attachment":[{"href":"https:\/\/ceoparts.com\/fr\/wp-json\/wp\/v2\/media?parent=15040"}],"wp:term":[{"taxonomy":"product_brand","embeddable":true,"href":"https:\/\/ceoparts.com\/fr\/wp-json\/wp\/v2\/product_brand?post=15040"},{"taxonomy":"product_cat","embeddable":true,"href":"https:\/\/ceoparts.com\/fr\/wp-json\/wp\/v2\/product_cat?post=15040"},{"taxonomy":"product_tag","embeddable":true,"href":"https:\/\/ceoparts.com\/fr\/wp-json\/wp\/v2\/product_tag?post=15040"}],"curies":[{"name":"wp","href":"https:\/\/api.w.org\/{rel}","templated":true}]}}