{"id":15049,"date":"2025-02-18T19:41:54","date_gmt":"2025-02-18T16:41:54","guid":{"rendered":"https:\/\/ceoparts.com\/?post_type=product&#038;p=15049"},"modified":"2026-05-16T19:46:01","modified_gmt":"2026-05-16T16:46:01","slug":"kabin-kapi-kilidi-sag-04386521","status":"publish","type":"product","link":"https:\/\/ceoparts.com\/fr\/urun\/kabin-kapi-kilidi-sag-04386521\/","title":{"rendered":"Serrure de porte de cabine droite &#8211; 04386521"},"content":{"rendered":"<p>Serrure de porte de cabine droite &#8211; 04386521<\/p>\n<p>E198810030039,<br \/>\nE281.505.210.017,<br \/>\nE281505210017,<br \/>\n131441LH,<br \/>\n04386521<br \/>\n45217500,<br \/>\nV45217500,<br \/>\nDL.501.001,<br \/>\n63DL501001<\/p>","protected":false},"excerpt":{"rendered":"<p data-start=\"0\" data-end=\"282\"><br data-start=\"2186\" data-end=\"2189\" \/>Le <strong data-start=\"2192\" data-end=\"2227\">verrou de porte de cabine droit<\/strong> utilis\u00e9 sur les chariots \u00e9l\u00e9vateurs est un m\u00e9canisme de verrouillage durable qui assure la fermeture et l\u2019ouverture s\u00e9curis\u00e9es de la porte de la cabine. Fabriqu\u00e9 avec des mat\u00e9riaux de haute qualit\u00e9, il est durable et r\u00e9sistant aux conditions de travail difficiles.<\/p>\n<p data-start=\"2494\" data-end=\"2807\"><strong data-start=\"2494\" data-end=\"2516\">Caract\u00e9ristiques :<\/strong><br data-start=\"2516\" data-end=\"2519\" \/><strong data-start=\"2519\" data-end=\"2539\">Nom du produit :<\/strong> Verrou de porte de cabine droit<br data-start=\"2571\" data-end=\"2574\" \/><strong data-start=\"2574\" data-end=\"2589\">R\u00e9f\u00e9rence :<\/strong> 04386521<br data-start=\"2598\" data-end=\"2601\" \/><strong data-start=\"2601\" data-end=\"2615\">Mat\u00e9riau :<\/strong> Alliage m\u00e9tallique durable<br data-start=\"2642\" data-end=\"2645\" \/><strong data-start=\"2645\" data-end=\"2669\">Zone d\u2019utilisation :<\/strong> Syst\u00e8mes de portes de cabine pour chariots \u00e9l\u00e9vateurs<br data-start=\"2723\" data-end=\"2726\" \/><strong data-start=\"2726\" data-end=\"2740\">Avantage :<\/strong> Verrouillage s\u00e9curis\u00e9, longue dur\u00e9e de vie, construction robuste<\/p>\n<p data-start=\"2809\" data-end=\"3104\">\n","protected":false},"featured_media":15053,"template":"","meta":[],"product_brand":[],"product_cat":[470],"product_tag":[],"class_list":{"0":"post-15049","1":"product","2":"type-product","3":"status-publish","4":"has-post-thumbnail","6":"product_cat-diger-yedek-parcalar","8":"first","9":"instock","10":"taxable","11":"shipping-taxable","12":"purchasable","13":"product-type-simple"},"_links":{"self":[{"href":"https:\/\/ceoparts.com\/fr\/wp-json\/wp\/v2\/product\/15049","targetHints":{"allow":["GET"]}}],"collection":[{"href":"https:\/\/ceoparts.com\/fr\/wp-json\/wp\/v2\/product"}],"about":[{"href":"https:\/\/ceoparts.com\/fr\/wp-json\/wp\/v2\/types\/product"}],"wp:featuredmedia":[{"embeddable":true,"href":"https:\/\/ceoparts.com\/fr\/wp-json\/wp\/v2\/media\/15053"}],"wp:attachment":[{"href":"https:\/\/ceoparts.com\/fr\/wp-json\/wp\/v2\/media?parent=15049"}],"wp:term":[{"taxonomy":"product_brand","embeddable":true,"href":"https:\/\/ceoparts.com\/fr\/wp-json\/wp\/v2\/product_brand?post=15049"},{"taxonomy":"product_cat","embeddable":true,"href":"https:\/\/ceoparts.com\/fr\/wp-json\/wp\/v2\/product_cat?post=15049"},{"taxonomy":"product_tag","embeddable":true,"href":"https:\/\/ceoparts.com\/fr\/wp-json\/wp\/v2\/product_tag?post=15049"}],"curies":[{"name":"wp","href":"https:\/\/api.w.org\/{rel}","templated":true}]}}