{"id":15054,"date":"2025-02-18T19:47:17","date_gmt":"2025-02-18T16:47:17","guid":{"rendered":"https:\/\/ceoparts.com\/?post_type=product&#038;p=15054"},"modified":"2026-05-16T14:07:45","modified_gmt":"2026-05-16T11:07:45","slug":"jungheinrich-ere120-kol-pedi-sol-51437758","status":"publish","type":"product","link":"https:\/\/ceoparts.com\/fr\/urun\/jungheinrich-ere120-kol-pedi-sol-51437758\/","title":{"rendered":"Coussin de bras Jungheinrich ERE120 Gauche &#8211; 51437758"},"content":{"rendered":"<p>Coussin de bras Jungheinrich ERE120 Gauche &#8211; 51437758<\/p>","protected":false},"excerpt":{"rendered":"<p data-start=\"0\" data-end=\"296\"><br data-start=\"2526\" data-end=\"2529\" \/>Le <strong data-start=\"2532\" data-end=\"2582\">coussin d&#8217;accoudoir gauche Jungheinrich ERE120<\/strong> utilis\u00e9 sur les chariots \u00e9l\u00e9vateurs est une pi\u00e8ce ergonomique et durable con\u00e7ue pour soutenir le bras gauche de l\u2019op\u00e9rateur. Fabriqu\u00e9 avec des mat\u00e9riaux de haute qualit\u00e9, il am\u00e9liore le confort et offre une longue dur\u00e9e de vie. Il sert d\u2019accoudoir gauche lors de l\u2019utilisation du chariot.<\/p>\n<p data-start=\"2873\" data-end=\"3212\"><strong data-start=\"2873\" data-end=\"2895\">Caract\u00e9ristiques :<\/strong><br data-start=\"2895\" data-end=\"2898\" \/><strong data-start=\"2898\" data-end=\"2918\">Nom du produit :<\/strong> Coussin d&#8217;accoudoir gauche Jungheinrich ERE120<br data-start=\"2965\" data-end=\"2968\" \/><strong data-start=\"2968\" data-end=\"2983\">R\u00e9f\u00e9rence :<\/strong> 51437758<br data-start=\"2992\" data-end=\"2995\" \/><strong data-start=\"2995\" data-end=\"3009\">Mat\u00e9riau :<\/strong> Plastique durable et mousse<br data-start=\"3037\" data-end=\"3040\" \/><strong data-start=\"3040\" data-end=\"3064\">Zone d\u2019utilisation :<\/strong> Syst\u00e8mes de support de bras pour op\u00e9rateur Jungheinrich ERE120<br data-start=\"3127\" data-end=\"3130\" \/><strong data-start=\"3130\" data-end=\"3144\">Avantage :<\/strong> Design ergonomique, am\u00e9lioration du confort, construction durable<\/p>\n<p data-start=\"3214\" data-end=\"3575\">\n","protected":false},"featured_media":15061,"template":"","meta":[],"product_brand":[],"product_cat":[236,470,522],"product_tag":[],"class_list":{"0":"post-15054","1":"product","2":"type-product","3":"status-publish","4":"has-post-thumbnail","6":"product_cat-jungheinrich","7":"product_cat-diger-yedek-parcalar","8":"product_cat-yedek-parca-jungheinrich","10":"first","11":"instock","12":"taxable","13":"shipping-taxable","14":"purchasable","15":"product-type-simple"},"_links":{"self":[{"href":"https:\/\/ceoparts.com\/fr\/wp-json\/wp\/v2\/product\/15054","targetHints":{"allow":["GET"]}}],"collection":[{"href":"https:\/\/ceoparts.com\/fr\/wp-json\/wp\/v2\/product"}],"about":[{"href":"https:\/\/ceoparts.com\/fr\/wp-json\/wp\/v2\/types\/product"}],"wp:featuredmedia":[{"embeddable":true,"href":"https:\/\/ceoparts.com\/fr\/wp-json\/wp\/v2\/media\/15061"}],"wp:attachment":[{"href":"https:\/\/ceoparts.com\/fr\/wp-json\/wp\/v2\/media?parent=15054"}],"wp:term":[{"taxonomy":"product_brand","embeddable":true,"href":"https:\/\/ceoparts.com\/fr\/wp-json\/wp\/v2\/product_brand?post=15054"},{"taxonomy":"product_cat","embeddable":true,"href":"https:\/\/ceoparts.com\/fr\/wp-json\/wp\/v2\/product_cat?post=15054"},{"taxonomy":"product_tag","embeddable":true,"href":"https:\/\/ceoparts.com\/fr\/wp-json\/wp\/v2\/product_tag?post=15054"}],"curies":[{"name":"wp","href":"https:\/\/api.w.org\/{rel}","templated":true}]}}