{"id":15060,"date":"2025-02-18T19:57:35","date_gmt":"2025-02-18T16:57:35","guid":{"rendered":"https:\/\/ceoparts.com\/?post_type=product&#038;p=15060"},"modified":"2026-05-16T14:07:14","modified_gmt":"2026-05-16T11:07:14","slug":"jungheinrich-ere120-kol-pedi-sag-51437760","status":"publish","type":"product","link":"https:\/\/ceoparts.com\/fr\/urun\/jungheinrich-ere120-kol-pedi-sag-51437760\/","title":{"rendered":"Coussin de bras Jungheinrich ERE120 Droit &#8211; 51437760"},"content":{"rendered":"<p>Coussin de bras Jungheinrich ERE120 Droit &#8211; 51437760<\/p>","protected":false},"excerpt":{"rendered":"<p data-start=\"0\" data-end=\"292\"><br data-start=\"2505\" data-end=\"2508\" \/>Le <strong data-start=\"2511\" data-end=\"2560\">coussin d&#8217;accoudoir droit Jungheinrich ERE120<\/strong> utilis\u00e9 sur les chariots \u00e9l\u00e9vateurs est une pi\u00e8ce ergonomique et durable con\u00e7ue pour soutenir le bras de l\u2019op\u00e9rateur. Fabriqu\u00e9 avec des mat\u00e9riaux de haute qualit\u00e9, il am\u00e9liore le confort et offre une longue dur\u00e9e de vie. Il sert d\u2019accoudoir droit lors de l\u2019utilisation du chariot.<\/p>\n<p data-start=\"2843\" data-end=\"3181\"><strong data-start=\"2843\" data-end=\"2865\">Caract\u00e9ristiques :<\/strong><br data-start=\"2865\" data-end=\"2868\" \/><strong data-start=\"2868\" data-end=\"2888\">Nom du produit :<\/strong> Coussin d&#8217;accoudoir droit Jungheinrich ERE120<br data-start=\"2934\" data-end=\"2937\" \/><strong data-start=\"2937\" data-end=\"2952\">R\u00e9f\u00e9rence :<\/strong> 51437760<br data-start=\"2961\" data-end=\"2964\" \/><strong data-start=\"2964\" data-end=\"2978\">Mat\u00e9riau :<\/strong> Plastique durable et mousse<br data-start=\"3006\" data-end=\"3009\" \/><strong data-start=\"3009\" data-end=\"3033\">Zone d\u2019utilisation :<\/strong> Syst\u00e8mes de support de bras pour op\u00e9rateur Jungheinrich ERE120<br data-start=\"3096\" data-end=\"3099\" \/><strong data-start=\"3099\" data-end=\"3113\">Avantage :<\/strong> Design ergonomique, am\u00e9lioration du confort, construction durable<\/p>\n<p data-start=\"3183\" data-end=\"3531\">\n","protected":false},"featured_media":15062,"template":"","meta":[],"product_brand":[],"product_cat":[236,470,522],"product_tag":[],"class_list":{"0":"post-15060","1":"product","2":"type-product","3":"status-publish","4":"has-post-thumbnail","6":"product_cat-jungheinrich","7":"product_cat-diger-yedek-parcalar","8":"product_cat-yedek-parca-jungheinrich","10":"first","11":"instock","12":"taxable","13":"shipping-taxable","14":"purchasable","15":"product-type-simple"},"_links":{"self":[{"href":"https:\/\/ceoparts.com\/fr\/wp-json\/wp\/v2\/product\/15060","targetHints":{"allow":["GET"]}}],"collection":[{"href":"https:\/\/ceoparts.com\/fr\/wp-json\/wp\/v2\/product"}],"about":[{"href":"https:\/\/ceoparts.com\/fr\/wp-json\/wp\/v2\/types\/product"}],"wp:featuredmedia":[{"embeddable":true,"href":"https:\/\/ceoparts.com\/fr\/wp-json\/wp\/v2\/media\/15062"}],"wp:attachment":[{"href":"https:\/\/ceoparts.com\/fr\/wp-json\/wp\/v2\/media?parent=15060"}],"wp:term":[{"taxonomy":"product_brand","embeddable":true,"href":"https:\/\/ceoparts.com\/fr\/wp-json\/wp\/v2\/product_brand?post=15060"},{"taxonomy":"product_cat","embeddable":true,"href":"https:\/\/ceoparts.com\/fr\/wp-json\/wp\/v2\/product_cat?post=15060"},{"taxonomy":"product_tag","embeddable":true,"href":"https:\/\/ceoparts.com\/fr\/wp-json\/wp\/v2\/product_tag?post=15060"}],"curies":[{"name":"wp","href":"https:\/\/api.w.org\/{rel}","templated":true}]}}